{"id":12625,"date":"2025-06-29T14:33:28","date_gmt":"2025-06-29T12:33:28","guid":{"rendered":"https:\/\/uj.adatbank.ro\/lexikon\/termek\/kornis-ferenc-goncruszkai-br\/"},"modified":"2025-06-29T14:33:28","modified_gmt":"2025-06-29T12:33:28","slug":"kornis-ferenc-goncruszkai-br","status":"publish","type":"product","link":"https:\/\/uj.adatbank.ro\/lexikon\/termek\/kornis-ferenc-goncruszkai-br\/","title":{"rendered":"KORNIS Ferenc, g\u00f6ncruszkai br."},"content":{"rendered":"<p>Szentbenedek, 1607., \u2020 B\u00e9cs, 1661. jan k\u00f6zepe, temetve a b\u00e9csi Francisk\u00e1nusok temploma: f\u0151isp\u00e1n, fejedelmi tan\u00e1csos. \u2013 K. Boldizs\u00e1r (1581\u20131610) \u00e9s Kereszt\u00fari Kata fia. Feles\u00e9ge gyekei Wessel\u00e9nyi Kata (\u2020 1658) (esk. 1633). Gyermekei: Kata (1639\u201396), G\u00e1sp\u00e1r (1641\u201383)- marossz\u00e9ki f\u0151kapit\u00e1ny, Anna, Krisztina. Liber b\u00e1r\u00f3 (1636\u2013), a szentbenedeki kast\u00e9ly tulajdonosa. Kolozs vm. f\u0151isp\u00e1nja (1636\u201360), fejedelmi tan\u00e1csos (1658). \u00d6nk\u00e9nt lemondott a radn\u00f3ti v\u00e1rkast\u00e9ly tulajdonjog\u00e1r\u00f3l p\u00e9nzv\u00e1lts\u00e1g fej\u00e9ben (1649) II. R\u00e1k\u00f3czi Gy\u00f6rgy jav\u00e1ra. Katolikus vall\u00e1sa miatt I. R\u00e1k\u00f3czi Gy\u00f6rgy idej\u00e9n gyan\u00fas\u00edt\u00e1soknak volt kit\u00e9ve. Beleegyez\u00e9s\u00e9t adta a jezsuita rend elt\u00f6rl\u00e9s\u00e9hez (1653). R\u00e9szt vett a II. R\u00e1k\u00f3czi Gy\u00f6rgy lengyel hadj\u00e1rat\u00e1ban \u00e9s krimi tat\u00e1r fogs\u00e1gba esett Kem\u00e9ny J\u00e1nossal egy\u00fctt (1657\u201359), csak v\u00e1lts\u00e1gd\u00edj ellen\u00e9ben szabadult. Hazat\u00e9r\u00e9se ut\u00e1n szent fogadalomb\u00f3l It\u00e1li\u00e1ba ment \u00e9s visszaj\u00f6vet B\u00e9csben agyv\u00e9rz\u00e9sben meghalt. Apj\u00e1t\u00f3l \u00f6r\u00f6k\u00f6lte a szentbenedeki kast\u00e9lyt. <br \/><strong>Irod.:<\/strong> Bicsok-Orb\u00e1n; Gudenus; Horn Ildik\u00f3: Erd\u00e9lyi unit. 16. sz.; K\u00e9nosi-Uzoni 2; Keresztes; Kornis; Kov\u00e1cs Andr\u00e1s; Kraus: Erd\u00e9lyi kr\u00f3nika; Mo. f\u0151isp\u00e1njai; Nagy Iv\u00e1n; Rh\u00e9deyek \u00e9s Fr\u00e1terek; veress Endre 1917 Szentbenedek D\u00e9s mellett van<\/br><\/p>\n","protected":false},"excerpt":{"rendered":"<p>Szentbenedek, 1607., \u2020 B\u00e9cs, 1661. jan k\u00f6zepe, temetve a b\u00e9csi Francisk\u00e1nusok temploma: f\u0151isp\u00e1n, fejedelmi tan\u00e1csos. \u2013 K. Boldizs\u00e1r (1581\u20131610) \u00e9s Kereszt\u00fari Kata fia. Feles\u00e9ge gyekei Wessel\u00e9nyi Kata (\u2020 1658) (esk. 1633). Gyermekei: Kata (1639\u201396), G\u00e1sp\u00e1r (1641\u201383)- marossz\u00e9ki f\u0151kapit\u00e1ny, Anna, Krisztina. Liber b\u00e1r\u00f3 (1636\u2013), a szentbenedeki kast\u00e9ly tulajdonosa. Kolozs vm. f\u0151isp\u00e1nja (1636\u201360), fejedelmi tan\u00e1csos (1658). \u00d6nk\u00e9nt [&hellip;]<\/p>\n","protected":false},"featured_media":0,"comment_status":"open","ping_status":"closed","template":"","meta":[],"product_brand":[],"product_cat":[137],"product_tag":[],"class_list":{"0":"post-12625","1":"product","2":"type-product","3":"status-publish","5":"product_cat-maros-megyei-eletrajzi-lexikon","7":"first","8":"instock","9":"shipping-taxable","10":"product-type-simple"},"_links":{"self":[{"href":"https:\/\/uj.adatbank.ro\/lexikon\/wp-json\/wp\/v2\/product\/12625","targetHints":{"allow":["GET"]}}],"collection":[{"href":"https:\/\/uj.adatbank.ro\/lexikon\/wp-json\/wp\/v2\/product"}],"about":[{"href":"https:\/\/uj.adatbank.ro\/lexikon\/wp-json\/wp\/v2\/types\/product"}],"replies":[{"embeddable":true,"href":"https:\/\/uj.adatbank.ro\/lexikon\/wp-json\/wp\/v2\/comments?post=12625"}],"wp:attachment":[{"href":"https:\/\/uj.adatbank.ro\/lexikon\/wp-json\/wp\/v2\/media?parent=12625"}],"wp:term":[{"taxonomy":"product_brand","embeddable":true,"href":"https:\/\/uj.adatbank.ro\/lexikon\/wp-json\/wp\/v2\/product_brand?post=12625"},{"taxonomy":"product_cat","embeddable":true,"href":"https:\/\/uj.adatbank.ro\/lexikon\/wp-json\/wp\/v2\/product_cat?post=12625"},{"taxonomy":"product_tag","embeddable":true,"href":"https:\/\/uj.adatbank.ro\/lexikon\/wp-json\/wp\/v2\/product_tag?post=12625"}],"curies":[{"name":"wp","href":"https:\/\/api.w.org\/{rel}","templated":true}]}}