{"id":12626,"date":"2025-06-29T14:33:30","date_gmt":"2025-06-29T12:33:30","guid":{"rendered":"https:\/\/uj.adatbank.ro\/lexikon\/termek\/kornis-ferenc-goncruszkai-gr\/"},"modified":"2025-06-29T14:33:30","modified_gmt":"2025-06-29T12:33:30","slug":"kornis-ferenc-goncruszkai-gr","status":"publish","type":"product","link":"https:\/\/uj.adatbank.ro\/lexikon\/termek\/kornis-ferenc-goncruszkai-gr\/","title":{"rendered":"KORNIS Ferenc, g\u00f6ncruszkai gr."},"content":{"rendered":"<p>1818., \u2020 1861.: mez\u0151paniti f\u00f6ldbirtokos. \u2013 K. J\u00e1nos (1781\u20131840) \u00e9s z\u00e1goni Szentkereszthy Kl\u00e1ra (1779\u20131838) fia. Feles\u00e9ge fallkenbergi gr. Grundemann Emma (1827\u20131896), Mez\u0151paniton van eltemetve. Esk\u00fcv\u0151 (Mez\u0151panit 1847). L\u00e1nya Klementina (1849\u20131916) Szentkereszthy Gy\u00f6rgy f\u0151isp\u00e1n feles\u00e9ge. \u2013 Mez\u0151paniti f\u00f6ldbirtokos. Az Orsz\u00e1gos Gazdas\u00e1gi Egylet Erd\u00e9lyi Gazdas\u00e1gi Egylet Marossz\u00e9ki bizotm\u00e1nyi eln\u00f6ke, annak megalakul\u00e1s\u00e1t\u00f3l. Kezdem\u00e9nyez\u0151je \u00e9s szervez\u0151je volt az els\u0151 mv.-i marhaki\u00e1ll\u00edt\u00e1snak (1859. szept. 1.) \u00e9s a gy\u00fcmlcs- \u00e9s term\u00e9nyki\u00e1ll\u00edt\u00e1snak, ahol jutalomd\u00edjakat is osztottak ki a gazd\u00e1knak (1859. okt. 11). Ett\u0151l az id\u0151t\u0151l ilyen ki\u00e1ll\u00edt\u00e1sokat \u00e9vente tartottak Mv.-en. <br \/><strong>Irod.:<\/strong> Benk\u0151 K.: Mv., Gudenus; Veress Endre 1917<\/br><\/p>\n","protected":false},"excerpt":{"rendered":"<p>1818., \u2020 1861.: mez\u0151paniti f\u00f6ldbirtokos. \u2013 K. J\u00e1nos (1781\u20131840) \u00e9s z\u00e1goni Szentkereszthy Kl\u00e1ra (1779\u20131838) fia. Feles\u00e9ge fallkenbergi gr. Grundemann Emma (1827\u20131896), Mez\u0151paniton van eltemetve. Esk\u00fcv\u0151 (Mez\u0151panit 1847). L\u00e1nya Klementina (1849\u20131916) Szentkereszthy Gy\u00f6rgy f\u0151isp\u00e1n feles\u00e9ge. \u2013 Mez\u0151paniti f\u00f6ldbirtokos. Az Orsz\u00e1gos Gazdas\u00e1gi Egylet Erd\u00e9lyi Gazdas\u00e1gi Egylet Marossz\u00e9ki bizotm\u00e1nyi eln\u00f6ke, annak megalakul\u00e1s\u00e1t\u00f3l. Kezdem\u00e9nyez\u0151je \u00e9s szervez\u0151je volt az els\u0151 [&hellip;]<\/p>\n","protected":false},"featured_media":0,"comment_status":"open","ping_status":"closed","template":"","meta":[],"product_brand":[],"product_cat":[137],"product_tag":[],"class_list":{"0":"post-12626","1":"product","2":"type-product","3":"status-publish","5":"product_cat-maros-megyei-eletrajzi-lexikon","7":"first","8":"instock","9":"shipping-taxable","10":"product-type-simple"},"_links":{"self":[{"href":"https:\/\/uj.adatbank.ro\/lexikon\/wp-json\/wp\/v2\/product\/12626","targetHints":{"allow":["GET"]}}],"collection":[{"href":"https:\/\/uj.adatbank.ro\/lexikon\/wp-json\/wp\/v2\/product"}],"about":[{"href":"https:\/\/uj.adatbank.ro\/lexikon\/wp-json\/wp\/v2\/types\/product"}],"replies":[{"embeddable":true,"href":"https:\/\/uj.adatbank.ro\/lexikon\/wp-json\/wp\/v2\/comments?post=12626"}],"wp:attachment":[{"href":"https:\/\/uj.adatbank.ro\/lexikon\/wp-json\/wp\/v2\/media?parent=12626"}],"wp:term":[{"taxonomy":"product_brand","embeddable":true,"href":"https:\/\/uj.adatbank.ro\/lexikon\/wp-json\/wp\/v2\/product_brand?post=12626"},{"taxonomy":"product_cat","embeddable":true,"href":"https:\/\/uj.adatbank.ro\/lexikon\/wp-json\/wp\/v2\/product_cat?post=12626"},{"taxonomy":"product_tag","embeddable":true,"href":"https:\/\/uj.adatbank.ro\/lexikon\/wp-json\/wp\/v2\/product_tag?post=12626"}],"curies":[{"name":"wp","href":"https:\/\/api.w.org\/{rel}","templated":true}]}}