{"id":12627,"date":"2025-06-29T14:33:34","date_gmt":"2025-06-29T12:33:34","guid":{"rendered":"https:\/\/uj.adatbank.ro\/lexikon\/termek\/kornis-ferenc-homorodszentpali\/"},"modified":"2025-06-29T14:33:34","modified_gmt":"2025-06-29T12:33:34","slug":"kornis-ferenc-homorodszentpali","status":"publish","type":"product","link":"https:\/\/uj.adatbank.ro\/lexikon\/termek\/kornis-ferenc-homorodszentpali\/","title":{"rendered":"KORNIS Ferenc, homor\u00f3dszentp\u00e1li."},"content":{"rendered":"<p>?. \u2020 1625.: f\u00f6ldbirtokos, f\u0151kapit\u00e1ny, f\u0151kir\u00e1lyb\u00edr\u00f3. \u2013 Farkas (\u2020 1600 v 1602) \u00e9s sz\u00e9kelyderzsi Petki Kata fia. Feles\u00e9ge: k\u00e1polnai Bornemisza Judit (\u2020 Disznaj\u00f3, 1636. m\u00e1j. 26). Gyermekei: Margit (1627\u2013), Rh\u00e9dey J\u00e1nosn\u00e9; Istv\u00e1n, feles\u00e9ge Ajtoni Kata; Borb\u00e1la; Simon. \u2013 Udvarhelysz\u00e9ki f\u0151kir\u00e1lyb\u00edr\u00f3. B\u00e1thori G\u00e1bort\u00f3l adom\u00e9nylevelet kapott az erd\u0151szentgy\u00f6rgyi, havadt\u0151i, cs\u00f3kfalvi birtokra (1609). Erd\u0151szentgy\u00f6rgy\u00f6n udvarh\u00e1zat \u00e9p\u00edttetett, amely \u00e1llt 1940-ig. Bethlen G\u00e1bor \u00e9s P\u00e9csi Simon javaslat\u00e1ra Udvarhelysz\u00e9k f\u0151kir\u00e1lyb\u00edr\u00f3j\u00e1v\u00e1 v\u00e1lasztott\u00e1k (1614), ugyanakkor megb\u00edzta az Sz\u00e9kelyt\u00e1mad v. Csonkav\u00e1r karbantart\u00e1s\u00e1val. I R\u00e1k\u00f3czi Gy\u00f6rgy alatt a P\u00e9csi Simonnal val\u00f3 rokons\u00e1g miatt szombatoss\u00e1g v\u00e1dj\u00e1val le\u00e1nyaival egy\u00fctt n\u00f3t\u00e1ztatt\u00e1k. Birtokai egyr\u00e9sz\u00e9t (Bethlen, B\u00fan) Bethlen J\u00e1nos szerezte meg (1644). Le\u00e1nya Margit \u00e9s f\u00e9rje Homor\u00f3dszentp\u00e1l kiv\u00e9tel\u00e9vel a birtokokat visszakapta. A l\u00e1nya \u00f6r\u00f6ks\u00e9gek\u00e9nt ker\u00fclt Erd\u0151szentgy\u00f6rgy a Rh\u00e9deyek birtok\u00e1ba. Lebontott\u00e1k (1940). <br \/><strong>Irod.:<\/strong> Basta; Gudenus; Kelemen; Kelemen Lajos 1982; Keresztes Gyula 1995; Kiss G\u00e1bor: Erd\u00e9lyi v\u00e1rak, v\u00e1rkast\u00e9lyok (Bp., 1990); Nagy Iv\u00e1n; Orb\u00e1n Bal\u00e1zs; Rh\u00e9deyek \u00e9s Fr\u00e1terek; Szamosk\u00f6zy Istv\u00e1n: Erd\u00e9ly t\u00f6rt\u00e9nete (Bp., 1977); Sz\u00e1deczky-Kardos: A sz\u00e9kely nemzet t\u00f6rt\u00e9nete \u00e9s alkotm\u00e1nya (Bp., 1993); Vofkori Gy\u00f6rgy: Sz\u00e9kelyudvarhely (Kv., 1998)<\/br><\/p>\n","protected":false},"excerpt":{"rendered":"<p>?. \u2020 1625.: f\u00f6ldbirtokos, f\u0151kapit\u00e1ny, f\u0151kir\u00e1lyb\u00edr\u00f3. \u2013 Farkas (\u2020 1600 v 1602) \u00e9s sz\u00e9kelyderzsi Petki Kata fia. Feles\u00e9ge: k\u00e1polnai Bornemisza Judit (\u2020 Disznaj\u00f3, 1636. m\u00e1j. 26). Gyermekei: Margit (1627\u2013), Rh\u00e9dey J\u00e1nosn\u00e9; Istv\u00e1n, feles\u00e9ge Ajtoni Kata; Borb\u00e1la; Simon. \u2013 Udvarhelysz\u00e9ki f\u0151kir\u00e1lyb\u00edr\u00f3. B\u00e1thori G\u00e1bort\u00f3l adom\u00e9nylevelet kapott az erd\u0151szentgy\u00f6rgyi, havadt\u0151i, cs\u00f3kfalvi birtokra (1609). Erd\u0151szentgy\u00f6rgy\u00f6n udvarh\u00e1zat \u00e9p\u00edttetett, amely \u00e1llt [&hellip;]<\/p>\n","protected":false},"featured_media":0,"comment_status":"open","ping_status":"closed","template":"","meta":[],"product_brand":[],"product_cat":[137],"product_tag":[],"class_list":{"0":"post-12627","1":"product","2":"type-product","3":"status-publish","5":"product_cat-maros-megyei-eletrajzi-lexikon","7":"first","8":"instock","9":"shipping-taxable","10":"product-type-simple"},"_links":{"self":[{"href":"https:\/\/uj.adatbank.ro\/lexikon\/wp-json\/wp\/v2\/product\/12627","targetHints":{"allow":["GET"]}}],"collection":[{"href":"https:\/\/uj.adatbank.ro\/lexikon\/wp-json\/wp\/v2\/product"}],"about":[{"href":"https:\/\/uj.adatbank.ro\/lexikon\/wp-json\/wp\/v2\/types\/product"}],"replies":[{"embeddable":true,"href":"https:\/\/uj.adatbank.ro\/lexikon\/wp-json\/wp\/v2\/comments?post=12627"}],"wp:attachment":[{"href":"https:\/\/uj.adatbank.ro\/lexikon\/wp-json\/wp\/v2\/media?parent=12627"}],"wp:term":[{"taxonomy":"product_brand","embeddable":true,"href":"https:\/\/uj.adatbank.ro\/lexikon\/wp-json\/wp\/v2\/product_brand?post=12627"},{"taxonomy":"product_cat","embeddable":true,"href":"https:\/\/uj.adatbank.ro\/lexikon\/wp-json\/wp\/v2\/product_cat?post=12627"},{"taxonomy":"product_tag","embeddable":true,"href":"https:\/\/uj.adatbank.ro\/lexikon\/wp-json\/wp\/v2\/product_tag?post=12627"}],"curies":[{"name":"wp","href":"https:\/\/api.w.org\/{rel}","templated":true}]}}