{"id":12629,"date":"2025-06-29T14:33:37","date_gmt":"2025-06-29T12:33:37","guid":{"rendered":"https:\/\/uj.adatbank.ro\/lexikon\/termek\/kornis-gaspar-goncruszkai-homorodszentpali\/"},"modified":"2025-06-29T14:33:37","modified_gmt":"2025-06-29T12:33:37","slug":"kornis-gaspar-goncruszkai-homorodszentpali","status":"publish","type":"product","link":"https:\/\/uj.adatbank.ro\/lexikon\/termek\/kornis-gaspar-goncruszkai-homorodszentpali\/","title":{"rendered":"KORNIS G\u00e1sp\u00e1r, g\u00f6ncruszkai, homor\u00f3dszentp\u00e1li"},"content":{"rendered":"<p>1555 k., \u2020 1601. aug. 3 v. 10., meg\u00f6lt\u00e9k: erd\u00e9lyi f\u0151\u00far, diplomata, m\u00e1ramarosi f\u0151isp\u00e1n, huszti kapit\u00e1ny. \u2013 Gy\u00f6rgy (1513\u20131551) \u00e9s fancsali F\u00e1ncsi Zs\u00f3fia fia. Feles\u00e9ge: 1. Dolhay Ilona (\u2020 1575 e.) (esk.: 1566); 2. nagyszalontai Tholdy Erzs\u00e9bet (esk, 1576); 3. Horv\u00e1th Anna (esk, 1596), \u00f6zv. Geszthy Ferencn\u00e9. Gyermekei: Anna Ve\u00e9r Mih\u00e1lyn\u00e9, Kata, Borb\u00e1la, Gy\u00f6rgy (1567\u20131610) kolozsi f\u0151isp\u00e1n, Boldizs\u00e1r, feles\u00e9ge Kereszt\u00fari Kata, Zsigmond, Zs\u00f3fia, Kata, Borb\u00e1la. B\u00e1thori Istv\u00e1n egyik k\u00f6vetek\u00e9nt r\u00e9szt vett a lengyel tr\u00f3n megszer\u00adz\u00e9s\u00e9\u00e9rt folytatott t\u00e1rgyal\u00e1sokon (1570). Huszt v\u00e1r\u00e1nak kapit\u00e1nya \u00e9s M\u00e1ramaros vm. f\u0151isp\u00e1nja (1594\u2013), B\u00e1thori Zsigmond uralkod\u00e1sa ide\u00adj\u00e9n a fejedelem Habsburg-bar\u00e1t politik\u00e1j\u00e1nak egyik f\u0151 t\u00e1mogat\u00f3ja, a feje\u00addelmi tan\u00e1cs tagja (1595\u20131601). A t\u00f6r\u00f6kellenes harcokban szerzett \u00e9rdemei\u00e9rt t\u00f6bb birtokadom\u00e1nyt kapott, k\u00f6zt\u00fck Radn\u00f3tot 1596. dec. 25), ahonnan radn\u00f3tinak is \u00edrta el\u0151nev\u00e9t. M\u00e1s forr\u00e1s szerint Geszti Ferencn\u00e9, Horv\u00e1th Anna \u00f6r\u00f6k\u00f6lte a radn\u00f3ti v\u00e1rakast\u00e9lyt, akit f\u00e9rje hal\u00e1la ut\u00e1n vett feles\u00e9g\u00fcl K. G. B\u00e1thori Andr\u00e1s k\u00f6vetek\u00e9nt I. Rudolft\u00f3l k\u00e9rt seg\u00edts\u00e9get Mih\u00e1ly vajda ellen, s az \u0151 k\u00f6zvet\u00edt\u00e9s\u00e9vel j\u00f6tt Erd\u00e9lybe sereg\u00e9vel Basta gener\u00e1lis (1599\u2013). Ez\u00e9rt Mih\u00e1ly vajda emberei bossz\u00fab\u00f3l orvul r\u00e1t\u00e1\u00admadtak \u00e9s meg\u00f6lt\u00e9k. A radn\u00f3ti Kornis- R\u00e1k\u00f3czi- Bethlen 17. sz.-i v\u00e1rkast\u00e9ly \u201eA\u201d kateg\u00f3ri\u00e1ba tartoz\u00f3 m\u0171eml\u00e9k. <br \/><strong>Irod.:<\/strong> Basta; Bicsok Orb\u00e1n; Keresztes; K Kov\u00e1cs Andr\u00e1s: A radn\u00f3ti v\u00e1rkast\u00e9ly (Kv., 1994); Marossz\u00e9ki kr\u00f3nik\u00e1k, 1.; Nagy Iv\u00e1n; Szamosk\u00f6zy; Sz\u00e9pr\u00e9ti: R\u00e9gi \u00e9s \u00faj vil\u00e1g; \u00daM\u00c9L; Valori mure\u015fene de patrimoniu, Veress Endre 1917<\/br><\/p>\n","protected":false},"excerpt":{"rendered":"<p>1555 k., \u2020 1601. aug. 3 v. 10., meg\u00f6lt\u00e9k: erd\u00e9lyi f\u0151\u00far, diplomata, m\u00e1ramarosi f\u0151isp\u00e1n, huszti kapit\u00e1ny. \u2013 Gy\u00f6rgy (1513\u20131551) \u00e9s fancsali F\u00e1ncsi Zs\u00f3fia fia. Feles\u00e9ge: 1. Dolhay Ilona (\u2020 1575 e.) (esk.: 1566); 2. nagyszalontai Tholdy Erzs\u00e9bet (esk, 1576); 3. Horv\u00e1th Anna (esk, 1596), \u00f6zv. Geszthy Ferencn\u00e9. Gyermekei: Anna Ve\u00e9r Mih\u00e1lyn\u00e9, Kata, Borb\u00e1la, Gy\u00f6rgy (1567\u20131610) [&hellip;]<\/p>\n","protected":false},"featured_media":0,"comment_status":"open","ping_status":"closed","template":"","meta":[],"product_brand":[],"product_cat":[137],"product_tag":[],"class_list":{"0":"post-12629","1":"product","2":"type-product","3":"status-publish","5":"product_cat-maros-megyei-eletrajzi-lexikon","7":"first","8":"instock","9":"shipping-taxable","10":"product-type-simple"},"_links":{"self":[{"href":"https:\/\/uj.adatbank.ro\/lexikon\/wp-json\/wp\/v2\/product\/12629","targetHints":{"allow":["GET"]}}],"collection":[{"href":"https:\/\/uj.adatbank.ro\/lexikon\/wp-json\/wp\/v2\/product"}],"about":[{"href":"https:\/\/uj.adatbank.ro\/lexikon\/wp-json\/wp\/v2\/types\/product"}],"replies":[{"embeddable":true,"href":"https:\/\/uj.adatbank.ro\/lexikon\/wp-json\/wp\/v2\/comments?post=12629"}],"wp:attachment":[{"href":"https:\/\/uj.adatbank.ro\/lexikon\/wp-json\/wp\/v2\/media?parent=12629"}],"wp:term":[{"taxonomy":"product_brand","embeddable":true,"href":"https:\/\/uj.adatbank.ro\/lexikon\/wp-json\/wp\/v2\/product_brand?post=12629"},{"taxonomy":"product_cat","embeddable":true,"href":"https:\/\/uj.adatbank.ro\/lexikon\/wp-json\/wp\/v2\/product_cat?post=12629"},{"taxonomy":"product_tag","embeddable":true,"href":"https:\/\/uj.adatbank.ro\/lexikon\/wp-json\/wp\/v2\/product_tag?post=12629"}],"curies":[{"name":"wp","href":"https:\/\/api.w.org\/{rel}","templated":true}]}}