{"id":12631,"date":"2025-06-29T14:33:40","date_gmt":"2025-06-29T12:33:40","guid":{"rendered":"https:\/\/uj.adatbank.ro\/lexikon\/termek\/kornis-gyorgy-goncruszkai\/"},"modified":"2025-06-29T14:33:40","modified_gmt":"2025-06-29T12:33:40","slug":"kornis-gyorgy-goncruszkai","status":"publish","type":"product","link":"https:\/\/uj.adatbank.ro\/lexikon\/termek\/kornis-gyorgy-goncruszkai\/","title":{"rendered":"KORNIS Gy\u00f6rgy, g\u00f6ncruszkai"},"content":{"rendered":"<p>1567., \u2020 1610 m\u00e1rc. 21.: kolozsi f\u0151isp\u00e1n. \u2013 Val\u00f3sz\u00edn\u0171leg fia K. G\u00e1sp\u00e1r Kolozs vm.-i f\u0151isp\u00e1n (1555\u20131601) \u00e9s Dolhay Ilon\u00e1nak (\u20201575). Feles\u00e9ge Salgai Kata (\u2020 1640). Ut\u00f3d nincs. Testv\u00e9reivel Boldizs\u00e1rral \u00e9s Zsigmonddal B\u00e1thori G\u00e1bor idej\u00e9n nem kedvezett a szerencse, sz\u00e1m\u0171zet\u00e9se csak Bethlen G\u00e1bor alatt sz\u00fcnik meg, ekkor lett Kolozs megye f\u0151isp\u00e1nja. B\u00e1thori G\u00e1bor hajd\u00fai \u00f6lt\u00e9k meg a sz\u00e9ki \u00f6sszecsap\u00e1sban. <br \/><strong>Irod.:<\/strong> Basta; T\u00f3th Istv\u00e1n: A gyulafeh\u00e9rv\u00e1ri humanista k\u00f6lt\u00e9szet antol\u00f3gi\u00e1ja (Bp., 2001); Veress Endre 1917<\/br><\/p>\n","protected":false},"excerpt":{"rendered":"<p>1567., \u2020 1610 m\u00e1rc. 21.: kolozsi f\u0151isp\u00e1n. \u2013 Val\u00f3sz\u00edn\u0171leg fia K. G\u00e1sp\u00e1r Kolozs vm.-i f\u0151isp\u00e1n (1555\u20131601) \u00e9s Dolhay Ilon\u00e1nak (\u20201575). Feles\u00e9ge Salgai Kata (\u2020 1640). Ut\u00f3d nincs. Testv\u00e9reivel Boldizs\u00e1rral \u00e9s Zsigmonddal B\u00e1thori G\u00e1bor idej\u00e9n nem kedvezett a szerencse, sz\u00e1m\u0171zet\u00e9se csak Bethlen G\u00e1bor alatt sz\u00fcnik meg, ekkor lett Kolozs megye f\u0151isp\u00e1nja. B\u00e1thori G\u00e1bor hajd\u00fai \u00f6lt\u00e9k meg [&hellip;]<\/p>\n","protected":false},"featured_media":0,"comment_status":"open","ping_status":"closed","template":"","meta":[],"product_brand":[],"product_cat":[137],"product_tag":[],"class_list":{"0":"post-12631","1":"product","2":"type-product","3":"status-publish","5":"product_cat-maros-megyei-eletrajzi-lexikon","7":"first","8":"instock","9":"shipping-taxable","10":"product-type-simple"},"_links":{"self":[{"href":"https:\/\/uj.adatbank.ro\/lexikon\/wp-json\/wp\/v2\/product\/12631","targetHints":{"allow":["GET"]}}],"collection":[{"href":"https:\/\/uj.adatbank.ro\/lexikon\/wp-json\/wp\/v2\/product"}],"about":[{"href":"https:\/\/uj.adatbank.ro\/lexikon\/wp-json\/wp\/v2\/types\/product"}],"replies":[{"embeddable":true,"href":"https:\/\/uj.adatbank.ro\/lexikon\/wp-json\/wp\/v2\/comments?post=12631"}],"wp:attachment":[{"href":"https:\/\/uj.adatbank.ro\/lexikon\/wp-json\/wp\/v2\/media?parent=12631"}],"wp:term":[{"taxonomy":"product_brand","embeddable":true,"href":"https:\/\/uj.adatbank.ro\/lexikon\/wp-json\/wp\/v2\/product_brand?post=12631"},{"taxonomy":"product_cat","embeddable":true,"href":"https:\/\/uj.adatbank.ro\/lexikon\/wp-json\/wp\/v2\/product_cat?post=12631"},{"taxonomy":"product_tag","embeddable":true,"href":"https:\/\/uj.adatbank.ro\/lexikon\/wp-json\/wp\/v2\/product_tag?post=12631"}],"curies":[{"name":"wp","href":"https:\/\/api.w.org\/{rel}","templated":true}]}}