{"id":12632,"date":"2025-06-29T14:33:43","date_gmt":"2025-06-29T12:33:43","guid":{"rendered":"https:\/\/uj.adatbank.ro\/lexikon\/termek\/kornis-gyorgy-homorodszentpali\/"},"modified":"2025-06-29T14:33:43","modified_gmt":"2025-06-29T12:33:43","slug":"kornis-gyorgy-homorodszentpali","status":"publish","type":"product","link":"https:\/\/uj.adatbank.ro\/lexikon\/termek\/kornis-gyorgy-homorodszentpali\/","title":{"rendered":"KORNIS Gy\u00f6rgy, homor\u00f3dszentp\u00e1li"},"content":{"rendered":"<p>1513., \u2020 1551 u.: f\u0151ldbirtokos. \u2013 K. Boldizs\u00e1r (1482\u20131520) m\u00e1ramarosi f\u0151isp\u00e1n, huszti kapit\u00e1ny \u00e9s J\u00e1noki Anna (\u2020 1551) fia. Feles\u00e9ge 1. vajai Ibr\u00e1nyi Zs\u00f3fia, fancsali F\u00e1ncsi Zs\u00f3fia. Gyermekei: Boldizs\u00e1r (\u2020 1579 k.), G\u00e1sp\u00e1r (1555\u20131601) m\u00e1ramarosi f\u0151isp\u00e1n, huszti kapit\u00e1ny, Anna (\u20201595), J\u00e1nos, Ferenc (\u2020 1591), Zsigmond (\u20201578), Borb\u00e1la. <br \/><strong>Irod.:<\/strong> Veress Endre 1917<\/br><\/p>\n","protected":false},"excerpt":{"rendered":"<p>1513., \u2020 1551 u.: f\u0151ldbirtokos. \u2013 K. Boldizs\u00e1r (1482\u20131520) m\u00e1ramarosi f\u0151isp\u00e1n, huszti kapit\u00e1ny \u00e9s J\u00e1noki Anna (\u2020 1551) fia. Feles\u00e9ge 1. vajai Ibr\u00e1nyi Zs\u00f3fia, fancsali F\u00e1ncsi Zs\u00f3fia. Gyermekei: Boldizs\u00e1r (\u2020 1579 k.), G\u00e1sp\u00e1r (1555\u20131601) m\u00e1ramarosi f\u0151isp\u00e1n, huszti kapit\u00e1ny, Anna (\u20201595), J\u00e1nos, Ferenc (\u2020 1591), Zsigmond (\u20201578), Borb\u00e1la. Irod.: Veress Endre 1917<\/p>\n","protected":false},"featured_media":0,"comment_status":"open","ping_status":"closed","template":"","meta":[],"product_brand":[],"product_cat":[137],"product_tag":[],"class_list":{"0":"post-12632","1":"product","2":"type-product","3":"status-publish","5":"product_cat-maros-megyei-eletrajzi-lexikon","7":"first","8":"instock","9":"shipping-taxable","10":"product-type-simple"},"_links":{"self":[{"href":"https:\/\/uj.adatbank.ro\/lexikon\/wp-json\/wp\/v2\/product\/12632","targetHints":{"allow":["GET"]}}],"collection":[{"href":"https:\/\/uj.adatbank.ro\/lexikon\/wp-json\/wp\/v2\/product"}],"about":[{"href":"https:\/\/uj.adatbank.ro\/lexikon\/wp-json\/wp\/v2\/types\/product"}],"replies":[{"embeddable":true,"href":"https:\/\/uj.adatbank.ro\/lexikon\/wp-json\/wp\/v2\/comments?post=12632"}],"wp:attachment":[{"href":"https:\/\/uj.adatbank.ro\/lexikon\/wp-json\/wp\/v2\/media?parent=12632"}],"wp:term":[{"taxonomy":"product_brand","embeddable":true,"href":"https:\/\/uj.adatbank.ro\/lexikon\/wp-json\/wp\/v2\/product_brand?post=12632"},{"taxonomy":"product_cat","embeddable":true,"href":"https:\/\/uj.adatbank.ro\/lexikon\/wp-json\/wp\/v2\/product_cat?post=12632"},{"taxonomy":"product_tag","embeddable":true,"href":"https:\/\/uj.adatbank.ro\/lexikon\/wp-json\/wp\/v2\/product_tag?post=12632"}],"curies":[{"name":"wp","href":"https:\/\/api.w.org\/{rel}","templated":true}]}}