{"id":12634,"date":"2025-06-29T14:33:46","date_gmt":"2025-06-29T12:33:46","guid":{"rendered":"https:\/\/uj.adatbank.ro\/lexikon\/termek\/kornis-gyula\/"},"modified":"2025-06-29T14:33:46","modified_gmt":"2025-06-29T12:33:46","slug":"kornis-gyula","status":"publish","type":"product","link":"https:\/\/uj.adatbank.ro\/lexikon\/termek\/kornis-gyula\/","title":{"rendered":"KORNIS Gyula"},"content":{"rendered":"<p>? \u2020 ?: ?. \u2013 <strong>F. m.:<\/strong> A magyar m\u0171vel\u0151d\u00e9s eszm\u00e9nyei (Bp., 1927) ; <strong>szerk.:<\/strong> Magyar pedag\u00f3giai lexikon (Bp., 1933\u201334) ; Az orsz\u00e1ggy\u0171l\u00e9si besz\u00e9d \u00fatja (el\u0151sz\u00f3, Bp., 1939). <br \/><strong>Irod.:<\/strong> F\u00fcl\u00f6p\u2013Ferencz<\/br><\/p>\n","protected":false},"excerpt":{"rendered":"<p>? \u2020 ?: ?. \u2013 F. m.: A magyar m\u0171vel\u0151d\u00e9s eszm\u00e9nyei (Bp., 1927) ; szerk.: Magyar pedag\u00f3giai lexikon (Bp., 1933\u201334) ; Az orsz\u00e1ggy\u0171l\u00e9si besz\u00e9d \u00fatja (el\u0151sz\u00f3, Bp., 1939). Irod.: F\u00fcl\u00f6p\u2013Ferencz<\/p>\n","protected":false},"featured_media":0,"comment_status":"open","ping_status":"closed","template":"","meta":[],"product_brand":[],"product_cat":[137],"product_tag":[],"class_list":{"0":"post-12634","1":"product","2":"type-product","3":"status-publish","5":"product_cat-maros-megyei-eletrajzi-lexikon","7":"first","8":"instock","9":"shipping-taxable","10":"product-type-simple"},"_links":{"self":[{"href":"https:\/\/uj.adatbank.ro\/lexikon\/wp-json\/wp\/v2\/product\/12634","targetHints":{"allow":["GET"]}}],"collection":[{"href":"https:\/\/uj.adatbank.ro\/lexikon\/wp-json\/wp\/v2\/product"}],"about":[{"href":"https:\/\/uj.adatbank.ro\/lexikon\/wp-json\/wp\/v2\/types\/product"}],"replies":[{"embeddable":true,"href":"https:\/\/uj.adatbank.ro\/lexikon\/wp-json\/wp\/v2\/comments?post=12634"}],"wp:attachment":[{"href":"https:\/\/uj.adatbank.ro\/lexikon\/wp-json\/wp\/v2\/media?parent=12634"}],"wp:term":[{"taxonomy":"product_brand","embeddable":true,"href":"https:\/\/uj.adatbank.ro\/lexikon\/wp-json\/wp\/v2\/product_brand?post=12634"},{"taxonomy":"product_cat","embeddable":true,"href":"https:\/\/uj.adatbank.ro\/lexikon\/wp-json\/wp\/v2\/product_cat?post=12634"},{"taxonomy":"product_tag","embeddable":true,"href":"https:\/\/uj.adatbank.ro\/lexikon\/wp-json\/wp\/v2\/product_tag?post=12634"}],"curies":[{"name":"wp","href":"https:\/\/api.w.org\/{rel}","templated":true}]}}