{"id":12635,"date":"2025-06-29T14:33:47","date_gmt":"2025-06-29T12:33:47","guid":{"rendered":"https:\/\/uj.adatbank.ro\/lexikon\/termek\/kornis-istvan-goncruszkai-br-gr\/"},"modified":"2025-06-29T14:33:47","modified_gmt":"2025-06-29T12:33:47","slug":"kornis-istvan-goncruszkai-br-gr","status":"publish","type":"product","link":"https:\/\/uj.adatbank.ro\/lexikon\/termek\/kornis-istvan-goncruszkai-br-gr\/","title":{"rendered":"KORNIS Istv\u00e1n, g\u00f6ncruszkai br., gr."},"content":{"rendered":"<p>1680, \u2020 1741. m\u00e1j., temetve a kv.-i \u00d3v\u00e1r Ferencrendi templom\u00e1ban a Kornis kript\u00e1ban: v. b. t. t., f\u0151kamar\u00e1smester, f\u0151isp\u00e1n. \u2013 K. G\u00e1sp\u00e1r (1641\u20131683) marossz\u00e9ki f\u0151kapit\u00e1ny \u00e9s gr. Cs\u00e1ky M\u00e1ria (\u2020 1688 e.) fia. Feles\u00e9ge: gyer\u0151monostori Gyer\u0151ffi Borb\u00e1la \u00f6zv Gyulaffi L\u00e1szl\u00f3n\u00e9 (1684\u20131727). Gyermekei akik feln\u0151tt kort meg\u00e9rtek: Antal (1709\u201359), Krisztina-Bornemisza Ign\u00e1cn\u00e9 (Abosfalva, 1715\u20131776 m\u00e9g \u00e9lt). \u00c9va (1708\u20131734). Lakhely: Abosfalvi kast\u00e9ly. A R\u00e1k\u00f3czi forradalom ellenz\u0151je volt, inspector commissarius Rabutin cs. t\u00e1bornok mellett (1705\u20139). K\u00fck\u00fcll\u0151 (1713\u2013) \u00e9s Fej\u00e9r v\u00e1rmegye f\u0151isp\u00e1nja (1723\u2013), a hadell\u00e1t\u00e1st igazgat\u00f3 orsz\u00e1gos tartom\u00e1nyi f\u0151biztos (1714\u2013), guberniumi tan\u00e1cstag (1725\u2013) \u00e9s kamar\u00e1s (1727\u2013), a rendek eln\u00fcke (1741). Testv\u00e9r\u00e9vel Zsigmonddal gr\u00f3fi rangot kapott (1712. okt. 28.). Az abosfalvai kast\u00e9ly feles\u00e9ge hozom\u00e1nyak\u00e9nt ker\u00fclt a tulajdon\u00e1ba. Gyermekei k\u00f6z\u00fcl n\u00e9h\u00e1nyan ott sz\u00fclettek vagy haltak meg \u00e9s ott vannak eltemetve. Abosfalv\u00e1n visszszerezte az unitt\u00e1riusokt\u00f3l a templomot (1718), ami el\u0151sz\u00f6r katolikus, majd ref. volt. <br \/><strong>Irod.:<\/strong> \u00c1ll\u00f3- \u00e9s mozg\u00f3k\u00e9pek; \u00c1rva Bethlen K.; Bicsok-Orb\u00e1n; B\u00edr\u00f3 J\u00e1nos: H\u00fctes korona. Az az: igaz kereszt\u00e9ny hit\u0171 \u2026 K. I. \u2026 Maria Theresia \u2026 arany kultsos cubiculariusa \u2026halottas dics\u00e9ret\u00e9nek koron\u00e1ja.., 1741. m\u00e1j. 29. (Kv., 1741); Gudenus; Gy\u00f6rgy: A ferencrendiek; Kempelen; Keresztes Gyula 1995; Kornis; L\u00e9sty\u00e1n \u2013 templomok; Mo. F\u0151isp\u00e1njai; Mv.-i Pl\u00e9b\u00e1nia; Nagy Iv\u00e1n; Szov\u00e1ta; Veress Endre 1917<\/br><\/p>\n","protected":false},"excerpt":{"rendered":"<p>1680, \u2020 1741. m\u00e1j., temetve a kv.-i \u00d3v\u00e1r Ferencrendi templom\u00e1ban a Kornis kript\u00e1ban: v. b. t. t., f\u0151kamar\u00e1smester, f\u0151isp\u00e1n. \u2013 K. G\u00e1sp\u00e1r (1641\u20131683) marossz\u00e9ki f\u0151kapit\u00e1ny \u00e9s gr. Cs\u00e1ky M\u00e1ria (\u2020 1688 e.) fia. Feles\u00e9ge: gyer\u0151monostori Gyer\u0151ffi Borb\u00e1la \u00f6zv Gyulaffi L\u00e1szl\u00f3n\u00e9 (1684\u20131727). Gyermekei akik feln\u0151tt kort meg\u00e9rtek: Antal (1709\u201359), Krisztina-Bornemisza Ign\u00e1cn\u00e9 (Abosfalva, 1715\u20131776 m\u00e9g \u00e9lt). \u00c9va [&hellip;]<\/p>\n","protected":false},"featured_media":0,"comment_status":"open","ping_status":"closed","template":"","meta":[],"product_brand":[],"product_cat":[137],"product_tag":[],"class_list":{"0":"post-12635","1":"product","2":"type-product","3":"status-publish","5":"product_cat-maros-megyei-eletrajzi-lexikon","7":"first","8":"instock","9":"shipping-taxable","10":"product-type-simple"},"_links":{"self":[{"href":"https:\/\/uj.adatbank.ro\/lexikon\/wp-json\/wp\/v2\/product\/12635","targetHints":{"allow":["GET"]}}],"collection":[{"href":"https:\/\/uj.adatbank.ro\/lexikon\/wp-json\/wp\/v2\/product"}],"about":[{"href":"https:\/\/uj.adatbank.ro\/lexikon\/wp-json\/wp\/v2\/types\/product"}],"replies":[{"embeddable":true,"href":"https:\/\/uj.adatbank.ro\/lexikon\/wp-json\/wp\/v2\/comments?post=12635"}],"wp:attachment":[{"href":"https:\/\/uj.adatbank.ro\/lexikon\/wp-json\/wp\/v2\/media?parent=12635"}],"wp:term":[{"taxonomy":"product_brand","embeddable":true,"href":"https:\/\/uj.adatbank.ro\/lexikon\/wp-json\/wp\/v2\/product_brand?post=12635"},{"taxonomy":"product_cat","embeddable":true,"href":"https:\/\/uj.adatbank.ro\/lexikon\/wp-json\/wp\/v2\/product_cat?post=12635"},{"taxonomy":"product_tag","embeddable":true,"href":"https:\/\/uj.adatbank.ro\/lexikon\/wp-json\/wp\/v2\/product_tag?post=12635"}],"curies":[{"name":"wp","href":"https:\/\/api.w.org\/{rel}","templated":true}]}}