{"id":12636,"date":"2025-06-29T14:33:49","date_gmt":"2025-06-29T12:33:49","guid":{"rendered":"https:\/\/uj.adatbank.ro\/lexikon\/termek\/kornis-janos-goncruszkai-gr\/"},"modified":"2025-06-29T14:33:49","modified_gmt":"2025-06-29T12:33:49","slug":"kornis-janos-goncruszkai-gr","status":"publish","type":"product","link":"https:\/\/uj.adatbank.ro\/lexikon\/termek\/kornis-janos-goncruszkai-gr\/","title":{"rendered":"KORNIS J\u00e1nos, g\u00f6ncruszkai gr."},"content":{"rendered":"<p>1781 \u2020 1840 aug. 16 : erd\u00e9lyi gubern\u00e1tor, mez\u0151paniti birtokos. \u2013 Feles\u00e9ge: 1. tancsi F\u00f6ldv\u00e1ri Ther\u00e9zia (1785 \u2013 Kv., 1811. m\u00e1rc. 4.); 2. Szentkereszty Kl\u00e1ra (1779\u20131838). Fia g\u00f6ncruszkai Kornis Ferenc (1818\u20131861). <br \/><strong>Irod.:<\/strong> Bicsok-Orb\u00e1n; Gudenus; Halotti besz\u00e9dek; Lev\u00e9lt\u00e1ri gy\u00e1szj.; Lukinich; Veress Endre<\/br><\/p>\n","protected":false},"excerpt":{"rendered":"<p>1781 \u2020 1840 aug. 16 : erd\u00e9lyi gubern\u00e1tor, mez\u0151paniti birtokos. \u2013 Feles\u00e9ge: 1. tancsi F\u00f6ldv\u00e1ri Ther\u00e9zia (1785 \u2013 Kv., 1811. m\u00e1rc. 4.); 2. Szentkereszty Kl\u00e1ra (1779\u20131838). Fia g\u00f6ncruszkai Kornis Ferenc (1818\u20131861). Irod.: Bicsok-Orb\u00e1n; Gudenus; Halotti besz\u00e9dek; Lev\u00e9lt\u00e1ri gy\u00e1szj.; Lukinich; Veress Endre<\/p>\n","protected":false},"featured_media":0,"comment_status":"open","ping_status":"closed","template":"","meta":[],"product_brand":[],"product_cat":[137],"product_tag":[],"class_list":{"0":"post-12636","1":"product","2":"type-product","3":"status-publish","5":"product_cat-maros-megyei-eletrajzi-lexikon","7":"first","8":"instock","9":"shipping-taxable","10":"product-type-simple"},"_links":{"self":[{"href":"https:\/\/uj.adatbank.ro\/lexikon\/wp-json\/wp\/v2\/product\/12636","targetHints":{"allow":["GET"]}}],"collection":[{"href":"https:\/\/uj.adatbank.ro\/lexikon\/wp-json\/wp\/v2\/product"}],"about":[{"href":"https:\/\/uj.adatbank.ro\/lexikon\/wp-json\/wp\/v2\/types\/product"}],"replies":[{"embeddable":true,"href":"https:\/\/uj.adatbank.ro\/lexikon\/wp-json\/wp\/v2\/comments?post=12636"}],"wp:attachment":[{"href":"https:\/\/uj.adatbank.ro\/lexikon\/wp-json\/wp\/v2\/media?parent=12636"}],"wp:term":[{"taxonomy":"product_brand","embeddable":true,"href":"https:\/\/uj.adatbank.ro\/lexikon\/wp-json\/wp\/v2\/product_brand?post=12636"},{"taxonomy":"product_cat","embeddable":true,"href":"https:\/\/uj.adatbank.ro\/lexikon\/wp-json\/wp\/v2\/product_cat?post=12636"},{"taxonomy":"product_tag","embeddable":true,"href":"https:\/\/uj.adatbank.ro\/lexikon\/wp-json\/wp\/v2\/product_tag?post=12636"}],"curies":[{"name":"wp","href":"https:\/\/api.w.org\/{rel}","templated":true}]}}