{"id":12638,"date":"2025-06-29T14:33:55","date_gmt":"2025-06-29T12:33:55","guid":{"rendered":"https:\/\/uj.adatbank.ro\/lexikon\/termek\/kornis-karoly-gonczruszkai-gr\/"},"modified":"2025-06-29T14:33:55","modified_gmt":"2025-06-29T12:33:55","slug":"kornis-karoly-gonczruszkai-gr","status":"publish","type":"product","link":"https:\/\/uj.adatbank.ro\/lexikon\/termek\/kornis-karoly-gonczruszkai-gr\/","title":{"rendered":"KORNIS K\u00e1roly, g\u00f6nczruszkai gr."},"content":{"rendered":"<p>Szentbenedek, 1797. j\u00fal. 26., \u2020 Buda, 1868. jan. 8, temetve Mez\u0151telegd Haller k\u00e1polna.: szentbenedeki nagybirtokos, f\u0151rendih\u00e1zi tag. &#8211; Ign\u00e1c (1760\u20131819) \u00e9s sz\u00e9ki Teleki Anna fia. Feles\u00e9ge Haller Anna kapjoni \u00e1g (1806\u20131873) edk 1824. <br \/><strong>Irod.:<\/strong> Gudenus; Kornis; Veres Endre 1917<\/br><\/p>\n","protected":false},"excerpt":{"rendered":"<p>Szentbenedek, 1797. j\u00fal. 26., \u2020 Buda, 1868. jan. 8, temetve Mez\u0151telegd Haller k\u00e1polna.: szentbenedeki nagybirtokos, f\u0151rendih\u00e1zi tag. &#8211; Ign\u00e1c (1760\u20131819) \u00e9s sz\u00e9ki Teleki Anna fia. Feles\u00e9ge Haller Anna kapjoni \u00e1g (1806\u20131873) edk 1824. Irod.: Gudenus; Kornis; Veres Endre 1917<\/p>\n","protected":false},"featured_media":0,"comment_status":"open","ping_status":"closed","template":"","meta":[],"product_brand":[],"product_cat":[137],"product_tag":[],"class_list":{"0":"post-12638","1":"product","2":"type-product","3":"status-publish","5":"product_cat-maros-megyei-eletrajzi-lexikon","7":"first","8":"instock","9":"shipping-taxable","10":"product-type-simple"},"_links":{"self":[{"href":"https:\/\/uj.adatbank.ro\/lexikon\/wp-json\/wp\/v2\/product\/12638","targetHints":{"allow":["GET"]}}],"collection":[{"href":"https:\/\/uj.adatbank.ro\/lexikon\/wp-json\/wp\/v2\/product"}],"about":[{"href":"https:\/\/uj.adatbank.ro\/lexikon\/wp-json\/wp\/v2\/types\/product"}],"replies":[{"embeddable":true,"href":"https:\/\/uj.adatbank.ro\/lexikon\/wp-json\/wp\/v2\/comments?post=12638"}],"wp:attachment":[{"href":"https:\/\/uj.adatbank.ro\/lexikon\/wp-json\/wp\/v2\/media?parent=12638"}],"wp:term":[{"taxonomy":"product_brand","embeddable":true,"href":"https:\/\/uj.adatbank.ro\/lexikon\/wp-json\/wp\/v2\/product_brand?post=12638"},{"taxonomy":"product_cat","embeddable":true,"href":"https:\/\/uj.adatbank.ro\/lexikon\/wp-json\/wp\/v2\/product_cat?post=12638"},{"taxonomy":"product_tag","embeddable":true,"href":"https:\/\/uj.adatbank.ro\/lexikon\/wp-json\/wp\/v2\/product_tag?post=12638"}],"curies":[{"name":"wp","href":"https:\/\/api.w.org\/{rel}","templated":true}]}}