{"id":12640,"date":"2025-06-29T14:33:58","date_gmt":"2025-06-29T12:33:58","guid":{"rendered":"https:\/\/uj.adatbank.ro\/lexikon\/termek\/kornis-kata-goncruszkai-br-haller-janosne\/"},"modified":"2025-06-29T14:33:58","modified_gmt":"2025-06-29T12:33:58","slug":"kornis-kata-goncruszkai-br-haller-janosne","status":"publish","type":"product","link":"https:\/\/uj.adatbank.ro\/lexikon\/termek\/kornis-kata-goncruszkai-br-haller-janosne\/","title":{"rendered":"KORNIS Kata; g\u00f6ncruszkai br., Haller J\u00e1nosn\u00e9"},"content":{"rendered":"<p>Gyeke, 1639., \u2020 Kerel\u0151szentp\u00e1l, 1696. nov. 16, temetve szentp\u00e1li Haller kripta. \u2013 Ferenc (1607\u20131661) \u00e9s gyekei Wessel\u00e9nyi Kata (\u2020 1658) le\u00e1nya; br. Haller J\u00e1nos (1626- Szentp\u00e1l 1697) Torda vm. f\u0151isp\u00e1nja, diplomata, \u00edr\u00f3 els\u0151 feles\u00e9ge. Gyermekei: Istv\u00e1n (1654\u20131710), Krisztina Petki J\u00e1nosn\u00e9, J\u00f3zsef (\u2020 1691), \u00c9va, Anna Gyulai L\u00e1szl\u00f3n\u00e9 Fi\u00e1t Haller J\u00f3zsefet Th\u00f6k\u00f6ly Imre kiv\u00e9geztette. A csal\u00e1d Szentp\u00e1lon \u00e9s Gerebenesen \u00e9lt. <br \/><strong>Irod.:<\/strong> De\u00e1k Farkas: Uzoni B\u00e9ldi P\u00e1l (Bp., 1887); Gudenus; Harmath-K\u00e1lm\u00e1n; Veress Endre 1917<\/br><\/p>\n","protected":false},"excerpt":{"rendered":"<p>Gyeke, 1639., \u2020 Kerel\u0151szentp\u00e1l, 1696. nov. 16, temetve szentp\u00e1li Haller kripta. \u2013 Ferenc (1607\u20131661) \u00e9s gyekei Wessel\u00e9nyi Kata (\u2020 1658) le\u00e1nya; br. Haller J\u00e1nos (1626- Szentp\u00e1l 1697) Torda vm. f\u0151isp\u00e1nja, diplomata, \u00edr\u00f3 els\u0151 feles\u00e9ge. Gyermekei: Istv\u00e1n (1654\u20131710), Krisztina Petki J\u00e1nosn\u00e9, J\u00f3zsef (\u2020 1691), \u00c9va, Anna Gyulai L\u00e1szl\u00f3n\u00e9 Fi\u00e1t Haller J\u00f3zsefet Th\u00f6k\u00f6ly Imre kiv\u00e9geztette. A csal\u00e1d [&hellip;]<\/p>\n","protected":false},"featured_media":0,"comment_status":"open","ping_status":"closed","template":"","meta":[],"product_brand":[],"product_cat":[137],"product_tag":[],"class_list":{"0":"post-12640","1":"product","2":"type-product","3":"status-publish","5":"product_cat-maros-megyei-eletrajzi-lexikon","7":"first","8":"instock","9":"shipping-taxable","10":"product-type-simple"},"_links":{"self":[{"href":"https:\/\/uj.adatbank.ro\/lexikon\/wp-json\/wp\/v2\/product\/12640","targetHints":{"allow":["GET"]}}],"collection":[{"href":"https:\/\/uj.adatbank.ro\/lexikon\/wp-json\/wp\/v2\/product"}],"about":[{"href":"https:\/\/uj.adatbank.ro\/lexikon\/wp-json\/wp\/v2\/types\/product"}],"replies":[{"embeddable":true,"href":"https:\/\/uj.adatbank.ro\/lexikon\/wp-json\/wp\/v2\/comments?post=12640"}],"wp:attachment":[{"href":"https:\/\/uj.adatbank.ro\/lexikon\/wp-json\/wp\/v2\/media?parent=12640"}],"wp:term":[{"taxonomy":"product_brand","embeddable":true,"href":"https:\/\/uj.adatbank.ro\/lexikon\/wp-json\/wp\/v2\/product_brand?post=12640"},{"taxonomy":"product_cat","embeddable":true,"href":"https:\/\/uj.adatbank.ro\/lexikon\/wp-json\/wp\/v2\/product_cat?post=12640"},{"taxonomy":"product_tag","embeddable":true,"href":"https:\/\/uj.adatbank.ro\/lexikon\/wp-json\/wp\/v2\/product_tag?post=12640"}],"curies":[{"name":"wp","href":"https:\/\/api.w.org\/{rel}","templated":true}]}}