{"id":12644,"date":"2025-06-29T14:34:06","date_gmt":"2025-06-29T12:34:06","guid":{"rendered":"https:\/\/uj.adatbank.ro\/lexikon\/termek\/kornis-margit-goncruszkai-gr-lazar-ferencne\/"},"modified":"2025-06-29T14:34:06","modified_gmt":"2025-06-29T12:34:06","slug":"kornis-margit-goncruszkai-gr-lazar-ferencne","status":"publish","type":"product","link":"https:\/\/uj.adatbank.ro\/lexikon\/termek\/kornis-margit-goncruszkai-gr-lazar-ferencne\/","title":{"rendered":"KORNIS Margit, g\u00f6ncruszkai gr., L\u00e1z\u00e1r Ferencn\u00e9"},"content":{"rendered":"<p>1683., \u2020 1698.: kor\u00f3di f\u00f6ldbirtokos. \u2013 G\u00e1sp\u00e1r (1641\u201383) marossz\u00e9ki f\u0151kapit\u00e1ny \u00e9s k\u0151r\u00f6sszegi \u00e9s adorj\u00e1ni Cs\u00e1ky M\u00e1ria (\u2020 1688) le\u00e1nya. F\u00e9rje sz\u00e1rhegyi gr. L\u00e1z\u00e1r Ferenc (1675\u20131742), Cs\u00edk-, Gyergy\u00f3-K\u00e1szonsz\u00e9k f\u0151kir\u00e1lyb\u00edr\u00f3ja, cs\u00edki f\u0151kapit\u00e1ny. Egyetlen gyermek\u00fck Andr\u00e1s, akinek sz\u00fclet\u00e9sekor \u00e9let\u00e9t vesztette. K\u00f3r\u00f3don volt birtoka \u00e9s ott \u00e9p\u00fclt udvarh\u00e1z a 18. sz. els\u0151 fel\u00e9ben. Hal\u00e1la ut\u00e1n b\u00e1tyja Zsigmond f\u0151korm\u00e1nyz\u00f3 h\u00faga eml\u00e9k\u00e9re az udvarh\u00e1z kapuja f\u00fcl\u00e9 elk\u00e9sz\u00edtette a f\u00fczesmikolai csodatev\u0151 k\u00f6nnyez\u0151 Sz\u0171z M\u00e1ria-ikon faragott m\u00e1solat\u00e1t. Az egykori udvarh\u00e1z \u00e9s k\u00e1polna ma a falu r. k. temploma <br \/><strong>Irod.:<\/strong> B. Nagy Margit; Keresztes 1995; Keresztes Gyula: \u00d6r\u00f6ks\u00e9g\u00fcnk 63.: Udavarh\u00e1zak a Kisk\u00fck\u00fcll\u0151 v\u00f6lgy\u00e9ben (N\u00fa., 1994. szept. 17.); Veress Endre 1917<\/br><\/p>\n","protected":false},"excerpt":{"rendered":"<p>1683., \u2020 1698.: kor\u00f3di f\u00f6ldbirtokos. \u2013 G\u00e1sp\u00e1r (1641\u201383) marossz\u00e9ki f\u0151kapit\u00e1ny \u00e9s k\u0151r\u00f6sszegi \u00e9s adorj\u00e1ni Cs\u00e1ky M\u00e1ria (\u2020 1688) le\u00e1nya. F\u00e9rje sz\u00e1rhegyi gr. L\u00e1z\u00e1r Ferenc (1675\u20131742), Cs\u00edk-, Gyergy\u00f3-K\u00e1szonsz\u00e9k f\u0151kir\u00e1lyb\u00edr\u00f3ja, cs\u00edki f\u0151kapit\u00e1ny. Egyetlen gyermek\u00fck Andr\u00e1s, akinek sz\u00fclet\u00e9sekor \u00e9let\u00e9t vesztette. K\u00f3r\u00f3don volt birtoka \u00e9s ott \u00e9p\u00fclt udvarh\u00e1z a 18. sz. els\u0151 fel\u00e9ben. Hal\u00e1la ut\u00e1n b\u00e1tyja Zsigmond f\u0151korm\u00e1nyz\u00f3 h\u00faga [&hellip;]<\/p>\n","protected":false},"featured_media":0,"comment_status":"open","ping_status":"closed","template":"","meta":[],"product_brand":[],"product_cat":[137],"product_tag":[],"class_list":{"0":"post-12644","1":"product","2":"type-product","3":"status-publish","5":"product_cat-maros-megyei-eletrajzi-lexikon","7":"first","8":"instock","9":"shipping-taxable","10":"product-type-simple"},"_links":{"self":[{"href":"https:\/\/uj.adatbank.ro\/lexikon\/wp-json\/wp\/v2\/product\/12644","targetHints":{"allow":["GET"]}}],"collection":[{"href":"https:\/\/uj.adatbank.ro\/lexikon\/wp-json\/wp\/v2\/product"}],"about":[{"href":"https:\/\/uj.adatbank.ro\/lexikon\/wp-json\/wp\/v2\/types\/product"}],"replies":[{"embeddable":true,"href":"https:\/\/uj.adatbank.ro\/lexikon\/wp-json\/wp\/v2\/comments?post=12644"}],"wp:attachment":[{"href":"https:\/\/uj.adatbank.ro\/lexikon\/wp-json\/wp\/v2\/media?parent=12644"}],"wp:term":[{"taxonomy":"product_brand","embeddable":true,"href":"https:\/\/uj.adatbank.ro\/lexikon\/wp-json\/wp\/v2\/product_brand?post=12644"},{"taxonomy":"product_cat","embeddable":true,"href":"https:\/\/uj.adatbank.ro\/lexikon\/wp-json\/wp\/v2\/product_cat?post=12644"},{"taxonomy":"product_tag","embeddable":true,"href":"https:\/\/uj.adatbank.ro\/lexikon\/wp-json\/wp\/v2\/product_tag?post=12644"}],"curies":[{"name":"wp","href":"https:\/\/api.w.org\/{rel}","templated":true}]}}