{"id":12645,"date":"2025-06-29T14:34:07","date_gmt":"2025-06-29T12:34:07","guid":{"rendered":"https:\/\/uj.adatbank.ro\/lexikon\/termek\/kornis-margit-homorodszentpali-rhedey-janosne\/"},"modified":"2025-06-29T14:34:07","modified_gmt":"2025-06-29T12:34:07","slug":"kornis-margit-homorodszentpali-rhedey-janosne","status":"publish","type":"product","link":"https:\/\/uj.adatbank.ro\/lexikon\/termek\/kornis-margit-homorodszentpali-rhedey-janosne\/","title":{"rendered":"KORNIS Margit, homor\u00f3dszentp\u00e1li, Rh\u00e9dey J\u00e1nosn\u00e9"},"content":{"rendered":"<p>? \u2020 ?: erd\u0151szentgy\u00f6rgyi, disznaj\u00f3i f\u00f6ldbirtokos. \u2013 K. Ferenc (\u2020 1615) udvarhelysz\u00e9ki f\u0151b\u00edr\u00f3 \u00e9s k\u00e1polnai Bornemisza Judit (\u2020. Disznaj\u00f3, 1636. m\u00e1j. 26) l\u00e1nya. F\u00e9rje kisr\u00e9dei Rh\u00e9dey J\u00e1nos (\u2020 1658) Esk\u00fcv\u0151 (1627). Gyermekei: Ferenc (1636\u201385), Istv\u00e1n (\u2020 1686), J\u00e1nos (\u2020 1686). \u2013 Disznaj\u00f3i \u00e9s erd\u0151szentgy\u00f6rgyi birtokos. Az erd\u0151szentgy\u00f6rgyi Kornis-k\u00fari\u00e1t hozom\u00e1nyk\u00e1nt vitte a h\u00e1zass\u00e1gba \u00e9s \u00edgy ker\u00fclt a Rh\u00e9deiek birtok\u00e1ba. Bethlen G\u00e1bor Rh\u00e9dey birtokk\u00e1 nyilv\u00e1n\u00edtotta (1627). B\u0151kez\u00fa aj\u00e9nd\u00e9kot adott az erd\u0151szentgy\u00f6rgyi ref. templomnak (1648): aranyos ez\u00fcst kehely, ahhoz egy aranyos keszjken\u0151, \u00f3nkanna az \u00farasztal\u00e1ra, h\u00edmzett sk\u00f3fiumos gyolcsabrosz,., <br \/><strong>Irod.:<\/strong> Kelemen Lajos 2006; K. L. M\u0171v. t\u00f6rt. tan. 1. Keresuztes 1995; Nagy Iv\u00e1n; Rh\u00e9deyek \u00e9s Fr\u00e1terek<\/br><\/p>\n","protected":false},"excerpt":{"rendered":"<p>? \u2020 ?: erd\u0151szentgy\u00f6rgyi, disznaj\u00f3i f\u00f6ldbirtokos. \u2013 K. Ferenc (\u2020 1615) udvarhelysz\u00e9ki f\u0151b\u00edr\u00f3 \u00e9s k\u00e1polnai Bornemisza Judit (\u2020. Disznaj\u00f3, 1636. m\u00e1j. 26) l\u00e1nya. F\u00e9rje kisr\u00e9dei Rh\u00e9dey J\u00e1nos (\u2020 1658) Esk\u00fcv\u0151 (1627). Gyermekei: Ferenc (1636\u201385), Istv\u00e1n (\u2020 1686), J\u00e1nos (\u2020 1686). \u2013 Disznaj\u00f3i \u00e9s erd\u0151szentgy\u00f6rgyi birtokos. Az erd\u0151szentgy\u00f6rgyi Kornis-k\u00fari\u00e1t hozom\u00e1nyk\u00e1nt vitte a h\u00e1zass\u00e1gba \u00e9s \u00edgy ker\u00fclt [&hellip;]<\/p>\n","protected":false},"featured_media":0,"comment_status":"open","ping_status":"closed","template":"","meta":[],"product_brand":[],"product_cat":[137],"product_tag":[],"class_list":{"0":"post-12645","1":"product","2":"type-product","3":"status-publish","5":"product_cat-maros-megyei-eletrajzi-lexikon","7":"first","8":"instock","9":"shipping-taxable","10":"product-type-simple"},"_links":{"self":[{"href":"https:\/\/uj.adatbank.ro\/lexikon\/wp-json\/wp\/v2\/product\/12645","targetHints":{"allow":["GET"]}}],"collection":[{"href":"https:\/\/uj.adatbank.ro\/lexikon\/wp-json\/wp\/v2\/product"}],"about":[{"href":"https:\/\/uj.adatbank.ro\/lexikon\/wp-json\/wp\/v2\/types\/product"}],"replies":[{"embeddable":true,"href":"https:\/\/uj.adatbank.ro\/lexikon\/wp-json\/wp\/v2\/comments?post=12645"}],"wp:attachment":[{"href":"https:\/\/uj.adatbank.ro\/lexikon\/wp-json\/wp\/v2\/media?parent=12645"}],"wp:term":[{"taxonomy":"product_brand","embeddable":true,"href":"https:\/\/uj.adatbank.ro\/lexikon\/wp-json\/wp\/v2\/product_brand?post=12645"},{"taxonomy":"product_cat","embeddable":true,"href":"https:\/\/uj.adatbank.ro\/lexikon\/wp-json\/wp\/v2\/product_cat?post=12645"},{"taxonomy":"product_tag","embeddable":true,"href":"https:\/\/uj.adatbank.ro\/lexikon\/wp-json\/wp\/v2\/product_tag?post=12645"}],"curies":[{"name":"wp","href":"https:\/\/api.w.org\/{rel}","templated":true}]}}