{"id":12647,"date":"2025-06-29T14:34:10","date_gmt":"2025-06-29T12:34:10","guid":{"rendered":"https:\/\/uj.adatbank.ro\/lexikon\/termek\/kornis-mihaly-homorodszentpali-erdoszentgyorgyi\/"},"modified":"2025-06-29T14:34:10","modified_gmt":"2025-06-29T12:34:10","slug":"kornis-mihaly-homorodszentpali-erdoszentgyorgyi","status":"publish","type":"product","link":"https:\/\/uj.adatbank.ro\/lexikon\/termek\/kornis-mihaly-homorodszentpali-erdoszentgyorgyi\/","title":{"rendered":"KORNIS Mih\u00e1ly, homor\u00f3dszentp\u00e1li, erd\u0151szentgy\u00f6rgyi"},"content":{"rendered":"<p>? \u2020 1582. m\u00e1rc. 31. Gyulafeh\u00e9rv\u00e1r, 1601: f\u00f6ldbirtokos, ad\u00f3sz\u00e1mvev\u0151, kamar\u00e1s, s\u00f3kamrai isp\u00e1n. \u2013 K. Mikl\u00f3s tan\u00e1csos \u00e9s Bikli Borb\u00e1la fia. Testv\u00e9rei: Farkas (\u2020 1600, Mih\u00e1ly vajda \u00f6lette meg), Ferenc, Margit, Ilona, Katalin. Feles\u00e9ge: Barcsay illetve anyja m\u00e1sodi f\u00e9rje ut\u00e1n Drakulya Borb\u00e1la; Recseny\u00e9di Borb\u00e1la; somker\u00e9ki Erd\u00e9lyi S\u00e1ra. Ut\u00f3d nincs. R\u00e9szt vett az erd\u00e9lyi ogy. -eken. A gyulafeh\u00e9rv\u00e1ri ogy.-en nevezt\u00e9k ki ad\u00f3 sz\u00e1mvev\u0151nek (1558). Neve el\u0151fordul az ogy.-i v\u00e9gz\u00e9seken (1560, 66). A szebeni ogy. megb\u00edzta a sz\u00e9kelys\u00e9gre kir\u00f3tt p\u00e9nzek beszed\u00e9s\u00e9vel (1566). J\u00e1nos Zsigmond h\u0171 embere, tagja volt annak a kis\u00e9retnek, amelyik elkis\u00e9rte Szulejm\u00e1n t\u00e1bor\u00e1ba (1566). J\u00e1nos Zsigmond hal\u00e1la ut\u00e1n a B\u00e1thoryak p\u00e1rtj\u00e1ra \u00e1llt. B\u00e1thory Krist\u00f3f utas\u00edt\u00e1s\u00e1ra udvarhelysz\u00e9ki \u00f6ssze\u00edr\u00f3 biztos (1571. j\u00fan. 10.), a sz\u00e9kely s\u00f3kamra isp\u00e1nja lett (1574\u201376), amit B\u00e1thory Krist\u00f3f vett vissza. R\u00f6vid ideig fogs\u00e1gba ker\u00fclt a sz\u00e9kely felkel\u00e9sben val\u00f3 r\u00e9szt v\u00e9tele miatt (1562). B\u00e1thori Istv\u00e1n lengyel kir\u00e1lyhoz int\u00e9zett k\u00e9r\u00e9st a szov\u00e1tai s\u00f3akn\u00e1hoz tartoz\u00f3 ter\u00fcletek j\u00f6vedelm\u00e9nek \u00fcgy\u00e9ben. Fegyveres konfliktusba ker\u00fclt ut\u00f3dj\u00e1val a s\u00f3kamrai isp\u00e1ns\u00e1gban, V\u00e1radi Kis P\u00e1l kancell\u00e1riai titk\u00e1rral, aki a Szov\u00e1ta meletti ter\u00fcletre embereket telep\u00edtett (1580), amit a kor\u00e1bbi lak\u00f3k s\u00e9relmeztek. Mint v\u00e9delmez\u0151j\u00fck K. embereivel lerombolta az odatelep\u00edtettek h\u00e1zait, ez\u00e9rt Gyulafeh\u00e9rv\u00e1ron fogs\u00e1gba vetett\u00e9k, B\u00e1thory Istv\u00e1nt\u00f3l k\u00e9rt bocs\u00e1natot (1581. j\u00fal. 13.), de m\u00e1r betegen szabadult ki \u00e9s meghalt birtok\u00e1n. Mih\u00e1ly vajda erd\u00e9lyi bet\u0151r\u00e9sekor (1599) siker\u00fclt elmenek\u00fclnie de k\u00e9s\u0151bb elfogt\u00e1k meg\u0151lt\u00e9k Mih\u00e1ly emberei testv\u00e9r\u00e9vel Farkassal (1601). Politikai ambici\u00f3i nem voltak, de ann\u00e1l ink\u00e1bb birtokszerz\u0151. Az \u00f6r\u00f6k\u00f6lt marossz\u00e9ki birtokokat n\u00f6velni igyekezett. Els\u0151 feles\u00e9ge v\u00e9grendelkez\u00e9se szerint (Erd\u0151szentgy\u00f6rgy, 1554. szept. 21.) \u00f6r\u00f6k\u00f6lte Erd\u0151szentgy\u00f6rgy\u00f6n, F\u00fcletelk\u00e9n, Egrest\u0151n a h\u00e1zakat az ing\u00f3s\u00e1gokkal egy\u00fctt \u00e9s B\u00e1ndon egy nemesi udvarh\u00e1zat (1554. szept. 21.). J\u00e1nos Zsigmond fejedelemt\u0151l kapta meg Erd\u0151szentgy\u00f6rgy\u00f6t (1562). A sz\u00e9kely felkel\u00e9s idej\u00e9n (1562) az \u00e1ltala vezetett sz\u00e9kely hadsereg k\u00e9tszer feld\u00falta Mih\u00e1lyfi Tam\u00e1s koronkai birtok\u00e1t. M\u00e1sodik feles\u00e9ge hal\u00e1la ut\u00e1n \u00f6r\u00f6k\u00f6lte Recseny\u00e9det, angyalosi \u00e9s borosnyai birtokait a hozz\u00e1tartoz\u00f3 r\u00e9szj\u00f3sz\u00e1gokkal egy\u00fctt. A fejedelem jelent\u0151s birtokadom\u00e1nyokkal jutalmazta Farkas \u00f6ccs\u00e9vel egy\u00fctt Udvarhelysz\u00e9ken. Marossz\u00e9ken is gyarapodott a birtoka: Makkfalv\u00e1n, Kib\u00e9den, Havadon, Vadasdon \u00e9s Erd\u0151szentgy\u00f6rgy\u00f6n, Borzondon, Cs\u00edkfalv\u00e1n \u00e9s Makkfalv\u00e1n. Fiv\u00e9r\u00e9vel megkapta adom\u00e1nyk\u00e9nt az \u00f6r\u00f6k\u00f6s n\u00e9lk\u00fcl meghalt szentannai L\u00e1z\u00e1r Ferenc birtokait: Szentann\u00e1n, Andr\u00e1sfalv\u00e1n, Szentimr\u00e9n, Torboszl\u00f3n, F\u00fcl\u00e9n (1578. jan. 11.), majd Bordoson \u00e9s B\u00f6z\u00f6d\u00fajfaluban szerzett birtokot (1579. m\u00e1j.), B\u00e1thory Krist\u00f3f fejedelemt\u0151l megkapta F\u00fcletelke, Egrest\u0151, Kissz\u0151l\u0151s, Hidv\u00e9g \u00e9s \u00c1rapatak j\u00f3sz\u00e1gokat, majd adom\u00e1nyt kapott Erd\u0151szentgy\u00f6rgy\u00f6n, Havadt\u0151n, Vadasdon, Cs\u00edkfalv\u00e1n, Szentistv\u00e1non (1579. m\u00e1j. 13.), Erd\u0151szentgy\u00f6rgy\u00f6n. Hal\u00e1la ut\u00e1n, feles\u00e9ge megosztozott f\u00e9rje birtokain s\u00f3gor\u00e1val, K. Farkassal. Nem volt ut\u00f3dja, Farkas nev\u0171 testv\u00e9r\u00e9nek fia, Ferenc \u00f6r\u00f6k\u00f6lte Erd\u0151szentgy\u00f6rgy\u00f6t, kinek le\u00e1nya Margit r\u00e9v\u00e9n az a Rh\u00e9deyek birtok\u00e1ba ker\u00fclt. <br \/><strong>Irod.:<\/strong> Basta; Horn Ildik\u00f3: Erd\u00e9lyi unit. 16. sz.; J\u00f3zsa Andr\u00e1s: Nagy Iv\u00e1n; Szov\u00e1ta 420 \u00e9ves (N\u00fa., 1998. szept. 8.); L\u00e9sty\u00e1n \u2013 templomok 1.; Mo f\u0151isp\u00e1njai; Nagy Iv\u00e1n; Rh\u00e9deyek \u00e9s Fr\u00e1terek; SZOkl 2; Szinnyei; Szov\u00e1ta; Torboszl\u00f3; Veress Endre 1917<\/br><\/p>\n","protected":false},"excerpt":{"rendered":"<p>? \u2020 1582. m\u00e1rc. 31. Gyulafeh\u00e9rv\u00e1r, 1601: f\u00f6ldbirtokos, ad\u00f3sz\u00e1mvev\u0151, kamar\u00e1s, s\u00f3kamrai isp\u00e1n. \u2013 K. Mikl\u00f3s tan\u00e1csos \u00e9s Bikli Borb\u00e1la fia. Testv\u00e9rei: Farkas (\u2020 1600, Mih\u00e1ly vajda \u00f6lette meg), Ferenc, Margit, Ilona, Katalin. Feles\u00e9ge: Barcsay illetve anyja m\u00e1sodi f\u00e9rje ut\u00e1n Drakulya Borb\u00e1la; Recseny\u00e9di Borb\u00e1la; somker\u00e9ki Erd\u00e9lyi S\u00e1ra. Ut\u00f3d nincs. R\u00e9szt vett az erd\u00e9lyi ogy. -eken. A [&hellip;]<\/p>\n","protected":false},"featured_media":0,"comment_status":"open","ping_status":"closed","template":"","meta":[],"product_brand":[],"product_cat":[137],"product_tag":[],"class_list":{"0":"post-12647","1":"product","2":"type-product","3":"status-publish","5":"product_cat-maros-megyei-eletrajzi-lexikon","7":"first","8":"instock","9":"shipping-taxable","10":"product-type-simple"},"_links":{"self":[{"href":"https:\/\/uj.adatbank.ro\/lexikon\/wp-json\/wp\/v2\/product\/12647","targetHints":{"allow":["GET"]}}],"collection":[{"href":"https:\/\/uj.adatbank.ro\/lexikon\/wp-json\/wp\/v2\/product"}],"about":[{"href":"https:\/\/uj.adatbank.ro\/lexikon\/wp-json\/wp\/v2\/types\/product"}],"replies":[{"embeddable":true,"href":"https:\/\/uj.adatbank.ro\/lexikon\/wp-json\/wp\/v2\/comments?post=12647"}],"wp:attachment":[{"href":"https:\/\/uj.adatbank.ro\/lexikon\/wp-json\/wp\/v2\/media?parent=12647"}],"wp:term":[{"taxonomy":"product_brand","embeddable":true,"href":"https:\/\/uj.adatbank.ro\/lexikon\/wp-json\/wp\/v2\/product_brand?post=12647"},{"taxonomy":"product_cat","embeddable":true,"href":"https:\/\/uj.adatbank.ro\/lexikon\/wp-json\/wp\/v2\/product_cat?post=12647"},{"taxonomy":"product_tag","embeddable":true,"href":"https:\/\/uj.adatbank.ro\/lexikon\/wp-json\/wp\/v2\/product_tag?post=12647"}],"curies":[{"name":"wp","href":"https:\/\/api.w.org\/{rel}","templated":true}]}}