{"id":12648,"date":"2025-06-29T14:34:12","date_gmt":"2025-06-29T12:34:12","guid":{"rendered":"https:\/\/uj.adatbank.ro\/lexikon\/termek\/kornis-miklos\/"},"modified":"2025-06-29T14:34:12","modified_gmt":"2025-06-29T12:34:12","slug":"kornis-miklos","status":"publish","type":"product","link":"https:\/\/uj.adatbank.ro\/lexikon\/termek\/kornis-miklos\/","title":{"rendered":"KORNIS Mikl\u00f3s"},"content":{"rendered":"<p>? \u2020 ?: f\u00f6ldbirtokos, politikus. \u2013 Kor\u00e1nak egyik befoly\u00e1sos politikusa, \u00e9s f\u00f6ldbirtokosa, akit politikai intrik\u00e1k k\u00f6vetkezt\u00e9ben azzal v\u00e1doltak, h. jogtalanul haszn\u00e1lt bizonyos f\u00f6ldter\u00fcleteket, k\u00f6zt\u00fck Szov\u00e1ta mez\u0151it is. B\u00e1thory fejedelem ez\u00e9rt a gyulafeh\u00e9rv\u00e1ri b\u00f6rt\u00f6nbe vetette \u0151t (1580). &#8211;<br \/><strong>Irod.:<\/strong> \u015eincan 2006<\/br><\/p>\n","protected":false},"excerpt":{"rendered":"<p>? \u2020 ?: f\u00f6ldbirtokos, politikus. \u2013 Kor\u00e1nak egyik befoly\u00e1sos politikusa, \u00e9s f\u00f6ldbirtokosa, akit politikai intrik\u00e1k k\u00f6vetkezt\u00e9ben azzal v\u00e1doltak, h. jogtalanul haszn\u00e1lt bizonyos f\u00f6ldter\u00fcleteket, k\u00f6zt\u00fck Szov\u00e1ta mez\u0151it is. B\u00e1thory fejedelem ez\u00e9rt a gyulafeh\u00e9rv\u00e1ri b\u00f6rt\u00f6nbe vetette \u0151t (1580). &#8211;Irod.: \u015eincan 2006<\/p>\n","protected":false},"featured_media":0,"comment_status":"open","ping_status":"closed","template":"","meta":[],"product_brand":[],"product_cat":[137],"product_tag":[],"class_list":{"0":"post-12648","1":"product","2":"type-product","3":"status-publish","5":"product_cat-maros-megyei-eletrajzi-lexikon","7":"first","8":"instock","9":"shipping-taxable","10":"product-type-simple"},"_links":{"self":[{"href":"https:\/\/uj.adatbank.ro\/lexikon\/wp-json\/wp\/v2\/product\/12648","targetHints":{"allow":["GET"]}}],"collection":[{"href":"https:\/\/uj.adatbank.ro\/lexikon\/wp-json\/wp\/v2\/product"}],"about":[{"href":"https:\/\/uj.adatbank.ro\/lexikon\/wp-json\/wp\/v2\/types\/product"}],"replies":[{"embeddable":true,"href":"https:\/\/uj.adatbank.ro\/lexikon\/wp-json\/wp\/v2\/comments?post=12648"}],"wp:attachment":[{"href":"https:\/\/uj.adatbank.ro\/lexikon\/wp-json\/wp\/v2\/media?parent=12648"}],"wp:term":[{"taxonomy":"product_brand","embeddable":true,"href":"https:\/\/uj.adatbank.ro\/lexikon\/wp-json\/wp\/v2\/product_brand?post=12648"},{"taxonomy":"product_cat","embeddable":true,"href":"https:\/\/uj.adatbank.ro\/lexikon\/wp-json\/wp\/v2\/product_cat?post=12648"},{"taxonomy":"product_tag","embeddable":true,"href":"https:\/\/uj.adatbank.ro\/lexikon\/wp-json\/wp\/v2\/product_tag?post=12648"}],"curies":[{"name":"wp","href":"https:\/\/api.w.org\/{rel}","templated":true}]}}