{"id":12649,"date":"2025-06-29T14:34:14","date_gmt":"2025-06-29T12:34:14","guid":{"rendered":"https:\/\/uj.adatbank.ro\/lexikon\/termek\/kornis-miklos-homorodszentpali\/"},"modified":"2025-06-29T14:34:14","modified_gmt":"2025-06-29T12:34:14","slug":"kornis-miklos-homorodszentpali","status":"publish","type":"product","link":"https:\/\/uj.adatbank.ro\/lexikon\/termek\/kornis-miklos-homorodszentpali\/","title":{"rendered":"KORNIS Mikl\u00f3s, homor\u00f3dszentp\u00e1li"},"content":{"rendered":"<p>? \u2020 1556.: f\u0151kapit\u00e1ny, \u00fcln\u00f6k, tan\u00e1cstag. \u2013 Feles\u00e9ge Bikli Borb\u00e1la, Bikli J\u00e1nos hunyadi f\u0151isp\u00e1n \u00e9s Harinnai Farkas Margit le\u00e1nya. (1525 k. \u2013). Gyermekeik: Mih\u00e1ly, Farkas (\u2020 1600, Mih\u00e1ly vajda \u00f6lette meg), Ferenc, Margit, Ilona, Katalin. \u2013 Abauj-Torna v\u00e1rmegy\u00e9b\u0151l sz\u00e1rmazott. Udvarhelysz\u00e9k f\u0151kapit\u00e1nya (1538), t\u00e1blai \u00fcln\u00f6k (1547), a Fr\u00e1ter Gy\u00f6rgy mell\u00e9 rendelt tan\u00e1cs tagja (1548), Udvarhelysz\u00e9k f\u0151kir\u00e1lyb\u00edr\u00f3ja (1555), Petrovics P\u00e9ter helytart\u00f3 melletti hattag\u00fa tan\u00e1csban a sz\u00e9kelyek k\u00e9pvisel\u0151je volt (1556), J\u00e1nos Zsigmond h\u00edve. Hirtelen hunyt el. <br \/><strong>Irod.:<\/strong> Horn Ildik\u00f3: Erd\u00e9lyi unit. 16. sz.<\/br><\/p>\n","protected":false},"excerpt":{"rendered":"<p>? \u2020 1556.: f\u0151kapit\u00e1ny, \u00fcln\u00f6k, tan\u00e1cstag. \u2013 Feles\u00e9ge Bikli Borb\u00e1la, Bikli J\u00e1nos hunyadi f\u0151isp\u00e1n \u00e9s Harinnai Farkas Margit le\u00e1nya. (1525 k. \u2013). Gyermekeik: Mih\u00e1ly, Farkas (\u2020 1600, Mih\u00e1ly vajda \u00f6lette meg), Ferenc, Margit, Ilona, Katalin. \u2013 Abauj-Torna v\u00e1rmegy\u00e9b\u0151l sz\u00e1rmazott. Udvarhelysz\u00e9k f\u0151kapit\u00e1nya (1538), t\u00e1blai \u00fcln\u00f6k (1547), a Fr\u00e1ter Gy\u00f6rgy mell\u00e9 rendelt tan\u00e1cs tagja (1548), Udvarhelysz\u00e9k f\u0151kir\u00e1lyb\u00edr\u00f3ja [&hellip;]<\/p>\n","protected":false},"featured_media":0,"comment_status":"open","ping_status":"closed","template":"","meta":[],"product_brand":[],"product_cat":[137],"product_tag":[],"class_list":{"0":"post-12649","1":"product","2":"type-product","3":"status-publish","5":"product_cat-maros-megyei-eletrajzi-lexikon","7":"first","8":"instock","9":"shipping-taxable","10":"product-type-simple"},"_links":{"self":[{"href":"https:\/\/uj.adatbank.ro\/lexikon\/wp-json\/wp\/v2\/product\/12649","targetHints":{"allow":["GET"]}}],"collection":[{"href":"https:\/\/uj.adatbank.ro\/lexikon\/wp-json\/wp\/v2\/product"}],"about":[{"href":"https:\/\/uj.adatbank.ro\/lexikon\/wp-json\/wp\/v2\/types\/product"}],"replies":[{"embeddable":true,"href":"https:\/\/uj.adatbank.ro\/lexikon\/wp-json\/wp\/v2\/comments?post=12649"}],"wp:attachment":[{"href":"https:\/\/uj.adatbank.ro\/lexikon\/wp-json\/wp\/v2\/media?parent=12649"}],"wp:term":[{"taxonomy":"product_brand","embeddable":true,"href":"https:\/\/uj.adatbank.ro\/lexikon\/wp-json\/wp\/v2\/product_brand?post=12649"},{"taxonomy":"product_cat","embeddable":true,"href":"https:\/\/uj.adatbank.ro\/lexikon\/wp-json\/wp\/v2\/product_cat?post=12649"},{"taxonomy":"product_tag","embeddable":true,"href":"https:\/\/uj.adatbank.ro\/lexikon\/wp-json\/wp\/v2\/product_tag?post=12649"}],"curies":[{"name":"wp","href":"https:\/\/api.w.org\/{rel}","templated":true}]}}