{"id":12651,"date":"2025-06-29T14:34:19","date_gmt":"2025-06-29T12:34:19","guid":{"rendered":"https:\/\/uj.adatbank.ro\/lexikon\/termek\/kornis-viktor-%c2%a7-goncruszkai-gr\/"},"modified":"2025-06-29T14:34:19","modified_gmt":"2025-06-29T12:34:19","slug":"kornis-viktor-%c2%a7-goncruszkai-gr","status":"publish","type":"product","link":"https:\/\/uj.adatbank.ro\/lexikon\/termek\/kornis-viktor-%c2%a7-goncruszkai-gr\/","title":{"rendered":"KORNIS Viktor, \u00a7 g\u00f6ncruszkai gr."},"content":{"rendered":"<p>Szentbenedek, 1840. \u00e1pr. 30., \u2020 Kv., 1905. jan. 19, temetve Szentbenedek.: szentbenedeki f\u00f6ldbirtokos, EMKE aleln\u00f6k. \u2013G\u00e1bor (1809\u20131877) \u00e9s osdolai Ku\u00fan Zs\u00f3fia fia. N\u0151tlen. Az EMKE alap\u00edt\u00f3 \u00e9s v\u00e1lasztott v\u00e1lasztm\u00e1nyi tagja (1885\u2013), aleln\u00f6ke (1895\u2013). Az EMKE kv.-i szervezked\u0151 k\u00f6zgy\u0171l\u00e9s\u00e9n az \u00e9rkez\u0151 k\u00f6z\u00f6ns\u00e9get gyalog vezette be az \u00e1llom\u00e1st\u00f3l a v\u00e1rosh\u00e1za el\u00e9, mert nem volt el\u00e9g kocsi fogad\u00e1sukra, majd a tagok nev\u00e9ben \u00fcdv\u00f6z\u00f6lte a polg\u00e1rmestert, aleln\u00f6k (1897\u2013). Holttest\u00e9t a tagok gr. Teleki Domokos aleln\u00f6k vezet\u00e9s\u00e9vel kis\u00e9rt\u00e9k Kv.-on a vas\u00fati \u00e1llom\u00e1sig, onnan Szentbenedekre, ahol eltemett\u00e9k. &#8211;<br \/><strong>Irod.:<\/strong> S\u00e1ndor ; S\u00e1ndor J\u00f3zsef : Eml\u00e9kez\u00e9s gr. Kornis Viktor \u00e9s gr. Teleki Domokos EMKE aleln\u00f6k\u00f6kre (Kv., 1907)<\/br><\/p>\n","protected":false},"excerpt":{"rendered":"<p>Szentbenedek, 1840. \u00e1pr. 30., \u2020 Kv., 1905. jan. 19, temetve Szentbenedek.: szentbenedeki f\u00f6ldbirtokos, EMKE aleln\u00f6k. \u2013G\u00e1bor (1809\u20131877) \u00e9s osdolai Ku\u00fan Zs\u00f3fia fia. N\u0151tlen. Az EMKE alap\u00edt\u00f3 \u00e9s v\u00e1lasztott v\u00e1lasztm\u00e1nyi tagja (1885\u2013), aleln\u00f6ke (1895\u2013). Az EMKE kv.-i szervezked\u0151 k\u00f6zgy\u0171l\u00e9s\u00e9n az \u00e9rkez\u0151 k\u00f6z\u00f6ns\u00e9get gyalog vezette be az \u00e1llom\u00e1st\u00f3l a v\u00e1rosh\u00e1za el\u00e9, mert nem volt el\u00e9g kocsi fogad\u00e1sukra, [&hellip;]<\/p>\n","protected":false},"featured_media":0,"comment_status":"open","ping_status":"closed","template":"","meta":[],"product_brand":[],"product_cat":[137],"product_tag":[],"class_list":{"0":"post-12651","1":"product","2":"type-product","3":"status-publish","5":"product_cat-maros-megyei-eletrajzi-lexikon","7":"first","8":"instock","9":"shipping-taxable","10":"product-type-simple"},"_links":{"self":[{"href":"https:\/\/uj.adatbank.ro\/lexikon\/wp-json\/wp\/v2\/product\/12651","targetHints":{"allow":["GET"]}}],"collection":[{"href":"https:\/\/uj.adatbank.ro\/lexikon\/wp-json\/wp\/v2\/product"}],"about":[{"href":"https:\/\/uj.adatbank.ro\/lexikon\/wp-json\/wp\/v2\/types\/product"}],"replies":[{"embeddable":true,"href":"https:\/\/uj.adatbank.ro\/lexikon\/wp-json\/wp\/v2\/comments?post=12651"}],"wp:attachment":[{"href":"https:\/\/uj.adatbank.ro\/lexikon\/wp-json\/wp\/v2\/media?parent=12651"}],"wp:term":[{"taxonomy":"product_brand","embeddable":true,"href":"https:\/\/uj.adatbank.ro\/lexikon\/wp-json\/wp\/v2\/product_brand?post=12651"},{"taxonomy":"product_cat","embeddable":true,"href":"https:\/\/uj.adatbank.ro\/lexikon\/wp-json\/wp\/v2\/product_cat?post=12651"},{"taxonomy":"product_tag","embeddable":true,"href":"https:\/\/uj.adatbank.ro\/lexikon\/wp-json\/wp\/v2\/product_tag?post=12651"}],"curies":[{"name":"wp","href":"https:\/\/api.w.org\/{rel}","templated":true}]}}