{"id":12652,"date":"2025-06-29T14:34:21","date_gmt":"2025-06-29T12:34:21","guid":{"rendered":"https:\/\/uj.adatbank.ro\/lexikon\/termek\/kornis-zsigmond-goncruszkai-gr\/"},"modified":"2025-06-29T14:34:21","modified_gmt":"2025-06-29T12:34:21","slug":"kornis-zsigmond-goncruszkai-gr","status":"publish","type":"product","link":"https:\/\/uj.adatbank.ro\/lexikon\/termek\/kornis-zsigmond-goncruszkai-gr\/","title":{"rendered":"KORNIS Zsigmond, g\u00f6ncruszkai gr."},"content":{"rendered":"<p>Meggyesfalva, 1718. aug. 15. \u2020 1777. j\u00fal. 1., temetve Kv. \u00f3v\u00e1ri Ferencrendi templom Kornis Kripta. \u2013 Zsigmond (1677\u20131731) \u00e9s B\u00e1lintitth Zsuzsanna (1681\u20131738) fia. Feles\u00e9ge hallerk\u0151i gr. Haller Anna (1730\u20131778), feh\u00e9regyh\u00e1zi \u00e1g, szentp\u00e1li \u00e1gazat. Esk\u00fcv\u0151 Szebenben (1746. okt. 4). \u2013 Szentbenedeken ferencesek szolg\u00e1ltak (1751\u201399). Gyermekei: Zsigmond (1750\u20131809), Anna-Macsk\u00e1si Ferencn\u00e9; Ign\u00e1c (1760\u20131819); Imre (1763\u20131836); Kl\u00e1ra (1771\u20131843) Teleki Tam\u00e1sn\u00e9. Tal\u00e1n \u00e9ltek Sz\u0151kefalv\u00e1n is a Haller udvarh\u00e1zban ?<br \/><strong>Irod.:<\/strong> B. Nagy Margit 1977; Gudenus; Gy\u00f6rgy: A ferencrendiek; Kelemen Lajos 2006; Nagy Iv\u00e1n; Veress Endre 1917<\/br><\/p>\n","protected":false},"excerpt":{"rendered":"<p>Meggyesfalva, 1718. aug. 15. \u2020 1777. j\u00fal. 1., temetve Kv. \u00f3v\u00e1ri Ferencrendi templom Kornis Kripta. \u2013 Zsigmond (1677\u20131731) \u00e9s B\u00e1lintitth Zsuzsanna (1681\u20131738) fia. Feles\u00e9ge hallerk\u0151i gr. Haller Anna (1730\u20131778), feh\u00e9regyh\u00e1zi \u00e1g, szentp\u00e1li \u00e1gazat. Esk\u00fcv\u0151 Szebenben (1746. okt. 4). \u2013 Szentbenedeken ferencesek szolg\u00e1ltak (1751\u201399). Gyermekei: Zsigmond (1750\u20131809), Anna-Macsk\u00e1si Ferencn\u00e9; Ign\u00e1c (1760\u20131819); Imre (1763\u20131836); Kl\u00e1ra (1771\u20131843) Teleki [&hellip;]<\/p>\n","protected":false},"featured_media":0,"comment_status":"open","ping_status":"closed","template":"","meta":[],"product_brand":[],"product_cat":[137],"product_tag":[],"class_list":{"0":"post-12652","1":"product","2":"type-product","3":"status-publish","5":"product_cat-maros-megyei-eletrajzi-lexikon","7":"first","8":"instock","9":"shipping-taxable","10":"product-type-simple"},"_links":{"self":[{"href":"https:\/\/uj.adatbank.ro\/lexikon\/wp-json\/wp\/v2\/product\/12652","targetHints":{"allow":["GET"]}}],"collection":[{"href":"https:\/\/uj.adatbank.ro\/lexikon\/wp-json\/wp\/v2\/product"}],"about":[{"href":"https:\/\/uj.adatbank.ro\/lexikon\/wp-json\/wp\/v2\/types\/product"}],"replies":[{"embeddable":true,"href":"https:\/\/uj.adatbank.ro\/lexikon\/wp-json\/wp\/v2\/comments?post=12652"}],"wp:attachment":[{"href":"https:\/\/uj.adatbank.ro\/lexikon\/wp-json\/wp\/v2\/media?parent=12652"}],"wp:term":[{"taxonomy":"product_brand","embeddable":true,"href":"https:\/\/uj.adatbank.ro\/lexikon\/wp-json\/wp\/v2\/product_brand?post=12652"},{"taxonomy":"product_cat","embeddable":true,"href":"https:\/\/uj.adatbank.ro\/lexikon\/wp-json\/wp\/v2\/product_cat?post=12652"},{"taxonomy":"product_tag","embeddable":true,"href":"https:\/\/uj.adatbank.ro\/lexikon\/wp-json\/wp\/v2\/product_tag?post=12652"}],"curies":[{"name":"wp","href":"https:\/\/api.w.org\/{rel}","templated":true}]}}