{"id":12653,"date":"2025-06-29T14:34:22","date_gmt":"2025-06-29T12:34:22","guid":{"rendered":"https:\/\/uj.adatbank.ro\/lexikon\/termek\/kornis-zsigmond-goncruszkai-l-br-gr\/"},"modified":"2025-06-29T14:34:22","modified_gmt":"2025-06-29T12:34:22","slug":"kornis-zsigmond-goncruszkai-l-br-gr","status":"publish","type":"product","link":"https:\/\/uj.adatbank.ro\/lexikon\/termek\/kornis-zsigmond-goncruszkai-l-br-gr\/","title":{"rendered":"KORNIS Zsigmond, g\u00f6ncruszkai l. br., gr."},"content":{"rendered":"<p>1677. aug. 10., \u2020 1731. dec. 15., temetve Kv. \u00f3v\u00e1ri Ferencrendi templom Kornis kripta: guberniumi tan\u00e1csos, erd\u00e9lyi f\u0151korm\u00e1nyz\u00f3, cs. k. kamar\u00e1s, vbtt. \u2013 K. G\u00e1sp\u00e1r (1641\u201383) marossz\u00e9ki f\u0151kapit\u00e1ny \u00e9s gr. Cs\u00e1ky M\u00e1ria (\u2020 1688 e.) fia. Feles\u00e9ge t\u00f6visi B\u00e1lintith Zsuzs\u00e1nna (1681\u20131738). Esk\u00fcv\u0151 (K\u00f6rtv\u00e9lyf\u00e1ja, 1694), f\u00e9nyes lakodalm\u00e1t Mv.-en tartotta (1695) az akkor itt tartott orsz\u00e1ggy\u0171l\u00e9s alatt a Borb\u00e9ly Bal\u00e1zs v\u00e1rosi h\u00e1zn\u00e1l. Gyermekeik: Ferenc (1703\u201365), Zsuzsanna- els\u0151 f\u00e9rje L\u00e1z\u00e1r L\u00e1szl\u00f3 (1708\u20131741), az \u0151 r\u00e9v\u00e9n ker\u00fclt vissza a templom a meggyesfalvi templom a katolikusoknak (1716), kast\u00e9ly a L\u00e1z\u00e1rok birtok\u00e1ba; K. Zsigmond (1718\u201377). Feles\u00e9ge \u00e9s Zsuzs\u00e1nna l\u00e1nya \u00e9s kiskorukban elhalt gyermekei a meggyesfalvi r. k. templomban vannak eltemetve. A szentbenedeki kast\u00e9ly tulajdonosa. A felvon\u00f3h\u00edd \u00e9s a kaputorony \u00e9p\u00edttet\u0151je, a kast\u00e9lyk\u00e1polna disz\u00edt\u0151je. Udvari kancell\u00e1r (1710), Erd\u00e9ly f\u0151korm\u00e1nyz\u00f3ja (1713\u201331), cs. k. kamar\u00e1s, vbtt. Habsburg-bar\u00e1t politikus volt. Testv\u00e9r\u00e9vel, Istv\u00e1nnal egy\u00fctt \u00f6r\u00f6k\u00f6s gr\u00f3fs\u00e1got nyert (1712). A katolikus misszi\u00f3nak nagy p\u00e1rtfog\u00f3ja volt. Az \u0151 h\u00e1z\u00e1ban laktak az els\u0151 \u00edzben Mv.-en pr\u00f3b\u00e1lkoz\u00f3 jezsuit\u00e1k \u00e9s az \u0151 t\u00e1mogat\u00e1s\u00e1val kezdt\u00e9k \u00e9p\u00edteni a k\u00e9ttorny\u00fa pl\u00e9b\u00e1niatemplomot (1728). Sokat tart\u00f3zkodott Meggyesfalv\u00e1n, mely feles\u00e9g\u00e9re a kihalt Angyalosi csal\u00e1dr\u00f3l maradt, ott temett\u00e9k el t\u00f6bb gyermek\u00fcket \u00e9s nej\u00e9t is a templomban. Birtoka \u00e9s udvarh\u00e1za volt, ahol amikor t\u0171z puszt\u00edtott (1718), n\u00e9h\u00e1ny koll\u00e9giumi di\u00e1k seg\u00edts\u00e9g\u00e9vel siker\u00fclt megakad\u00e1lyozni annak tov\u00e1bb terjed\u00e9s\u00e9t. H\u00e1l\u00e1bol ez\u00e9rt a malomfalvi hat\u00e1ron ki\u00e1sott t\u00f6bb szek\u00e9rre val\u00f3 k\u00f6vet aj\u00e1nd\u00e9kozott a ref. koll. \u00e9p\u00edt\u00e9s\u00e9re. Meger\u0151s\u00edtette \u00e9s hiteles\u00edtette a mv.-i m\u00e9sz\u00e1ros c\u00e9h szabadalomlevel\u00e9t (1717. febr. 8.). Vall\u00e1sos ember volt, buzg\u00f3 katolikus, olt\u00e1rokat, templomi szobrokat emeltetett. A mikh\u00e1zai ferences templom nagyolt\u00e1r\u00e1nak m\u00e1riacelli M\u00e1ria-k\u00e9pet B\u00e9csb\u0151l hozatta (1692). A mv.-i kis kat. K\u00e1poln\u00e1nak f\u0151olt\u00e1r\u00e1ra adom\u00e1nyozta a Boldogs\u00e1gos sz\u0171z megkoron\u00e1z\u00e1sa festm\u00e9nyt (1704). Seg\u00edts\u00e9g\u00e9vel szerezt\u00e9k meg a kor\u00e1bban a Kornis kast\u00e9lyban mis\u00e9z\u0151 jezsuit\u00e1k az \u00fcresen \u00e1ll\u00f3 romos meggyesfalvi ref. templomot (1716). \u00c1talak\u00edtatta a kv.-i Ferencrendi templom haj\u00f3j\u00e1hoz csatlakoz\u00f3 egyik k\u00e1poln\u00e1t, alatta a Kornis kripta, \u00e9s oda vitette a szentbenedeki kast\u00e9lyb\u00f3l a XVI. sz.-ban k\u00e9sz\u00fclt h\u00edres renesz\u00e1nsz fesz\u00fcletet. A f\u00fczesmikolai ortodox fatemplom k\u00f6nnyez\u0151 M\u00e1ria ikonj\u00e1t szentbenedeki kast\u00e9ly\u00e1ba vitette (1699) \u00e9s h\u00e1zi k\u00e1poln\u00e1j\u00e1nak olt\u00e1r\u00e1n helyeztette el, k\u00e9s\u0151bb a kv.-i jezsuit\u00e1k birtok\u00e1ba jutott, majd relief m\u00e1solatait Szentbenedeken \u00e9s a Kor\u00f3di udvarh\u00e1za k\u00e1poln\u00e1j\u00e1ba tette. <br \/><strong>Irod.:<\/strong> \u00c1ll\u00f3- \u00e9s mozg\u00f3k\u00e9pek; \u00c1rva Bethlen K.; B. Nagy Margit; Bicsok-Orb\u00e1n; Ferenczi S\u00e1ndor 2012; Gudenus; Id\u0151t\u00e1r 1; Kelemen Lajos 2006; L\u00e9sty\u00e1n \u2013 templomok 1.; Maros megye; Marosz\u00e9k; Nagy Iv\u00e1n; Tr\u00f3cs\u00e1nyi 1988, \u00daM\u00c9L; Vass Mikl\u00f3s; Veress Endre 1917<\/br><\/p>\n","protected":false},"excerpt":{"rendered":"<p>1677. aug. 10., \u2020 1731. dec. 15., temetve Kv. \u00f3v\u00e1ri Ferencrendi templom Kornis kripta: guberniumi tan\u00e1csos, erd\u00e9lyi f\u0151korm\u00e1nyz\u00f3, cs. k. kamar\u00e1s, vbtt. \u2013 K. G\u00e1sp\u00e1r (1641\u201383) marossz\u00e9ki f\u0151kapit\u00e1ny \u00e9s gr. Cs\u00e1ky M\u00e1ria (\u2020 1688 e.) fia. Feles\u00e9ge t\u00f6visi B\u00e1lintith Zsuzs\u00e1nna (1681\u20131738). Esk\u00fcv\u0151 (K\u00f6rtv\u00e9lyf\u00e1ja, 1694), f\u00e9nyes lakodalm\u00e1t Mv.-en tartotta (1695) az akkor itt tartott orsz\u00e1ggy\u0171l\u00e9s alatt [&hellip;]<\/p>\n","protected":false},"featured_media":0,"comment_status":"open","ping_status":"closed","template":"","meta":[],"product_brand":[],"product_cat":[137],"product_tag":[],"class_list":{"0":"post-12653","1":"product","2":"type-product","3":"status-publish","5":"product_cat-maros-megyei-eletrajzi-lexikon","7":"first","8":"instock","9":"shipping-taxable","10":"product-type-simple"},"_links":{"self":[{"href":"https:\/\/uj.adatbank.ro\/lexikon\/wp-json\/wp\/v2\/product\/12653","targetHints":{"allow":["GET"]}}],"collection":[{"href":"https:\/\/uj.adatbank.ro\/lexikon\/wp-json\/wp\/v2\/product"}],"about":[{"href":"https:\/\/uj.adatbank.ro\/lexikon\/wp-json\/wp\/v2\/types\/product"}],"replies":[{"embeddable":true,"href":"https:\/\/uj.adatbank.ro\/lexikon\/wp-json\/wp\/v2\/comments?post=12653"}],"wp:attachment":[{"href":"https:\/\/uj.adatbank.ro\/lexikon\/wp-json\/wp\/v2\/media?parent=12653"}],"wp:term":[{"taxonomy":"product_brand","embeddable":true,"href":"https:\/\/uj.adatbank.ro\/lexikon\/wp-json\/wp\/v2\/product_brand?post=12653"},{"taxonomy":"product_cat","embeddable":true,"href":"https:\/\/uj.adatbank.ro\/lexikon\/wp-json\/wp\/v2\/product_cat?post=12653"},{"taxonomy":"product_tag","embeddable":true,"href":"https:\/\/uj.adatbank.ro\/lexikon\/wp-json\/wp\/v2\/product_tag?post=12653"}],"curies":[{"name":"wp","href":"https:\/\/api.w.org\/{rel}","templated":true}]}}