{"id":12656,"date":"2025-06-29T14:34:28","date_gmt":"2025-06-29T12:34:28","guid":{"rendered":"https:\/\/uj.adatbank.ro\/lexikon\/termek\/kornis-goncruszkai-gr-csalad\/"},"modified":"2025-06-29T14:34:28","modified_gmt":"2025-06-29T12:34:28","slug":"kornis-goncruszkai-gr-csalad","status":"publish","type":"product","link":"https:\/\/uj.adatbank.ro\/lexikon\/termek\/kornis-goncruszkai-gr-csalad\/","title":{"rendered":"KORNIS, g\u00f6ncruszkai gr. csal\u00e1d"},"content":{"rendered":"<p>Aba\u00faj megyei eredet\u0171 csal\u00e1d, Ruszk\u00e1r\u00f3l \u00edrta el\u0151nev\u00e9t (1243). Egy ideig a dun\u00e1nt\u00fali Thabajdon \u00e9ltek. Erd\u00e9lybe Szapolyai J\u00e1nos kor\u00e1ban ker\u00fclt a csal\u00e1d, Kornis I. Mikl\u00f3snak fia J\u00e1nos \u00e1ltal, aki Szapolyainak kir\u00e1lynak h\u00edve volt Ferdinand ellen\u00e9ben, \u00e9s Udvarhelysz\u00e9ken nyert birtokot. Ez\u00e9rt Sz\u00e9kely Kornisnak is h\u00edvt\u00e1k. Fia Mikl\u00f3s birtoka ut\u00e1n a homor\u00f3dszentp\u00e1li el\u0151nevet haszn\u00e1lta. A csal\u00e1d tagjai mint f\u0151kapit\u00e1nyok, f\u0151isp\u00e1nok nagy szerepet j\u00e1tszottak Erd\u00e9ly t\u00f6rt\u00e9net\u00e9ben. A csal\u00e1d r k., az egyh\u00e1z b\u0151kez\u0171t\u00e1mogat\u00f3i, \u00f6r\u00f6k\u00f6s jogon tagja a f\u0151rendih\u00e1znak. K. G\u00e1sp\u00e1r B\u00e1thori Zsigmond h\u00edve, j\u00f3sz\u00e1got nyert Radn\u00f3ton (1596). Erd\u00e9lyi b\u00e1r\u00f3i rangot Boldizs\u00e1r kapott (1609. okt. 26), B\u00e1r\u00f3i rangja 1636. febr. 11., gr\u00f3fi rangja 1712. okt. 28. kelt Istv\u00e1n \u00e9s Zsigmond r\u00e9v\u00e9n. C\u00edmer k\u00e9k mez\u0151ben z\u00f6ld h\u00e1rmas hegyenjobbra ugr\u00f3 ez\u00fcst egyszarv\u00fa arany szarvas. Kornis K\u00e1roly a csal\u00e1d teljes lev\u00e9lt\u00e1r\u00e1t \u00f6r\u00f6k\u00f6s let\u00e9tbe helyezte az Erd\u00e9lyi Nemzeti M\u00fazeum lev\u00e9lt\u00e1r\u00e1ban. Kast\u00e9lyaik Erd\u00e9lyben : Homor\u00f3dszentp\u00e1l; Kast\u00e9lyok \u00e9s udvarh\u00e1zak Marosmegy\u00e9ben: Abosfalva, Erd\u0151szentgy\u00f6rgy, Gyulakuta, Hadr\u00e9v, Kor\u00f3d, Meggyesfalva- B\u00e1lintitt Zsuzsanna (1681\u20131738) \u00e9s f\u00e9rje Kornis Zsigmond valamint le\u00e1nyuk Kornis Zsuzsanna Zs\u00f3fia (1708\u20131741) r\u00e9v\u00e9n ker\u00fclt a csal\u00e1dhoz, ez ut\u00f3bbi L\u00e1z\u00e1r L\u00e1szl\u00f3hoz ment f\u00e9rjhez \u00edgy a L\u00e1z\u00e1rok vett\u00e9k birtokukba a kast\u00e9lyt, Mez\u0151panit, Radn\u00f3t, Szentdemete. Birtokaik voltak: Balav\u00e1s\u00e1r, Bordos, Borz\u00e1s, Cs\u00f3kfalva, Cs\u00fcd\u0151telke, D\u00e9da, Disznaj\u00f3, Dics\u0151szentm\u00e1rton, Dom\u00e1ld, Erd\u0151alja, F\u00fcletelke, G\u00e1lfalva, Havadt\u0151, Kor\u00f3dszentm\u00e1rton, Lack\u00f3d, Maroshod\u00e1k, Marosszak\u00e1l, Mesterh\u00e1za, Mez\u0151gerebenes, P\u00f3csfalva, Szentdemeter, Sz\u00e9kelysz\u00e1ll\u00e1s, Sz\u00e9naver\u0151s, V\u00e9cke, Z\u00e1gor <br \/><strong>Irod.:<\/strong> \u00c1ll\u00f3- \u00e9s mozg\u00f3k\u00e9pek; Kelemen Lajos 2006; Kempelen; Kornis; MNZS; Nagy Iv\u00e1n; Veress Endre 1917<\/br><\/p>\n","protected":false},"excerpt":{"rendered":"<p>Aba\u00faj megyei eredet\u0171 csal\u00e1d, Ruszk\u00e1r\u00f3l \u00edrta el\u0151nev\u00e9t (1243). Egy ideig a dun\u00e1nt\u00fali Thabajdon \u00e9ltek. Erd\u00e9lybe Szapolyai J\u00e1nos kor\u00e1ban ker\u00fclt a csal\u00e1d, Kornis I. Mikl\u00f3snak fia J\u00e1nos \u00e1ltal, aki Szapolyainak kir\u00e1lynak h\u00edve volt Ferdinand ellen\u00e9ben, \u00e9s Udvarhelysz\u00e9ken nyert birtokot. Ez\u00e9rt Sz\u00e9kely Kornisnak is h\u00edvt\u00e1k. Fia Mikl\u00f3s birtoka ut\u00e1n a homor\u00f3dszentp\u00e1li el\u0151nevet haszn\u00e1lta. A csal\u00e1d tagjai mint [&hellip;]<\/p>\n","protected":false},"featured_media":0,"comment_status":"open","ping_status":"closed","template":"","meta":[],"product_brand":[],"product_cat":[137],"product_tag":[],"class_list":{"0":"post-12656","1":"product","2":"type-product","3":"status-publish","5":"product_cat-maros-megyei-eletrajzi-lexikon","7":"first","8":"instock","9":"shipping-taxable","10":"product-type-simple"},"_links":{"self":[{"href":"https:\/\/uj.adatbank.ro\/lexikon\/wp-json\/wp\/v2\/product\/12656","targetHints":{"allow":["GET"]}}],"collection":[{"href":"https:\/\/uj.adatbank.ro\/lexikon\/wp-json\/wp\/v2\/product"}],"about":[{"href":"https:\/\/uj.adatbank.ro\/lexikon\/wp-json\/wp\/v2\/types\/product"}],"replies":[{"embeddable":true,"href":"https:\/\/uj.adatbank.ro\/lexikon\/wp-json\/wp\/v2\/comments?post=12656"}],"wp:attachment":[{"href":"https:\/\/uj.adatbank.ro\/lexikon\/wp-json\/wp\/v2\/media?parent=12656"}],"wp:term":[{"taxonomy":"product_brand","embeddable":true,"href":"https:\/\/uj.adatbank.ro\/lexikon\/wp-json\/wp\/v2\/product_brand?post=12656"},{"taxonomy":"product_cat","embeddable":true,"href":"https:\/\/uj.adatbank.ro\/lexikon\/wp-json\/wp\/v2\/product_cat?post=12656"},{"taxonomy":"product_tag","embeddable":true,"href":"https:\/\/uj.adatbank.ro\/lexikon\/wp-json\/wp\/v2\/product_tag?post=12656"}],"curies":[{"name":"wp","href":"https:\/\/api.w.org\/{rel}","templated":true}]}}