{"id":12658,"date":"2025-06-29T14:34:31","date_gmt":"2025-06-29T12:34:31","guid":{"rendered":"https:\/\/uj.adatbank.ro\/lexikon\/termek\/kornya-janos\/"},"modified":"2025-06-29T14:34:31","modified_gmt":"2025-06-29T12:34:31","slug":"kornya-janos","status":"publish","type":"product","link":"https:\/\/uj.adatbank.ro\/lexikon\/termek\/kornya-janos\/","title":{"rendered":"KORNYA J\u00e1nos"},"content":{"rendered":"<p>Maross\u00e1rpatak, 1869., \u2020 ?: gazd\u00e1lkod\u00f3. \u2013 Iskol\u00e1i elv\u00e9gz\u00e9se ut\u00e1n apj\u00e1t\u00f3l tanult gazd\u00e1lkodni, \u00f6n\u00e1ll\u00f3 lett sz\u00fcl\u0151faluj\u00e1ban (1890\u2013). Az els\u0151 vh.-ban a 12. tr\u00e9n-divizi\u00f3ban az olasz \u00e9s orosz fronton harcolt. A Hangya fel\u00fcgy. Biz. \u00e9s a Hitelsz\u00f6vetkezet tagja, a Tejsz\u00f6vetkezet vezet\u0151je, a ref. egyh\u00e1z presbitere volt. <br \/><strong>Irod.:<\/strong> Sz\u00e9kelyf\u00f6ld \u00ed. k.<\/br><\/p>\n","protected":false},"excerpt":{"rendered":"<p>Maross\u00e1rpatak, 1869., \u2020 ?: gazd\u00e1lkod\u00f3. \u2013 Iskol\u00e1i elv\u00e9gz\u00e9se ut\u00e1n apj\u00e1t\u00f3l tanult gazd\u00e1lkodni, \u00f6n\u00e1ll\u00f3 lett sz\u00fcl\u0151faluj\u00e1ban (1890\u2013). Az els\u0151 vh.-ban a 12. tr\u00e9n-divizi\u00f3ban az olasz \u00e9s orosz fronton harcolt. A Hangya fel\u00fcgy. Biz. \u00e9s a Hitelsz\u00f6vetkezet tagja, a Tejsz\u00f6vetkezet vezet\u0151je, a ref. egyh\u00e1z presbitere volt. Irod.: Sz\u00e9kelyf\u00f6ld \u00ed. k.<\/p>\n","protected":false},"featured_media":0,"comment_status":"open","ping_status":"closed","template":"","meta":[],"product_brand":[],"product_cat":[137],"product_tag":[],"class_list":{"0":"post-12658","1":"product","2":"type-product","3":"status-publish","5":"product_cat-maros-megyei-eletrajzi-lexikon","7":"first","8":"instock","9":"shipping-taxable","10":"product-type-simple"},"_links":{"self":[{"href":"https:\/\/uj.adatbank.ro\/lexikon\/wp-json\/wp\/v2\/product\/12658","targetHints":{"allow":["GET"]}}],"collection":[{"href":"https:\/\/uj.adatbank.ro\/lexikon\/wp-json\/wp\/v2\/product"}],"about":[{"href":"https:\/\/uj.adatbank.ro\/lexikon\/wp-json\/wp\/v2\/types\/product"}],"replies":[{"embeddable":true,"href":"https:\/\/uj.adatbank.ro\/lexikon\/wp-json\/wp\/v2\/comments?post=12658"}],"wp:attachment":[{"href":"https:\/\/uj.adatbank.ro\/lexikon\/wp-json\/wp\/v2\/media?parent=12658"}],"wp:term":[{"taxonomy":"product_brand","embeddable":true,"href":"https:\/\/uj.adatbank.ro\/lexikon\/wp-json\/wp\/v2\/product_brand?post=12658"},{"taxonomy":"product_cat","embeddable":true,"href":"https:\/\/uj.adatbank.ro\/lexikon\/wp-json\/wp\/v2\/product_cat?post=12658"},{"taxonomy":"product_tag","embeddable":true,"href":"https:\/\/uj.adatbank.ro\/lexikon\/wp-json\/wp\/v2\/product_tag?post=12658"}],"curies":[{"name":"wp","href":"https:\/\/api.w.org\/{rel}","templated":true}]}}