{"id":12660,"date":"2025-06-29T14:34:36","date_gmt":"2025-06-29T12:34:36","guid":{"rendered":"https:\/\/uj.adatbank.ro\/lexikon\/termek\/kornyey-istvan-%c2%a7-kornyei-istvan\/"},"modified":"2025-06-29T14:34:36","modified_gmt":"2025-06-29T12:34:36","slug":"kornyey-istvan-%c2%a7-kornyei-istvan","status":"publish","type":"product","link":"https:\/\/uj.adatbank.ro\/lexikon\/termek\/kornyey-istvan-%c2%a7-kornyei-istvan\/","title":{"rendered":"K\u00d6RNYEY Istv\u00e1n, \u00a7 K\u00f6rnyei Istv\u00e1n"},"content":{"rendered":"<p>G\u00f6rz, 1901. j\u00fal. 29., \u2020 Bp., 1988. j\u00fal. 20.: ideg- \u00e9s elmegy\u00f3gy\u00e1sz, egyetemi tan\u00e1r, akad\u00e9mikus. \u2013 Diplom\u00e1j\u00e1t a bp.-i egyetem orvosi kar\u00e1n szerezte (1923), ugyanott az Anat\u00f3mia ill. Az Agysz\u00f6vettani Int\u00e9zetben kezdte p\u00e1ly\u00e1j\u00e1t; egyetemi tan\u00e1r Kv.-on (1941\u2013) \u00e9s klinikaif\u0151orvos, megszervezte az Idegklinika Idegseb\u00e9szeti Oszt\u00e1ly\u00e1t, majd az egyetem Mv. -re k\u00f6lt\u00f6z\u00e9sekor, a mv.-i BTE \u2013 Orvosi Kar\u00e1n az idegseb\u00e9szet professzora (1945\u201347) \u00e9s az orvost\u00f6rt\u00e9netet is leadta (1946. febr. \u2013). A mv.-i Idegseb\u00e9szeti Klinika vezet\u0151je t\u00e1voz\u00e1s\u00e1ig, ut\u00f3da Andr\u00e1soffszky Tibor. A p\u00e9csi egyetem tan\u00e1ra (1947\u2013), az Ideg- \u00e9s Elmeklinika igazgat\u00f3ja (\u20131972). A MTA rendes tagja. Erd\u00e9lyi tev\u00e9kenys\u00e9ge sor\u00e1n az EME Orvostudom\u00e1nyi \u00c9rtes\u00edt\u0151j\u00e9nek munkat\u00e1rsa. Sz\u00e1mos tudom\u00e1nyos dolgozatot \u00edrt amelyek megjelentek n\u00e9met szakfoly\u00f3iratokban valamint a a FJTE Acta Medica sorozat\u00e1ban \u00e9s a BTE Elmegy\u00f3gy\u00e1szati Klinik\u00e1j\u00e1nak K\u00f6zlem\u00e9nyeiben. Sz\u00f6vetpatol\u00f3giai \u00e9s ideggy\u00f3gy\u00e1szati f\u0151m\u0171vei n\u00e9met\u00fcl \u00e9s angolul Bp.-en \u00e9s P\u00e9csett jelentek meg (1955\u201376). \u2013 <strong>F. m.:<\/strong> A csigolyak\u00f6zti korongok s\u00e9rvk\u00e9pz\u0151d\u00e9se \u00e1ltal okozott idegrendszeri k\u00f3rk\u00e9prkr\u0151l, k\u00fcl\u00f6n\u00f6s tekintettel a t\u00fcneti ischiasra (Kv., 1947); A poliomyelitis kezdeti szakasz\u00e1nak probl\u00e9m\u00e1i (Kv., 1947); Histopatologie und klinische Symptomatologie der Anoxische-vasalen Hirnsch\u00e4digungen (Bp, 1955); Historry of neurological science (P\u00e9cs, 1976); <strong>t\u00e1rssz.:<\/strong> Adato a Wilson-pseudosklerosis k\u00f3rtan\u00e1hoz (Jakab Ir\u00e9nnel; H. n., 1949); Neuropathologia (Bp., 1987). <br \/><strong>Irod.:<\/strong> Genersich; Komj\u00e1tszegi; M\u00c9L P\u00e9terffy \u00c1. &#8211; P. P.; RMIL; Sz\u00f6ll\u0151si 2009; T\u00f3th\u2013G\u00e1bor; \u00daM\u00c9L; Viharban; Vincze 2010<\/br><\/p>\n","protected":false},"excerpt":{"rendered":"<p>G\u00f6rz, 1901. j\u00fal. 29., \u2020 Bp., 1988. j\u00fal. 20.: ideg- \u00e9s elmegy\u00f3gy\u00e1sz, egyetemi tan\u00e1r, akad\u00e9mikus. \u2013 Diplom\u00e1j\u00e1t a bp.-i egyetem orvosi kar\u00e1n szerezte (1923), ugyanott az Anat\u00f3mia ill. Az Agysz\u00f6vettani Int\u00e9zetben kezdte p\u00e1ly\u00e1j\u00e1t; egyetemi tan\u00e1r Kv.-on (1941\u2013) \u00e9s klinikaif\u0151orvos, megszervezte az Idegklinika Idegseb\u00e9szeti Oszt\u00e1ly\u00e1t, majd az egyetem Mv. -re k\u00f6lt\u00f6z\u00e9sekor, a mv.-i BTE \u2013 Orvosi [&hellip;]<\/p>\n","protected":false},"featured_media":0,"comment_status":"open","ping_status":"closed","template":"","meta":[],"product_brand":[],"product_cat":[137],"product_tag":[],"class_list":{"0":"post-12660","1":"product","2":"type-product","3":"status-publish","5":"product_cat-maros-megyei-eletrajzi-lexikon","7":"first","8":"instock","9":"shipping-taxable","10":"product-type-simple"},"_links":{"self":[{"href":"https:\/\/uj.adatbank.ro\/lexikon\/wp-json\/wp\/v2\/product\/12660","targetHints":{"allow":["GET"]}}],"collection":[{"href":"https:\/\/uj.adatbank.ro\/lexikon\/wp-json\/wp\/v2\/product"}],"about":[{"href":"https:\/\/uj.adatbank.ro\/lexikon\/wp-json\/wp\/v2\/types\/product"}],"replies":[{"embeddable":true,"href":"https:\/\/uj.adatbank.ro\/lexikon\/wp-json\/wp\/v2\/comments?post=12660"}],"wp:attachment":[{"href":"https:\/\/uj.adatbank.ro\/lexikon\/wp-json\/wp\/v2\/media?parent=12660"}],"wp:term":[{"taxonomy":"product_brand","embeddable":true,"href":"https:\/\/uj.adatbank.ro\/lexikon\/wp-json\/wp\/v2\/product_brand?post=12660"},{"taxonomy":"product_cat","embeddable":true,"href":"https:\/\/uj.adatbank.ro\/lexikon\/wp-json\/wp\/v2\/product_cat?post=12660"},{"taxonomy":"product_tag","embeddable":true,"href":"https:\/\/uj.adatbank.ro\/lexikon\/wp-json\/wp\/v2\/product_tag?post=12660"}],"curies":[{"name":"wp","href":"https:\/\/api.w.org\/{rel}","templated":true}]}}