{"id":12661,"date":"2025-06-29T14:34:41","date_gmt":"2025-06-29T12:34:41","guid":{"rendered":"https:\/\/uj.adatbank.ro\/lexikon\/termek\/korodi-istvan\/"},"modified":"2025-06-29T14:34:41","modified_gmt":"2025-06-29T12:34:41","slug":"korodi-istvan","status":"publish","type":"product","link":"https:\/\/uj.adatbank.ro\/lexikon\/termek\/korodi-istvan\/","title":{"rendered":"K\u00d3R\u00d3DI Istv\u00e1n"},"content":{"rendered":"<p>Mikefalva, 1924. dec. 17., \u2020 Sepsiszentgy\u00f6rgy, 2000. j\u00fal. 26.: eszterg\u00e1lyos, p\u00e1rtakt\u00edvista. \u2013 Tanulm\u00e1nyai: ipariskola, \u015etefan Gheorghiu p\u00e1rtegyetem (1950\u201351), majd politika tudom\u00e1nyi fakult\u00e1s (1961\u201364). Seg\u00e9dmunk\u00e1s a dics\u0151szentm\u00e1rtoni t\u00e9glagy\u00e1rban (1938\u201339), inas, majd eszterg\u00e1lyos a Nitrog\u00e9n k\u00e1miai \u00fczemben (1939\u201348). A Halad\u00f3 Ifjus\u00e1g, majd a KISZ tag, p\u00e1rttag (1947. okt.). Az \u00fczemi szakszervezeti bizotts\u00e1g eln\u00f6ke, a p\u00e1rtbizotts\u00e1g tagja, a Kisk\u00fck\u00fcll\u0151 megyei p\u00e1rtbizotts\u00e1g instruktora (1949\u2013), a sz\u00e1szr\u00e9geni rajoni p\u00e1rtbizotts\u00e1g els\u0151titk\u00e1ra, a Maros megyei p\u00e1rtbizotts\u00e1g szervez\u00e9si oszt. -nak vezet\u0151je (1951\u2013), a RMP KB instruktora (1953\u201364), a MAT \u00e9s a buk.-i p\u00e1rtk\u00f6zpont \u00f6sszek\u00f6t\u0151je. A Kov\u00e1szna megyei p\u00e1rtbizotts\u00e1g szervez\u00e9si titk\u00e1ra (1968\u2013), a FDUS Nemzeti Bizotts\u00e1g, a M. nemzetis\u00e9g\u0171 Dolgoz\u00f3k Tan\u00e1cs\u00e1nak tagja, a K\u00f6zponti Nyugd\u00edjbizotts\u00e1g aleln\u00f6ke, a Dolgoz\u00f3k Ellen\u0151rz\u0151 K\u00f6zponti Tan\u00e1cs\u00e1nak titk\u00e1ra, az UGSR K\u00f6zponti Tan\u00e1cs\u00e1nak titk\u00e1ra (1979. okt. 9. \u2013). A Hargita megye (1980\u201385), Prahova megye (1985\u201389) Nagy Nemzetgy\u0171l\u00e9si k\u00e9pvisel\u0151je, az Eur\u00f3pai biztons\u00e1gi \u00e9s egy\u00fcttm\u0171k\u00f6d\u00e9si rom\u00e1n parlamenti csoport tagja (1980. \u00e1pr. 1. \u2013) valamint a t\u00e1rsadalombiztos\u00edt\u00e1si \u00e9s k\u00f6rnyezetv\u00e9delmi bizots\u00e1g aleln\u00f6ke (1985. \u00e1pr. 1. \u2013). A RKP KB p\u00f3ttagja (1979. nov. 23. \u2013 1989. dec. 22.), a K\u00f6zponti P\u00e1rtkoll\u00e1gium tagja (1979. nov. 23. \u2013 1989. nov. 24.). <br \/><strong>Irod.:<\/strong> Bottoni 2008; Membrii C. C. al P. C. R.<\/br><\/p>\n","protected":false},"excerpt":{"rendered":"<p>Mikefalva, 1924. dec. 17., \u2020 Sepsiszentgy\u00f6rgy, 2000. j\u00fal. 26.: eszterg\u00e1lyos, p\u00e1rtakt\u00edvista. \u2013 Tanulm\u00e1nyai: ipariskola, \u015etefan Gheorghiu p\u00e1rtegyetem (1950\u201351), majd politika tudom\u00e1nyi fakult\u00e1s (1961\u201364). Seg\u00e9dmunk\u00e1s a dics\u0151szentm\u00e1rtoni t\u00e9glagy\u00e1rban (1938\u201339), inas, majd eszterg\u00e1lyos a Nitrog\u00e9n k\u00e1miai \u00fczemben (1939\u201348). A Halad\u00f3 Ifjus\u00e1g, majd a KISZ tag, p\u00e1rttag (1947. okt.). Az \u00fczemi szakszervezeti bizotts\u00e1g eln\u00f6ke, a p\u00e1rtbizotts\u00e1g tagja, a [&hellip;]<\/p>\n","protected":false},"featured_media":0,"comment_status":"open","ping_status":"closed","template":"","meta":[],"product_brand":[],"product_cat":[137],"product_tag":[],"class_list":{"0":"post-12661","1":"product","2":"type-product","3":"status-publish","5":"product_cat-maros-megyei-eletrajzi-lexikon","7":"first","8":"instock","9":"shipping-taxable","10":"product-type-simple"},"_links":{"self":[{"href":"https:\/\/uj.adatbank.ro\/lexikon\/wp-json\/wp\/v2\/product\/12661","targetHints":{"allow":["GET"]}}],"collection":[{"href":"https:\/\/uj.adatbank.ro\/lexikon\/wp-json\/wp\/v2\/product"}],"about":[{"href":"https:\/\/uj.adatbank.ro\/lexikon\/wp-json\/wp\/v2\/types\/product"}],"replies":[{"embeddable":true,"href":"https:\/\/uj.adatbank.ro\/lexikon\/wp-json\/wp\/v2\/comments?post=12661"}],"wp:attachment":[{"href":"https:\/\/uj.adatbank.ro\/lexikon\/wp-json\/wp\/v2\/media?parent=12661"}],"wp:term":[{"taxonomy":"product_brand","embeddable":true,"href":"https:\/\/uj.adatbank.ro\/lexikon\/wp-json\/wp\/v2\/product_brand?post=12661"},{"taxonomy":"product_cat","embeddable":true,"href":"https:\/\/uj.adatbank.ro\/lexikon\/wp-json\/wp\/v2\/product_cat?post=12661"},{"taxonomy":"product_tag","embeddable":true,"href":"https:\/\/uj.adatbank.ro\/lexikon\/wp-json\/wp\/v2\/product_tag?post=12661"}],"curies":[{"name":"wp","href":"https:\/\/api.w.org\/{rel}","templated":true}]}}