{"id":12662,"date":"2025-06-29T14:34:43","date_gmt":"2025-06-29T12:34:43","guid":{"rendered":"https:\/\/uj.adatbank.ro\/lexikon\/termek\/korodi-jeno\/"},"modified":"2025-06-29T14:34:43","modified_gmt":"2025-06-29T12:34:43","slug":"korodi-jeno","status":"publish","type":"product","link":"https:\/\/uj.adatbank.ro\/lexikon\/termek\/korodi-jeno\/","title":{"rendered":"KOR\u00d3DI Jen\u0151"},"content":{"rendered":"<p>\u00c1d\u00e1mos, 1922. okt. 7., \u2020 ?: fest\u0151m\u0171v\u00e9sz. \u2013 A bp.-i K\u00e9pz\u0151m\u0171v\u00e9szeti F\u0151iskola hallgat\u00f3ja (1943\u201345), majd Kv.-on a Ion Andreescu K\u00e9pz\u0151m\u0171v\u00e9szeti F\u0151iskol\u00e1n szerzett oklevelet (1952). Nagyv\u00e1radon szabadfoglalkoz\u00e1s\u00fa fest\u0151m\u0171v\u00e9sz (1952\u201383), portr\u00e9kat, t\u00e1jk\u00e9peket csend\u00e9leteket festett. Ki\u00e1ll\u00edt\u00e1sai voltak Nagyv\u00e1radon. <br \/><strong>Irod.:<\/strong> Banner; Expozi\u0163ie de pictur\u0103 \u015fi grafic\u0103, K\u00f3rodi Eugen. (Catalog. Cuv\u00eent \u00eenainte de Fran\u00e7ois Pamfil. Oradea:., 1965, 1966); KKACs; RMKK<\/br><\/p>\n","protected":false},"excerpt":{"rendered":"<p>\u00c1d\u00e1mos, 1922. okt. 7., \u2020 ?: fest\u0151m\u0171v\u00e9sz. \u2013 A bp.-i K\u00e9pz\u0151m\u0171v\u00e9szeti F\u0151iskola hallgat\u00f3ja (1943\u201345), majd Kv.-on a Ion Andreescu K\u00e9pz\u0151m\u0171v\u00e9szeti F\u0151iskol\u00e1n szerzett oklevelet (1952). Nagyv\u00e1radon szabadfoglalkoz\u00e1s\u00fa fest\u0151m\u0171v\u00e9sz (1952\u201383), portr\u00e9kat, t\u00e1jk\u00e9peket csend\u00e9leteket festett. Ki\u00e1ll\u00edt\u00e1sai voltak Nagyv\u00e1radon. Irod.: Banner; Expozi\u0163ie de pictur\u0103 \u015fi grafic\u0103, K\u00f3rodi Eugen. (Catalog. Cuv\u00eent \u00eenainte de Fran\u00e7ois Pamfil. Oradea:., 1965, 1966); KKACs; RMKK<\/p>\n","protected":false},"featured_media":0,"comment_status":"open","ping_status":"closed","template":"","meta":[],"product_brand":[],"product_cat":[137],"product_tag":[],"class_list":{"0":"post-12662","1":"product","2":"type-product","3":"status-publish","5":"product_cat-maros-megyei-eletrajzi-lexikon","7":"first","8":"instock","9":"shipping-taxable","10":"product-type-simple"},"_links":{"self":[{"href":"https:\/\/uj.adatbank.ro\/lexikon\/wp-json\/wp\/v2\/product\/12662","targetHints":{"allow":["GET"]}}],"collection":[{"href":"https:\/\/uj.adatbank.ro\/lexikon\/wp-json\/wp\/v2\/product"}],"about":[{"href":"https:\/\/uj.adatbank.ro\/lexikon\/wp-json\/wp\/v2\/types\/product"}],"replies":[{"embeddable":true,"href":"https:\/\/uj.adatbank.ro\/lexikon\/wp-json\/wp\/v2\/comments?post=12662"}],"wp:attachment":[{"href":"https:\/\/uj.adatbank.ro\/lexikon\/wp-json\/wp\/v2\/media?parent=12662"}],"wp:term":[{"taxonomy":"product_brand","embeddable":true,"href":"https:\/\/uj.adatbank.ro\/lexikon\/wp-json\/wp\/v2\/product_brand?post=12662"},{"taxonomy":"product_cat","embeddable":true,"href":"https:\/\/uj.adatbank.ro\/lexikon\/wp-json\/wp\/v2\/product_cat?post=12662"},{"taxonomy":"product_tag","embeddable":true,"href":"https:\/\/uj.adatbank.ro\/lexikon\/wp-json\/wp\/v2\/product_tag?post=12662"}],"curies":[{"name":"wp","href":"https:\/\/api.w.org\/{rel}","templated":true}]}}