{"id":12663,"date":"2025-06-29T14:34:44","date_gmt":"2025-06-29T12:34:44","guid":{"rendered":"https:\/\/uj.adatbank.ro\/lexikon\/termek\/korodi-jozsef\/"},"modified":"2025-06-29T14:34:44","modified_gmt":"2025-06-29T12:34:44","slug":"korodi-jozsef","status":"publish","type":"product","link":"https:\/\/uj.adatbank.ro\/lexikon\/termek\/korodi-jozsef\/","title":{"rendered":"KOR\u00d3DI J\u00f3zsef"},"content":{"rendered":"<p>Tan\u00edt\u00f3. \u2013 S\u00f3v\u00e1rad (1941). <br \/><strong>Irod.:<\/strong> Ref. egyetemes n\u00e9vt\u00e1r<\/br><\/p>\n","protected":false},"excerpt":{"rendered":"<p>Tan\u00edt\u00f3. \u2013 S\u00f3v\u00e1rad (1941). Irod.: Ref. egyetemes n\u00e9vt\u00e1r<\/p>\n","protected":false},"featured_media":0,"comment_status":"open","ping_status":"closed","template":"","meta":[],"product_brand":[],"product_cat":[137],"product_tag":[],"class_list":{"0":"post-12663","1":"product","2":"type-product","3":"status-publish","5":"product_cat-maros-megyei-eletrajzi-lexikon","7":"first","8":"instock","9":"shipping-taxable","10":"product-type-simple"},"_links":{"self":[{"href":"https:\/\/uj.adatbank.ro\/lexikon\/wp-json\/wp\/v2\/product\/12663","targetHints":{"allow":["GET"]}}],"collection":[{"href":"https:\/\/uj.adatbank.ro\/lexikon\/wp-json\/wp\/v2\/product"}],"about":[{"href":"https:\/\/uj.adatbank.ro\/lexikon\/wp-json\/wp\/v2\/types\/product"}],"replies":[{"embeddable":true,"href":"https:\/\/uj.adatbank.ro\/lexikon\/wp-json\/wp\/v2\/comments?post=12663"}],"wp:attachment":[{"href":"https:\/\/uj.adatbank.ro\/lexikon\/wp-json\/wp\/v2\/media?parent=12663"}],"wp:term":[{"taxonomy":"product_brand","embeddable":true,"href":"https:\/\/uj.adatbank.ro\/lexikon\/wp-json\/wp\/v2\/product_brand?post=12663"},{"taxonomy":"product_cat","embeddable":true,"href":"https:\/\/uj.adatbank.ro\/lexikon\/wp-json\/wp\/v2\/product_cat?post=12663"},{"taxonomy":"product_tag","embeddable":true,"href":"https:\/\/uj.adatbank.ro\/lexikon\/wp-json\/wp\/v2\/product_tag?post=12663"}],"curies":[{"name":"wp","href":"https:\/\/api.w.org\/{rel}","templated":true}]}}