{"id":12665,"date":"2025-06-29T14:34:48","date_gmt":"2025-06-29T12:34:48","guid":{"rendered":"https:\/\/uj.adatbank.ro\/lexikon\/termek\/korodi-lajos\/"},"modified":"2025-06-29T14:34:48","modified_gmt":"2025-06-29T12:34:48","slug":"korodi-lajos","status":"publish","type":"product","link":"https:\/\/uj.adatbank.ro\/lexikon\/termek\/korodi-lajos\/","title":{"rendered":"KOR\u00d3DI Lajos"},"content":{"rendered":"<p>? \u2020 ?: orsz\u00e1ggy\u0171l\u00e9si k\u00e9pvisel\u0151. <br \/><strong>Irod.:<\/strong> Gr. L\u00e1z\u00e1r Mikl\u00f3s v\u00e1dbesz\u00e9de az esk\u00fcdtekhez K\u00f3rodi Lajos ogy-i k\u00e9pvisel\u0151, dr. Orendi Gyula \u00e9s dr. Liesz Ferenc \u00fcgyv\u00e9d ellen a mv.-i esk\u00fcdt bizotts\u00e1g el\u0151tt izgat\u00e1s miatt (Mv., 1903)<\/br><\/p>\n","protected":false},"excerpt":{"rendered":"<p>? \u2020 ?: orsz\u00e1ggy\u0171l\u00e9si k\u00e9pvisel\u0151. Irod.: Gr. L\u00e1z\u00e1r Mikl\u00f3s v\u00e1dbesz\u00e9de az esk\u00fcdtekhez K\u00f3rodi Lajos ogy-i k\u00e9pvisel\u0151, dr. Orendi Gyula \u00e9s dr. Liesz Ferenc \u00fcgyv\u00e9d ellen a mv.-i esk\u00fcdt bizotts\u00e1g el\u0151tt izgat\u00e1s miatt (Mv., 1903)<\/p>\n","protected":false},"featured_media":0,"comment_status":"open","ping_status":"closed","template":"","meta":[],"product_brand":[],"product_cat":[137],"product_tag":[],"class_list":{"0":"post-12665","1":"product","2":"type-product","3":"status-publish","5":"product_cat-maros-megyei-eletrajzi-lexikon","7":"first","8":"instock","9":"shipping-taxable","10":"product-type-simple"},"_links":{"self":[{"href":"https:\/\/uj.adatbank.ro\/lexikon\/wp-json\/wp\/v2\/product\/12665","targetHints":{"allow":["GET"]}}],"collection":[{"href":"https:\/\/uj.adatbank.ro\/lexikon\/wp-json\/wp\/v2\/product"}],"about":[{"href":"https:\/\/uj.adatbank.ro\/lexikon\/wp-json\/wp\/v2\/types\/product"}],"replies":[{"embeddable":true,"href":"https:\/\/uj.adatbank.ro\/lexikon\/wp-json\/wp\/v2\/comments?post=12665"}],"wp:attachment":[{"href":"https:\/\/uj.adatbank.ro\/lexikon\/wp-json\/wp\/v2\/media?parent=12665"}],"wp:term":[{"taxonomy":"product_brand","embeddable":true,"href":"https:\/\/uj.adatbank.ro\/lexikon\/wp-json\/wp\/v2\/product_brand?post=12665"},{"taxonomy":"product_cat","embeddable":true,"href":"https:\/\/uj.adatbank.ro\/lexikon\/wp-json\/wp\/v2\/product_cat?post=12665"},{"taxonomy":"product_tag","embeddable":true,"href":"https:\/\/uj.adatbank.ro\/lexikon\/wp-json\/wp\/v2\/product_tag?post=12665"}],"curies":[{"name":"wp","href":"https:\/\/api.w.org\/{rel}","templated":true}]}}