{"id":12668,"date":"2025-06-29T14:34:53","date_gmt":"2025-06-29T12:34:53","guid":{"rendered":"https:\/\/uj.adatbank.ro\/lexikon\/termek\/korody-ferenc\/"},"modified":"2025-06-29T14:34:53","modified_gmt":"2025-06-29T12:34:53","slug":"korody-ferenc","status":"publish","type":"product","link":"https:\/\/uj.adatbank.ro\/lexikon\/termek\/korody-ferenc\/","title":{"rendered":"K\u00d3R\u00d3DY Ferenc"},"content":{"rendered":"<p>1921 \u2020 Mv., 2001. j\u00fan 14.: tan\u00e1r. \u2013 Az OGYI IMSZ szervezet\u00e9nek eln\u00f6ke, tan\u00e1rseg\u00e9d az orosz nyelvi katedr\u00e1n, az Egyetemi M\u0171v\u00e9szegy\u00fcttes l\u00e9trehoz\u00f3ja \u00e9s ir\u00e1ny\u00edt\u00f3ja (1956). A k\u00f3rus k\u00e9t \u00e9v alatt 120 hallgat\u00f3t vont be, t\u00e1nccsoportot szervezett, elnyert\u00e9k az orsz\u00e1gos n\u00e9pt\u00e1ncverseny els\u0151 d\u00edj\u00e1t Buk. -ben. A rektori feljelent\u00e9s nyom\u00e1n (1958), politikai kamp\u00e1ny indult ellene (1959. jan.), leleplezt\u00e9k k\u00e9t gy\u0171l\u00e9sen, az OGYI d\u00edszterm\u00e9ben \u00e9s a Kult\u00farpalot\u00e1ban (1959. m\u00e1rc. 9\u201310.), m. nacionalizmus v\u00e1dj\u00e1val letart\u00f3ztatt\u00e1k \u00e9s 7 \u00e9v b\u00f6rt\u00f6nre it\u00e9lt\u00e9k. A Filharm\u00f3nia tagja. <br \/><strong>Irod.:<\/strong> Bottoni 2006; Bottoni 2008; V. Z., (1959. m\u00e1rc. 11. \u00e9s m\u00e1rc. 12.); Nagy L; [Nekrol\u00f3g] (N\u00fa 2001. j\u00fan 15); Sz\u00e1sz Istv\u00e1n Tas: A forradalom \u00e9s ut\u00f3\u00e9lete a mv.-i orvosi egyetemen (Erd\u00e9lyi Napl\u00f3, 41. sz., 2006)<\/br><\/p>\n","protected":false},"excerpt":{"rendered":"<p>1921 \u2020 Mv., 2001. j\u00fan 14.: tan\u00e1r. \u2013 Az OGYI IMSZ szervezet\u00e9nek eln\u00f6ke, tan\u00e1rseg\u00e9d az orosz nyelvi katedr\u00e1n, az Egyetemi M\u0171v\u00e9szegy\u00fcttes l\u00e9trehoz\u00f3ja \u00e9s ir\u00e1ny\u00edt\u00f3ja (1956). A k\u00f3rus k\u00e9t \u00e9v alatt 120 hallgat\u00f3t vont be, t\u00e1nccsoportot szervezett, elnyert\u00e9k az orsz\u00e1gos n\u00e9pt\u00e1ncverseny els\u0151 d\u00edj\u00e1t Buk. -ben. A rektori feljelent\u00e9s nyom\u00e1n (1958), politikai kamp\u00e1ny indult ellene (1959. jan.), [&hellip;]<\/p>\n","protected":false},"featured_media":0,"comment_status":"open","ping_status":"closed","template":"","meta":[],"product_brand":[],"product_cat":[137],"product_tag":[],"class_list":{"0":"post-12668","1":"product","2":"type-product","3":"status-publish","5":"product_cat-maros-megyei-eletrajzi-lexikon","7":"first","8":"instock","9":"shipping-taxable","10":"product-type-simple"},"_links":{"self":[{"href":"https:\/\/uj.adatbank.ro\/lexikon\/wp-json\/wp\/v2\/product\/12668","targetHints":{"allow":["GET"]}}],"collection":[{"href":"https:\/\/uj.adatbank.ro\/lexikon\/wp-json\/wp\/v2\/product"}],"about":[{"href":"https:\/\/uj.adatbank.ro\/lexikon\/wp-json\/wp\/v2\/types\/product"}],"replies":[{"embeddable":true,"href":"https:\/\/uj.adatbank.ro\/lexikon\/wp-json\/wp\/v2\/comments?post=12668"}],"wp:attachment":[{"href":"https:\/\/uj.adatbank.ro\/lexikon\/wp-json\/wp\/v2\/media?parent=12668"}],"wp:term":[{"taxonomy":"product_brand","embeddable":true,"href":"https:\/\/uj.adatbank.ro\/lexikon\/wp-json\/wp\/v2\/product_brand?post=12668"},{"taxonomy":"product_cat","embeddable":true,"href":"https:\/\/uj.adatbank.ro\/lexikon\/wp-json\/wp\/v2\/product_cat?post=12668"},{"taxonomy":"product_tag","embeddable":true,"href":"https:\/\/uj.adatbank.ro\/lexikon\/wp-json\/wp\/v2\/product_tag?post=12668"}],"curies":[{"name":"wp","href":"https:\/\/api.w.org\/{rel}","templated":true}]}}