{"id":12670,"date":"2025-06-29T14:34:58","date_gmt":"2025-06-29T12:34:58","guid":{"rendered":"https:\/\/uj.adatbank.ro\/lexikon\/termek\/korody-jozsef\/"},"modified":"2025-06-29T14:34:58","modified_gmt":"2025-06-29T12:34:58","slug":"korody-jozsef","status":"publish","type":"product","link":"https:\/\/uj.adatbank.ro\/lexikon\/termek\/korody-jozsef\/","title":{"rendered":"KOR\u00d3DY J\u00f3zsef"},"content":{"rendered":"<p>Sz\u00e9kelyf\u00f6ldv\u00e1r, 1911., \u2020 ?: k\u00e1ntortan\u00edt\u00f3. \u2013 Tanulm\u00e1nyait Nagyenyeden \u00e9s Kv.-on v\u00e9gezte, oklevele elnyer\u00e9se ut\u00e1n k\u00fcl\u00f6nb\u00f6z\u0151 helyeken tan\u00edtott, majd S\u00f3v\u00e1radra ker\u00fclt (1936), ahol a dal\u00e1rda vezet\u0151je \u00e9s karnagya volt, minden t\u00e1rsadalmi \u00e9s hazafias egyes\u00fclet m\u0171k\u00f6d\u00e9s\u00e9ben r\u00e9szt vett. <br \/><strong>Irod.:<\/strong> Sz\u00e9kelyf\u00f6ld \u00ed. k.<\/br><\/p>\n","protected":false},"excerpt":{"rendered":"<p>Sz\u00e9kelyf\u00f6ldv\u00e1r, 1911., \u2020 ?: k\u00e1ntortan\u00edt\u00f3. \u2013 Tanulm\u00e1nyait Nagyenyeden \u00e9s Kv.-on v\u00e9gezte, oklevele elnyer\u00e9se ut\u00e1n k\u00fcl\u00f6nb\u00f6z\u0151 helyeken tan\u00edtott, majd S\u00f3v\u00e1radra ker\u00fclt (1936), ahol a dal\u00e1rda vezet\u0151je \u00e9s karnagya volt, minden t\u00e1rsadalmi \u00e9s hazafias egyes\u00fclet m\u0171k\u00f6d\u00e9s\u00e9ben r\u00e9szt vett. Irod.: Sz\u00e9kelyf\u00f6ld \u00ed. k.<\/p>\n","protected":false},"featured_media":0,"comment_status":"open","ping_status":"closed","template":"","meta":[],"product_brand":[],"product_cat":[137],"product_tag":[],"class_list":{"0":"post-12670","1":"product","2":"type-product","3":"status-publish","5":"product_cat-maros-megyei-eletrajzi-lexikon","7":"first","8":"instock","9":"shipping-taxable","10":"product-type-simple"},"_links":{"self":[{"href":"https:\/\/uj.adatbank.ro\/lexikon\/wp-json\/wp\/v2\/product\/12670","targetHints":{"allow":["GET"]}}],"collection":[{"href":"https:\/\/uj.adatbank.ro\/lexikon\/wp-json\/wp\/v2\/product"}],"about":[{"href":"https:\/\/uj.adatbank.ro\/lexikon\/wp-json\/wp\/v2\/types\/product"}],"replies":[{"embeddable":true,"href":"https:\/\/uj.adatbank.ro\/lexikon\/wp-json\/wp\/v2\/comments?post=12670"}],"wp:attachment":[{"href":"https:\/\/uj.adatbank.ro\/lexikon\/wp-json\/wp\/v2\/media?parent=12670"}],"wp:term":[{"taxonomy":"product_brand","embeddable":true,"href":"https:\/\/uj.adatbank.ro\/lexikon\/wp-json\/wp\/v2\/product_brand?post=12670"},{"taxonomy":"product_cat","embeddable":true,"href":"https:\/\/uj.adatbank.ro\/lexikon\/wp-json\/wp\/v2\/product_cat?post=12670"},{"taxonomy":"product_tag","embeddable":true,"href":"https:\/\/uj.adatbank.ro\/lexikon\/wp-json\/wp\/v2\/product_tag?post=12670"}],"curies":[{"name":"wp","href":"https:\/\/api.w.org\/{rel}","templated":true}]}}