{"id":12671,"date":"2025-06-29T14:34:59","date_gmt":"2025-06-29T12:34:59","guid":{"rendered":"https:\/\/uj.adatbank.ro\/lexikon\/termek\/korody-karoly\/"},"modified":"2025-06-29T14:34:59","modified_gmt":"2025-06-29T12:34:59","slug":"korody-karoly","status":"publish","type":"product","link":"https:\/\/uj.adatbank.ro\/lexikon\/termek\/korody-karoly\/","title":{"rendered":"KOR\u00d3DY K\u00e1roly"},"content":{"rendered":"<p>Gyergy\u00f3szentmikl\u00f3s, 1871., \u2020 ?: malomtulajdonos. \u2013 Iskol\u00e1i elv\u00e9gz\u00e9se ut\u00e1n a kov\u00e1csipart tanulta, G\u00f6rg\u00e9ny\u00fcvegcs\u0171r\u00f6n lett \u00f6n\u00e1ll\u00f3, majd a Vajdahunyadi Vasgy\u00e1rban dolgozott (\u20131919). G\u00f6rg\u00e9ny\u00fcvegcs\u0171r\u00fcn \u00e1tvette ap\u00f3s\u00e1t\u00f3l a malmot, ahol kereskedelmi \u00e9s v\u00e1m\u00fcrl\u00e9st v\u00e9gzett. <br \/><strong>Irod.:<\/strong> Sz\u00e9kelyf\u00f6ld \u00ed. k.<\/br><\/p>\n","protected":false},"excerpt":{"rendered":"<p>Gyergy\u00f3szentmikl\u00f3s, 1871., \u2020 ?: malomtulajdonos. \u2013 Iskol\u00e1i elv\u00e9gz\u00e9se ut\u00e1n a kov\u00e1csipart tanulta, G\u00f6rg\u00e9ny\u00fcvegcs\u0171r\u00f6n lett \u00f6n\u00e1ll\u00f3, majd a Vajdahunyadi Vasgy\u00e1rban dolgozott (\u20131919). G\u00f6rg\u00e9ny\u00fcvegcs\u0171r\u00fcn \u00e1tvette ap\u00f3s\u00e1t\u00f3l a malmot, ahol kereskedelmi \u00e9s v\u00e1m\u00fcrl\u00e9st v\u00e9gzett. Irod.: Sz\u00e9kelyf\u00f6ld \u00ed. k.<\/p>\n","protected":false},"featured_media":0,"comment_status":"open","ping_status":"closed","template":"","meta":[],"product_brand":[],"product_cat":[137],"product_tag":[],"class_list":{"0":"post-12671","1":"product","2":"type-product","3":"status-publish","5":"product_cat-maros-megyei-eletrajzi-lexikon","7":"first","8":"instock","9":"shipping-taxable","10":"product-type-simple"},"_links":{"self":[{"href":"https:\/\/uj.adatbank.ro\/lexikon\/wp-json\/wp\/v2\/product\/12671","targetHints":{"allow":["GET"]}}],"collection":[{"href":"https:\/\/uj.adatbank.ro\/lexikon\/wp-json\/wp\/v2\/product"}],"about":[{"href":"https:\/\/uj.adatbank.ro\/lexikon\/wp-json\/wp\/v2\/types\/product"}],"replies":[{"embeddable":true,"href":"https:\/\/uj.adatbank.ro\/lexikon\/wp-json\/wp\/v2\/comments?post=12671"}],"wp:attachment":[{"href":"https:\/\/uj.adatbank.ro\/lexikon\/wp-json\/wp\/v2\/media?parent=12671"}],"wp:term":[{"taxonomy":"product_brand","embeddable":true,"href":"https:\/\/uj.adatbank.ro\/lexikon\/wp-json\/wp\/v2\/product_brand?post=12671"},{"taxonomy":"product_cat","embeddable":true,"href":"https:\/\/uj.adatbank.ro\/lexikon\/wp-json\/wp\/v2\/product_cat?post=12671"},{"taxonomy":"product_tag","embeddable":true,"href":"https:\/\/uj.adatbank.ro\/lexikon\/wp-json\/wp\/v2\/product_tag?post=12671"}],"curies":[{"name":"wp","href":"https:\/\/api.w.org\/{rel}","templated":true}]}}