{"id":12672,"date":"2025-06-29T14:35:00","date_gmt":"2025-06-29T12:35:00","guid":{"rendered":"https:\/\/uj.adatbank.ro\/lexikon\/termek\/korody-laszlo\/"},"modified":"2025-06-29T14:35:00","modified_gmt":"2025-06-29T12:35:00","slug":"korody-laszlo","status":"publish","type":"product","link":"https:\/\/uj.adatbank.ro\/lexikon\/termek\/korody-laszlo\/","title":{"rendered":"KOR\u00d3DY L\u00e1szl\u00f3"},"content":{"rendered":"<p>Gyal\u00e1r, 1916., \u2020 ?: tan\u00edt\u00f3. \u2013 Tanulm\u00e1nyait Mv.-en, Sz\u00e9kelyudvarhelyen \u00e9s Cs\u00edksomly\u00f3n v\u00e9gezte, de nem kapott \u00e1ll\u00e1st, ez\u00e9rt B\u00e9csben t\u00f6lt\u00f6tt 1 \u00e9vet, majd Szombathelyen g\u00e9pj\u00e1rm\u0171vezet\u0151i vizsg\u00e1t tett \u00e9s Kv.-on volt g\u00e9pkocsivezet\u0151. G\u00f6rg\u00e9ny\u00fcvegcs\u0171r\u00f6n tan\u00edtott (1940\u2013). <br \/><strong>Irod.:<\/strong> Sz\u00e9kelyf\u00f6ld \u00ed. k.<\/br><\/p>\n","protected":false},"excerpt":{"rendered":"<p>Gyal\u00e1r, 1916., \u2020 ?: tan\u00edt\u00f3. \u2013 Tanulm\u00e1nyait Mv.-en, Sz\u00e9kelyudvarhelyen \u00e9s Cs\u00edksomly\u00f3n v\u00e9gezte, de nem kapott \u00e1ll\u00e1st, ez\u00e9rt B\u00e9csben t\u00f6lt\u00f6tt 1 \u00e9vet, majd Szombathelyen g\u00e9pj\u00e1rm\u0171vezet\u0151i vizsg\u00e1t tett \u00e9s Kv.-on volt g\u00e9pkocsivezet\u0151. G\u00f6rg\u00e9ny\u00fcvegcs\u0171r\u00f6n tan\u00edtott (1940\u2013). Irod.: Sz\u00e9kelyf\u00f6ld \u00ed. k.<\/p>\n","protected":false},"featured_media":0,"comment_status":"open","ping_status":"closed","template":"","meta":[],"product_brand":[],"product_cat":[137],"product_tag":[],"class_list":{"0":"post-12672","1":"product","2":"type-product","3":"status-publish","5":"product_cat-maros-megyei-eletrajzi-lexikon","7":"first","8":"instock","9":"shipping-taxable","10":"product-type-simple"},"_links":{"self":[{"href":"https:\/\/uj.adatbank.ro\/lexikon\/wp-json\/wp\/v2\/product\/12672","targetHints":{"allow":["GET"]}}],"collection":[{"href":"https:\/\/uj.adatbank.ro\/lexikon\/wp-json\/wp\/v2\/product"}],"about":[{"href":"https:\/\/uj.adatbank.ro\/lexikon\/wp-json\/wp\/v2\/types\/product"}],"replies":[{"embeddable":true,"href":"https:\/\/uj.adatbank.ro\/lexikon\/wp-json\/wp\/v2\/comments?post=12672"}],"wp:attachment":[{"href":"https:\/\/uj.adatbank.ro\/lexikon\/wp-json\/wp\/v2\/media?parent=12672"}],"wp:term":[{"taxonomy":"product_brand","embeddable":true,"href":"https:\/\/uj.adatbank.ro\/lexikon\/wp-json\/wp\/v2\/product_brand?post=12672"},{"taxonomy":"product_cat","embeddable":true,"href":"https:\/\/uj.adatbank.ro\/lexikon\/wp-json\/wp\/v2\/product_cat?post=12672"},{"taxonomy":"product_tag","embeddable":true,"href":"https:\/\/uj.adatbank.ro\/lexikon\/wp-json\/wp\/v2\/product_tag?post=12672"}],"curies":[{"name":"wp","href":"https:\/\/api.w.org\/{rel}","templated":true}]}}