{"id":12677,"date":"2025-06-29T14:35:10","date_gmt":"2025-06-29T12:35:10","guid":{"rendered":"https:\/\/uj.adatbank.ro\/lexikon\/termek\/korondi-jeno\/"},"modified":"2025-06-29T14:35:10","modified_gmt":"2025-06-29T12:35:10","slug":"korondi-jeno","status":"publish","type":"product","link":"https:\/\/uj.adatbank.ro\/lexikon\/termek\/korondi-jeno\/","title":{"rendered":"KORONDI Jen\u0151"},"content":{"rendered":"<p>Mv., 1935. okt. 8., \u2020 Kv., 2007. j\u00fan. 14.: szobr\u00e1sz, tan\u00e1r. \u2013 Mv.-en a Ref. Koll.-ban kezdte tanulm\u00e1nyait, tan\u00e1rai Bandi Dezs\u0151 \u00e9s Balask\u00f3 N\u00e1ndor voltak. Majd a M\u0171v\u00e9szeti L\u00edc.-ban tanult, Kv.-on a Ion Andreescu K\u00e9pz\u0151m\u0171v. F\u0151isk. -n K\u00f3s Andr\u00e1s, Mohy S\u00e1ndor tan\u00edtv\u00e1nyak\u00e9nt v\u00e9gzett (1955\u20131961). F\u0151iskolai tan\u00e1r Kv.-on a Ion Andreescu K\u00e9pz\u0151m\u0171v\u00e9szeti F\u0151iskol\u00e1n (1963\u201385). A Rom\u00e1niai K\u00e9pz\u0151m\u0171v\u00e9szeti Sz\u00f6vets\u00e9g tagja. (1966\u2013). Az \u00fajraalakult Barab\u00e1s Mikl\u00f3s C\u00e9h tagja (1994), majd a Magyar K\u00e9pz\u0151m\u0171v\u00e9szek \u00e9s Iparm\u0171v\u00e9szek T\u00e1rsas\u00e1g\u00e1nak tagja (1996\u2013) \u00e9s a Stockholnban m\u0171k\u00f6d\u0151 Egyetemes Magyar M\u0171v\u00e9szeti Egyes\u00fclet tagja (1999\u2013). Alkot\u00f3i munk\u00e1ss\u00e1g\u00e1t az anyaghaszn\u00e1lat szerinti korszkokra bontj\u00e1k: porcel\u00e1n, beton, f\u00e9m szakaszokra. &#8211; <strong>F. ki\u00e1ll.:<\/strong> egy\u00e9ni: Kv. (1964, 1970); csoportos: Pr\u00e1ga (1966); Titogr\u00e1d (1969), Firenze, Mv. <br \/><strong>Irod.:<\/strong> 100 \u00e9v ; Jakabovits; Moln\u00e1r; Szab\u00f3 Tam\u00e1s: Portr\u00e9k a m\u0171teremben (bev., \u00e9letrajz Mur\u00e1din Jen\u0151; Kv., 2009); Sz\u00e9pr\u00e9ti Lilla: K. J. szobrair\u00f3l (\u00daj \u00c9let, 17. sz., 1981)<\/br><\/p>\n","protected":false},"excerpt":{"rendered":"<p>Mv., 1935. okt. 8., \u2020 Kv., 2007. j\u00fan. 14.: szobr\u00e1sz, tan\u00e1r. \u2013 Mv.-en a Ref. Koll.-ban kezdte tanulm\u00e1nyait, tan\u00e1rai Bandi Dezs\u0151 \u00e9s Balask\u00f3 N\u00e1ndor voltak. Majd a M\u0171v\u00e9szeti L\u00edc.-ban tanult, Kv.-on a Ion Andreescu K\u00e9pz\u0151m\u0171v. F\u0151isk. -n K\u00f3s Andr\u00e1s, Mohy S\u00e1ndor tan\u00edtv\u00e1nyak\u00e9nt v\u00e9gzett (1955\u20131961). F\u0151iskolai tan\u00e1r Kv.-on a Ion Andreescu K\u00e9pz\u0151m\u0171v\u00e9szeti F\u0151iskol\u00e1n (1963\u201385). A Rom\u00e1niai [&hellip;]<\/p>\n","protected":false},"featured_media":0,"comment_status":"open","ping_status":"closed","template":"","meta":[],"product_brand":[],"product_cat":[137],"product_tag":[],"class_list":{"0":"post-12677","1":"product","2":"type-product","3":"status-publish","5":"product_cat-maros-megyei-eletrajzi-lexikon","7":"first","8":"instock","9":"shipping-taxable","10":"product-type-simple"},"_links":{"self":[{"href":"https:\/\/uj.adatbank.ro\/lexikon\/wp-json\/wp\/v2\/product\/12677","targetHints":{"allow":["GET"]}}],"collection":[{"href":"https:\/\/uj.adatbank.ro\/lexikon\/wp-json\/wp\/v2\/product"}],"about":[{"href":"https:\/\/uj.adatbank.ro\/lexikon\/wp-json\/wp\/v2\/types\/product"}],"replies":[{"embeddable":true,"href":"https:\/\/uj.adatbank.ro\/lexikon\/wp-json\/wp\/v2\/comments?post=12677"}],"wp:attachment":[{"href":"https:\/\/uj.adatbank.ro\/lexikon\/wp-json\/wp\/v2\/media?parent=12677"}],"wp:term":[{"taxonomy":"product_brand","embeddable":true,"href":"https:\/\/uj.adatbank.ro\/lexikon\/wp-json\/wp\/v2\/product_brand?post=12677"},{"taxonomy":"product_cat","embeddable":true,"href":"https:\/\/uj.adatbank.ro\/lexikon\/wp-json\/wp\/v2\/product_cat?post=12677"},{"taxonomy":"product_tag","embeddable":true,"href":"https:\/\/uj.adatbank.ro\/lexikon\/wp-json\/wp\/v2\/product_tag?post=12677"}],"curies":[{"name":"wp","href":"https:\/\/api.w.org\/{rel}","templated":true}]}}