{"id":12678,"date":"2025-06-29T14:35:12","date_gmt":"2025-06-29T12:35:12","guid":{"rendered":"https:\/\/uj.adatbank.ro\/lexikon\/termek\/korondi-jozsef\/"},"modified":"2025-06-29T14:35:12","modified_gmt":"2025-06-29T12:35:12","slug":"korondi-jozsef","status":"publish","type":"product","link":"https:\/\/uj.adatbank.ro\/lexikon\/termek\/korondi-jozsef\/","title":{"rendered":"KORONDI J\u00f3zsef"},"content":{"rendered":"<p>Mv., ? \u2020 ? : r. k. pap. \u2013 Gyulafeh\u00e9rv\u00e1ron szentelt\u00e9k papp\u00e1 (1800. dec. 25.). Tan\u00e1r Gyulafeh\u00e9rv\u00e1ron (1799). Pl\u00e9b\u00e1nos Bar\u00f3ton (1812), majd ism\u00e9t Gyulafeh\u00e9rv\u00e1ron (1813), szentsz\u00e9ki \u00fcln\u00f6k (1816), p\u00fcsp\u00f6ki titk\u00e1r (1817), pozsonyi kanonok (1822\u2013). &#8211;<br \/><strong>Irod.:<\/strong> Ferenczi S\u00e1ndor 2009<\/br><\/p>\n","protected":false},"excerpt":{"rendered":"<p>Mv., ? \u2020 ? : r. k. pap. \u2013 Gyulafeh\u00e9rv\u00e1ron szentelt\u00e9k papp\u00e1 (1800. dec. 25.). Tan\u00e1r Gyulafeh\u00e9rv\u00e1ron (1799). Pl\u00e9b\u00e1nos Bar\u00f3ton (1812), majd ism\u00e9t Gyulafeh\u00e9rv\u00e1ron (1813), szentsz\u00e9ki \u00fcln\u00f6k (1816), p\u00fcsp\u00f6ki titk\u00e1r (1817), pozsonyi kanonok (1822\u2013). &#8211;Irod.: Ferenczi S\u00e1ndor 2009<\/p>\n","protected":false},"featured_media":0,"comment_status":"open","ping_status":"closed","template":"","meta":[],"product_brand":[],"product_cat":[137],"product_tag":[],"class_list":{"0":"post-12678","1":"product","2":"type-product","3":"status-publish","5":"product_cat-maros-megyei-eletrajzi-lexikon","7":"first","8":"instock","9":"shipping-taxable","10":"product-type-simple"},"_links":{"self":[{"href":"https:\/\/uj.adatbank.ro\/lexikon\/wp-json\/wp\/v2\/product\/12678","targetHints":{"allow":["GET"]}}],"collection":[{"href":"https:\/\/uj.adatbank.ro\/lexikon\/wp-json\/wp\/v2\/product"}],"about":[{"href":"https:\/\/uj.adatbank.ro\/lexikon\/wp-json\/wp\/v2\/types\/product"}],"replies":[{"embeddable":true,"href":"https:\/\/uj.adatbank.ro\/lexikon\/wp-json\/wp\/v2\/comments?post=12678"}],"wp:attachment":[{"href":"https:\/\/uj.adatbank.ro\/lexikon\/wp-json\/wp\/v2\/media?parent=12678"}],"wp:term":[{"taxonomy":"product_brand","embeddable":true,"href":"https:\/\/uj.adatbank.ro\/lexikon\/wp-json\/wp\/v2\/product_brand?post=12678"},{"taxonomy":"product_cat","embeddable":true,"href":"https:\/\/uj.adatbank.ro\/lexikon\/wp-json\/wp\/v2\/product_cat?post=12678"},{"taxonomy":"product_tag","embeddable":true,"href":"https:\/\/uj.adatbank.ro\/lexikon\/wp-json\/wp\/v2\/product_tag?post=12678"}],"curies":[{"name":"wp","href":"https:\/\/api.w.org\/{rel}","templated":true}]}}