{"id":12679,"date":"2025-06-29T14:35:14","date_gmt":"2025-06-29T12:35:14","guid":{"rendered":"https:\/\/uj.adatbank.ro\/lexikon\/termek\/korondi-lajos-korondi\/"},"modified":"2025-06-29T14:35:14","modified_gmt":"2025-06-29T12:35:14","slug":"korondi-lajos-korondi","status":"publish","type":"product","link":"https:\/\/uj.adatbank.ro\/lexikon\/termek\/korondi-lajos-korondi\/","title":{"rendered":"KORONDI Lajos, korondi,"},"content":{"rendered":"<p>1811.?., \u2020 Mv., 1878. aug. 8.: p\u00e9nzt\u00e1rnok. Feles\u00e9ge: Vas Anna. Gyermekeik: J\u00f3zsef, feles\u00e9ge Fekete Nina; Lujza Mosontski Henrikn\u00e9; Nina Illy\u00e9s J\u00e1nosn\u00e9; M\u00e1ria Moln\u00e1r D\u00e9nesn\u00e9; Ter\u00e9z Boncz Gyul\u00e1n\u00e9. \u2013 Mv.-i v\u00e1rosi p\u00e9nzt\u00e1rnok, kir. ad\u00f3tiszt. <br \/><strong>Irod.:<\/strong> Gy\u00e1szjelent\u0151<\/br><\/p>\n","protected":false},"excerpt":{"rendered":"<p>1811.?., \u2020 Mv., 1878. aug. 8.: p\u00e9nzt\u00e1rnok. Feles\u00e9ge: Vas Anna. Gyermekeik: J\u00f3zsef, feles\u00e9ge Fekete Nina; Lujza Mosontski Henrikn\u00e9; Nina Illy\u00e9s J\u00e1nosn\u00e9; M\u00e1ria Moln\u00e1r D\u00e9nesn\u00e9; Ter\u00e9z Boncz Gyul\u00e1n\u00e9. \u2013 Mv.-i v\u00e1rosi p\u00e9nzt\u00e1rnok, kir. ad\u00f3tiszt. Irod.: Gy\u00e1szjelent\u0151<\/p>\n","protected":false},"featured_media":0,"comment_status":"open","ping_status":"closed","template":"","meta":[],"product_brand":[],"product_cat":[137],"product_tag":[],"class_list":{"0":"post-12679","1":"product","2":"type-product","3":"status-publish","5":"product_cat-maros-megyei-eletrajzi-lexikon","7":"first","8":"instock","9":"shipping-taxable","10":"product-type-simple"},"_links":{"self":[{"href":"https:\/\/uj.adatbank.ro\/lexikon\/wp-json\/wp\/v2\/product\/12679","targetHints":{"allow":["GET"]}}],"collection":[{"href":"https:\/\/uj.adatbank.ro\/lexikon\/wp-json\/wp\/v2\/product"}],"about":[{"href":"https:\/\/uj.adatbank.ro\/lexikon\/wp-json\/wp\/v2\/types\/product"}],"replies":[{"embeddable":true,"href":"https:\/\/uj.adatbank.ro\/lexikon\/wp-json\/wp\/v2\/comments?post=12679"}],"wp:attachment":[{"href":"https:\/\/uj.adatbank.ro\/lexikon\/wp-json\/wp\/v2\/media?parent=12679"}],"wp:term":[{"taxonomy":"product_brand","embeddable":true,"href":"https:\/\/uj.adatbank.ro\/lexikon\/wp-json\/wp\/v2\/product_brand?post=12679"},{"taxonomy":"product_cat","embeddable":true,"href":"https:\/\/uj.adatbank.ro\/lexikon\/wp-json\/wp\/v2\/product_cat?post=12679"},{"taxonomy":"product_tag","embeddable":true,"href":"https:\/\/uj.adatbank.ro\/lexikon\/wp-json\/wp\/v2\/product_tag?post=12679"}],"curies":[{"name":"wp","href":"https:\/\/api.w.org\/{rel}","templated":true}]}}