{"id":12681,"date":"2025-06-29T14:35:19","date_gmt":"2025-06-29T12:35:19","guid":{"rendered":"https:\/\/uj.adatbank.ro\/lexikon\/termek\/korondi-gocsi-csalad\/"},"modified":"2025-06-29T14:35:19","modified_gmt":"2025-06-29T12:35:19","slug":"korondi-gocsi-csalad","status":"publish","type":"product","link":"https:\/\/uj.adatbank.ro\/lexikon\/termek\/korondi-gocsi-csalad\/","title":{"rendered":"KORONDI, g\u00f6csi csal\u00e1d"},"content":{"rendered":"<p>K. Andr\u00e1s nyert nemeslevelet II. R\u00e1k\u00f3czi Gy\u00f6rgyt\u0151l (l\u00f3f\u0151s\u00e9get) (1655. j\u00fan. 28.). <br \/><strong>Irod.:<\/strong> Kempelen ; P\u00e1lmay<\/br><\/p>\n","protected":false},"excerpt":{"rendered":"<p>K. Andr\u00e1s nyert nemeslevelet II. R\u00e1k\u00f3czi Gy\u00f6rgyt\u0151l (l\u00f3f\u0151s\u00e9get) (1655. j\u00fan. 28.). Irod.: Kempelen ; P\u00e1lmay<\/p>\n","protected":false},"featured_media":0,"comment_status":"open","ping_status":"closed","template":"","meta":[],"product_brand":[],"product_cat":[137],"product_tag":[],"class_list":{"0":"post-12681","1":"product","2":"type-product","3":"status-publish","5":"product_cat-maros-megyei-eletrajzi-lexikon","7":"first","8":"instock","9":"shipping-taxable","10":"product-type-simple"},"_links":{"self":[{"href":"https:\/\/uj.adatbank.ro\/lexikon\/wp-json\/wp\/v2\/product\/12681","targetHints":{"allow":["GET"]}}],"collection":[{"href":"https:\/\/uj.adatbank.ro\/lexikon\/wp-json\/wp\/v2\/product"}],"about":[{"href":"https:\/\/uj.adatbank.ro\/lexikon\/wp-json\/wp\/v2\/types\/product"}],"replies":[{"embeddable":true,"href":"https:\/\/uj.adatbank.ro\/lexikon\/wp-json\/wp\/v2\/comments?post=12681"}],"wp:attachment":[{"href":"https:\/\/uj.adatbank.ro\/lexikon\/wp-json\/wp\/v2\/media?parent=12681"}],"wp:term":[{"taxonomy":"product_brand","embeddable":true,"href":"https:\/\/uj.adatbank.ro\/lexikon\/wp-json\/wp\/v2\/product_brand?post=12681"},{"taxonomy":"product_cat","embeddable":true,"href":"https:\/\/uj.adatbank.ro\/lexikon\/wp-json\/wp\/v2\/product_cat?post=12681"},{"taxonomy":"product_tag","embeddable":true,"href":"https:\/\/uj.adatbank.ro\/lexikon\/wp-json\/wp\/v2\/product_tag?post=12681"}],"curies":[{"name":"wp","href":"https:\/\/api.w.org\/{rel}","templated":true}]}}