{"id":12683,"date":"2025-06-29T14:35:21","date_gmt":"2025-06-29T12:35:21","guid":{"rendered":"https:\/\/uj.adatbank.ro\/lexikon\/termek\/koronka-emma-galiszter-laszlone\/"},"modified":"2025-06-29T14:35:21","modified_gmt":"2025-06-29T12:35:21","slug":"koronka-emma-galiszter-laszlone","status":"publish","type":"product","link":"https:\/\/uj.adatbank.ro\/lexikon\/termek\/koronka-emma-galiszter-laszlone\/","title":{"rendered":"KORONKA Emma, G\u00e1liszter L\u00e1szl\u00f3n\u00e9"},"content":{"rendered":"<p>Mez\u0151bergenye, 1903. nov. 30., \u2020 Mv., ? : gy\u00f3gyszer\u00e9szn\u0151. \u2013 Gy\u00f3gyszer\u00e9sz oklevelet a kv.-i I. Ferdin\u00e1nd Kir. Egyetemen kapott (1927. dec. 17.). Gy\u00f3gyszer\u00e9sz volt Kv.-on, Szombathelyen. Ny\u00e1r\u00e1dt\u0151n gy\u00f3gyszert\u00e1rat l\u00e9tes\u00edtett (1934). Hank\u00f3 Zolt\u00e1n egyetemi gy\u00f3gyszert\u00e1rvezet\u0151 mell\u00e9 ker\u00fclt a kv.-i orvosi egyetem Mv. -re k\u00f6lt\u00f6z\u00e9s ut\u00e1n (1945\u2013). <br \/><strong>Irod.:<\/strong> P\u00e9ter H. M. 2013<\/br><\/p>\n","protected":false},"excerpt":{"rendered":"<p>Mez\u0151bergenye, 1903. nov. 30., \u2020 Mv., ? : gy\u00f3gyszer\u00e9szn\u0151. \u2013 Gy\u00f3gyszer\u00e9sz oklevelet a kv.-i I. Ferdin\u00e1nd Kir. Egyetemen kapott (1927. dec. 17.). Gy\u00f3gyszer\u00e9sz volt Kv.-on, Szombathelyen. Ny\u00e1r\u00e1dt\u0151n gy\u00f3gyszert\u00e1rat l\u00e9tes\u00edtett (1934). Hank\u00f3 Zolt\u00e1n egyetemi gy\u00f3gyszert\u00e1rvezet\u0151 mell\u00e9 ker\u00fclt a kv.-i orvosi egyetem Mv. -re k\u00f6lt\u00f6z\u00e9s ut\u00e1n (1945\u2013). Irod.: P\u00e9ter H. M. 2013<\/p>\n","protected":false},"featured_media":0,"comment_status":"open","ping_status":"closed","template":"","meta":[],"product_brand":[],"product_cat":[137],"product_tag":[],"class_list":{"0":"post-12683","1":"product","2":"type-product","3":"status-publish","5":"product_cat-maros-megyei-eletrajzi-lexikon","7":"first","8":"instock","9":"shipping-taxable","10":"product-type-simple"},"_links":{"self":[{"href":"https:\/\/uj.adatbank.ro\/lexikon\/wp-json\/wp\/v2\/product\/12683","targetHints":{"allow":["GET"]}}],"collection":[{"href":"https:\/\/uj.adatbank.ro\/lexikon\/wp-json\/wp\/v2\/product"}],"about":[{"href":"https:\/\/uj.adatbank.ro\/lexikon\/wp-json\/wp\/v2\/types\/product"}],"replies":[{"embeddable":true,"href":"https:\/\/uj.adatbank.ro\/lexikon\/wp-json\/wp\/v2\/comments?post=12683"}],"wp:attachment":[{"href":"https:\/\/uj.adatbank.ro\/lexikon\/wp-json\/wp\/v2\/media?parent=12683"}],"wp:term":[{"taxonomy":"product_brand","embeddable":true,"href":"https:\/\/uj.adatbank.ro\/lexikon\/wp-json\/wp\/v2\/product_brand?post=12683"},{"taxonomy":"product_cat","embeddable":true,"href":"https:\/\/uj.adatbank.ro\/lexikon\/wp-json\/wp\/v2\/product_cat?post=12683"},{"taxonomy":"product_tag","embeddable":true,"href":"https:\/\/uj.adatbank.ro\/lexikon\/wp-json\/wp\/v2\/product_tag?post=12683"}],"curies":[{"name":"wp","href":"https:\/\/api.w.org\/{rel}","templated":true}]}}