{"id":12684,"date":"2025-06-29T14:35:24","date_gmt":"2025-06-29T12:35:24","guid":{"rendered":"https:\/\/uj.adatbank.ro\/lexikon\/termek\/koronka-gyula-mezobergenyei\/"},"modified":"2025-06-29T14:35:24","modified_gmt":"2025-06-29T12:35:24","slug":"koronka-gyula-mezobergenyei","status":"publish","type":"product","link":"https:\/\/uj.adatbank.ro\/lexikon\/termek\/koronka-gyula-mezobergenyei\/","title":{"rendered":"KORONKA Gyula, mez\u0151bergenyei"},"content":{"rendered":"<p>Mez\u0151bergenye, 1894, \u2020 ?: gazd\u00e1lkod\u00f3. \u2013 Iskol\u00e1i elv\u00e9gz\u00e9se ut\u00e1n a sz\u00fcleit\u0151l tanult gazd\u00e1lkodni, \u00e9s \u00f6n\u00e1ll\u00f3 lett sz\u00fcl\u0151faluj\u00e1ban (1920). Az els\u0151 vil\u00e1gh\u00e1bor\u00faban az olasz \u00e9s a francia fronton harcolt, a II. ez\u00fcst vit\u00e9zi \u00e9rem tulajdonosa ; a MP \u00e9s az EGE tagja, a Sz\u0151vetkezet p\u00e9nzt\u00e1rosa, a ref. egyh\u00e1z presbitere, a Gazdak\u00f6r tagja, k\u00f6zs\u00e9gi k\u00e9pvisel\u0151. <br \/><strong>Irod.:<\/strong> P\u00e1lmay; Sz\u00e9kelyf\u00f6ld \u00ed. k.<\/br><\/p>\n","protected":false},"excerpt":{"rendered":"<p>Mez\u0151bergenye, 1894, \u2020 ?: gazd\u00e1lkod\u00f3. \u2013 Iskol\u00e1i elv\u00e9gz\u00e9se ut\u00e1n a sz\u00fcleit\u0151l tanult gazd\u00e1lkodni, \u00e9s \u00f6n\u00e1ll\u00f3 lett sz\u00fcl\u0151faluj\u00e1ban (1920). Az els\u0151 vil\u00e1gh\u00e1bor\u00faban az olasz \u00e9s a francia fronton harcolt, a II. ez\u00fcst vit\u00e9zi \u00e9rem tulajdonosa ; a MP \u00e9s az EGE tagja, a Sz\u0151vetkezet p\u00e9nzt\u00e1rosa, a ref. egyh\u00e1z presbitere, a Gazdak\u00f6r tagja, k\u00f6zs\u00e9gi k\u00e9pvisel\u0151. Irod.: P\u00e1lmay; [&hellip;]<\/p>\n","protected":false},"featured_media":0,"comment_status":"open","ping_status":"closed","template":"","meta":[],"product_brand":[],"product_cat":[137],"product_tag":[],"class_list":{"0":"post-12684","1":"product","2":"type-product","3":"status-publish","5":"product_cat-maros-megyei-eletrajzi-lexikon","7":"first","8":"instock","9":"shipping-taxable","10":"product-type-simple"},"_links":{"self":[{"href":"https:\/\/uj.adatbank.ro\/lexikon\/wp-json\/wp\/v2\/product\/12684","targetHints":{"allow":["GET"]}}],"collection":[{"href":"https:\/\/uj.adatbank.ro\/lexikon\/wp-json\/wp\/v2\/product"}],"about":[{"href":"https:\/\/uj.adatbank.ro\/lexikon\/wp-json\/wp\/v2\/types\/product"}],"replies":[{"embeddable":true,"href":"https:\/\/uj.adatbank.ro\/lexikon\/wp-json\/wp\/v2\/comments?post=12684"}],"wp:attachment":[{"href":"https:\/\/uj.adatbank.ro\/lexikon\/wp-json\/wp\/v2\/media?parent=12684"}],"wp:term":[{"taxonomy":"product_brand","embeddable":true,"href":"https:\/\/uj.adatbank.ro\/lexikon\/wp-json\/wp\/v2\/product_brand?post=12684"},{"taxonomy":"product_cat","embeddable":true,"href":"https:\/\/uj.adatbank.ro\/lexikon\/wp-json\/wp\/v2\/product_cat?post=12684"},{"taxonomy":"product_tag","embeddable":true,"href":"https:\/\/uj.adatbank.ro\/lexikon\/wp-json\/wp\/v2\/product_tag?post=12684"}],"curies":[{"name":"wp","href":"https:\/\/api.w.org\/{rel}","templated":true}]}}