{"id":12685,"date":"2025-06-29T14:35:26","date_gmt":"2025-06-29T12:35:26","guid":{"rendered":"https:\/\/uj.adatbank.ro\/lexikon\/termek\/koronka-istvan-%c2%a7\/"},"modified":"2025-06-29T14:35:26","modified_gmt":"2025-06-29T12:35:26","slug":"koronka-istvan-%c2%a7","status":"publish","type":"product","link":"https:\/\/uj.adatbank.ro\/lexikon\/termek\/koronka-istvan-%c2%a7\/","title":{"rendered":"KORONKA Istv\u00e1n, \u00a7"},"content":{"rendered":"<p>Mez\u0151bergenye, 1890. dec. 25., \u2020 Kv., ? : orvos, belgy\u00f3gy\u00e1sz. \u2013 K\u00f6z\u00e9piskol\u00e1it a mv.-i Ref. Koll.-ban, az egyetemet Kv.-on v\u00e9gezte, ahol orvosdoktorr\u00e1 avatt\u00e1k. Mag\u00e1norvos volt Kv.-on tizedeken \u00e1t. Mint \u00f6nk\u00e9ntes vonult be a hadseregbe (1913). R\u00e9szt vett az I. vh.-ban (1914\u201318), az orosz, szerb, montenegr\u00f3i, dalm\u00e1ciai \u00e9s a rom\u00e1n harctereken k\u00fczd\u00f6tt, katonaorvos volt Salzburgban, Szarajevoban, Celopeciben, Noksicen, Risanon majd Kv.-on a katonai k\u00f3rh\u00e1z belgy\u00f3gy\u00e1szati oszt\u00e1ly\u00e1nak vezet\u0151je lett (1917\u2013). Kit\u00fcntet\u00e9sekkel mint f\u0151hadnagy szerelt le. A bergenyei egyh\u00e1znak kegyszereket adom\u00e1nyozott. \u00cdr\u00e1sai jelentek meg az: Orvosi Hetilap, Erd\u00e9lyi Orvosi Lap. -ban. <br \/><strong>Irod.:<\/strong> Erd\u00e9lyi ezredek; Guly\u00e1s; Nagy P\u00e9ter: 700 \u00e9ves b\u00f6lcs\u0151nk Mez\u0151bergenye (Mv., 2003)<\/br><\/p>\n","protected":false},"excerpt":{"rendered":"<p>Mez\u0151bergenye, 1890. dec. 25., \u2020 Kv., ? : orvos, belgy\u00f3gy\u00e1sz. \u2013 K\u00f6z\u00e9piskol\u00e1it a mv.-i Ref. Koll.-ban, az egyetemet Kv.-on v\u00e9gezte, ahol orvosdoktorr\u00e1 avatt\u00e1k. Mag\u00e1norvos volt Kv.-on tizedeken \u00e1t. Mint \u00f6nk\u00e9ntes vonult be a hadseregbe (1913). R\u00e9szt vett az I. vh.-ban (1914\u201318), az orosz, szerb, montenegr\u00f3i, dalm\u00e1ciai \u00e9s a rom\u00e1n harctereken k\u00fczd\u00f6tt, katonaorvos volt Salzburgban, Szarajevoban, [&hellip;]<\/p>\n","protected":false},"featured_media":0,"comment_status":"open","ping_status":"closed","template":"","meta":[],"product_brand":[],"product_cat":[137],"product_tag":[],"class_list":{"0":"post-12685","1":"product","2":"type-product","3":"status-publish","5":"product_cat-maros-megyei-eletrajzi-lexikon","7":"first","8":"instock","9":"shipping-taxable","10":"product-type-simple"},"_links":{"self":[{"href":"https:\/\/uj.adatbank.ro\/lexikon\/wp-json\/wp\/v2\/product\/12685","targetHints":{"allow":["GET"]}}],"collection":[{"href":"https:\/\/uj.adatbank.ro\/lexikon\/wp-json\/wp\/v2\/product"}],"about":[{"href":"https:\/\/uj.adatbank.ro\/lexikon\/wp-json\/wp\/v2\/types\/product"}],"replies":[{"embeddable":true,"href":"https:\/\/uj.adatbank.ro\/lexikon\/wp-json\/wp\/v2\/comments?post=12685"}],"wp:attachment":[{"href":"https:\/\/uj.adatbank.ro\/lexikon\/wp-json\/wp\/v2\/media?parent=12685"}],"wp:term":[{"taxonomy":"product_brand","embeddable":true,"href":"https:\/\/uj.adatbank.ro\/lexikon\/wp-json\/wp\/v2\/product_brand?post=12685"},{"taxonomy":"product_cat","embeddable":true,"href":"https:\/\/uj.adatbank.ro\/lexikon\/wp-json\/wp\/v2\/product_cat?post=12685"},{"taxonomy":"product_tag","embeddable":true,"href":"https:\/\/uj.adatbank.ro\/lexikon\/wp-json\/wp\/v2\/product_tag?post=12685"}],"curies":[{"name":"wp","href":"https:\/\/api.w.org\/{rel}","templated":true}]}}