{"id":12687,"date":"2025-06-29T14:35:30","date_gmt":"2025-06-29T12:35:30","guid":{"rendered":"https:\/\/uj.adatbank.ro\/lexikon\/termek\/koronka-jozsef-marosszentkiraly\/"},"modified":"2025-06-29T14:35:30","modified_gmt":"2025-06-29T12:35:30","slug":"koronka-jozsef-marosszentkiraly","status":"publish","type":"product","link":"https:\/\/uj.adatbank.ro\/lexikon\/termek\/koronka-jozsef-marosszentkiraly\/","title":{"rendered":"KORONKA J\u00f3zsef, Marosszentkir\u00e1ly"},"content":{"rendered":"<p>1790. okt. \u20201836. aug. 16.: tan\u00e1r. \u2013 Apja: L\u00e1szl\u00f3, anyja: Husz\u00e1r M\u00e1ria. Feles\u00e9ge: Mas\u00f3czy Kl\u00e1ra. Tord\u00e1n \u00e9s Kv.-on tanult. Don\u00e1th Mih\u00e1ly fiainak h\u00e1zitan\u00edt\u00f3ja volt. N\u00e9met \u00e9s francia nyelvet Brass\u00f3ban tanult. Sz\u00e9kelykereszt\u00faron tan\u00edtott. K\u00f6z\u00f6lte cikkeit a Nemzeti T\u00e1rsalkod\u00f3, a Hon \u00e9s Sz\u00fcl\u0151f\u00f6ld, Term\u00e9szet Bar\u00e1t. <br \/><strong>Irod.:<\/strong> Kelemen<\/br><\/p>\n","protected":false},"excerpt":{"rendered":"<p>1790. okt. \u20201836. aug. 16.: tan\u00e1r. \u2013 Apja: L\u00e1szl\u00f3, anyja: Husz\u00e1r M\u00e1ria. Feles\u00e9ge: Mas\u00f3czy Kl\u00e1ra. Tord\u00e1n \u00e9s Kv.-on tanult. Don\u00e1th Mih\u00e1ly fiainak h\u00e1zitan\u00edt\u00f3ja volt. N\u00e9met \u00e9s francia nyelvet Brass\u00f3ban tanult. Sz\u00e9kelykereszt\u00faron tan\u00edtott. K\u00f6z\u00f6lte cikkeit a Nemzeti T\u00e1rsalkod\u00f3, a Hon \u00e9s Sz\u00fcl\u0151f\u00f6ld, Term\u00e9szet Bar\u00e1t. Irod.: Kelemen<\/p>\n","protected":false},"featured_media":0,"comment_status":"open","ping_status":"closed","template":"","meta":[],"product_brand":[],"product_cat":[137],"product_tag":[],"class_list":{"0":"post-12687","1":"product","2":"type-product","3":"status-publish","5":"product_cat-maros-megyei-eletrajzi-lexikon","7":"first","8":"instock","9":"shipping-taxable","10":"product-type-simple"},"_links":{"self":[{"href":"https:\/\/uj.adatbank.ro\/lexikon\/wp-json\/wp\/v2\/product\/12687","targetHints":{"allow":["GET"]}}],"collection":[{"href":"https:\/\/uj.adatbank.ro\/lexikon\/wp-json\/wp\/v2\/product"}],"about":[{"href":"https:\/\/uj.adatbank.ro\/lexikon\/wp-json\/wp\/v2\/types\/product"}],"replies":[{"embeddable":true,"href":"https:\/\/uj.adatbank.ro\/lexikon\/wp-json\/wp\/v2\/comments?post=12687"}],"wp:attachment":[{"href":"https:\/\/uj.adatbank.ro\/lexikon\/wp-json\/wp\/v2\/media?parent=12687"}],"wp:term":[{"taxonomy":"product_brand","embeddable":true,"href":"https:\/\/uj.adatbank.ro\/lexikon\/wp-json\/wp\/v2\/product_brand?post=12687"},{"taxonomy":"product_cat","embeddable":true,"href":"https:\/\/uj.adatbank.ro\/lexikon\/wp-json\/wp\/v2\/product_cat?post=12687"},{"taxonomy":"product_tag","embeddable":true,"href":"https:\/\/uj.adatbank.ro\/lexikon\/wp-json\/wp\/v2\/product_tag?post=12687"}],"curies":[{"name":"wp","href":"https:\/\/api.w.org\/{rel}","templated":true}]}}