{"id":12688,"date":"2025-06-29T14:35:32","date_gmt":"2025-06-29T12:35:32","guid":{"rendered":"https:\/\/uj.adatbank.ro\/lexikon\/termek\/koronka-lajos-csittszentivanyi\/"},"modified":"2025-06-29T14:35:32","modified_gmt":"2025-06-29T12:35:32","slug":"koronka-lajos-csittszentivanyi","status":"publish","type":"product","link":"https:\/\/uj.adatbank.ro\/lexikon\/termek\/koronka-lajos-csittszentivanyi\/","title":{"rendered":"KORONKA Lajos, csittszentiv\u00e1nyi"},"content":{"rendered":"<p>? \u2020 ? : birtokos, sz\u00edn\u00e9sz, tiszt. \u2013 Sz\u00edn\u00e9sz (1810 k.), majd cs\u00e1sz\u00e1ri katona. R\u00e9sztvett a szabads\u00e1gharcban, sz\u00e9kely hat\u00e1r\u0151r tiszt, \u00e1tment a hov\u00e9ds\u00e9ghez (1848). Katon\u00e1ival elkis\u00e9rte az aranyossz\u00e9ki k\u00fcld\u00f6tts\u00e9get az agyagfalvi gy\u0171l\u00e9sre, a harcok ut\u00e1n hossz\u00fa fogs\u00e1got szenvedett. Ziegler ut\u00e1n \u00edrta A szerecseny l\u00e1ny c. sz\u00ednm\u0171vet, amelyet el\u0151adt\u00e1k Kv.-on, Mv.-en Pesten (1803\u20131804). \u2013 <strong>F. m.:<\/strong> A szerecsenle\u00e1ny vagyis a h\u00edvs\u00e9g jutalma. \u00c9rz\u00e9keny j\u00e1t\u00e9k (ford. Ziegler F. ut\u00e1n). <br \/><strong>Irod.:<\/strong> Rugonfalvi Kiss; Sch\u00f6pflin<\/br><\/p>\n","protected":false},"excerpt":{"rendered":"<p>? \u2020 ? : birtokos, sz\u00edn\u00e9sz, tiszt. \u2013 Sz\u00edn\u00e9sz (1810 k.), majd cs\u00e1sz\u00e1ri katona. R\u00e9sztvett a szabads\u00e1gharcban, sz\u00e9kely hat\u00e1r\u0151r tiszt, \u00e1tment a hov\u00e9ds\u00e9ghez (1848). Katon\u00e1ival elkis\u00e9rte az aranyossz\u00e9ki k\u00fcld\u00f6tts\u00e9get az agyagfalvi gy\u0171l\u00e9sre, a harcok ut\u00e1n hossz\u00fa fogs\u00e1got szenvedett. Ziegler ut\u00e1n \u00edrta A szerecseny l\u00e1ny c. sz\u00ednm\u0171vet, amelyet el\u0151adt\u00e1k Kv.-on, Mv.-en Pesten (1803\u20131804). \u2013 F. m.: [&hellip;]<\/p>\n","protected":false},"featured_media":0,"comment_status":"open","ping_status":"closed","template":"","meta":[],"product_brand":[],"product_cat":[137],"product_tag":[],"class_list":{"0":"post-12688","1":"product","2":"type-product","3":"status-publish","5":"product_cat-maros-megyei-eletrajzi-lexikon","7":"first","8":"instock","9":"shipping-taxable","10":"product-type-simple"},"_links":{"self":[{"href":"https:\/\/uj.adatbank.ro\/lexikon\/wp-json\/wp\/v2\/product\/12688","targetHints":{"allow":["GET"]}}],"collection":[{"href":"https:\/\/uj.adatbank.ro\/lexikon\/wp-json\/wp\/v2\/product"}],"about":[{"href":"https:\/\/uj.adatbank.ro\/lexikon\/wp-json\/wp\/v2\/types\/product"}],"replies":[{"embeddable":true,"href":"https:\/\/uj.adatbank.ro\/lexikon\/wp-json\/wp\/v2\/comments?post=12688"}],"wp:attachment":[{"href":"https:\/\/uj.adatbank.ro\/lexikon\/wp-json\/wp\/v2\/media?parent=12688"}],"wp:term":[{"taxonomy":"product_brand","embeddable":true,"href":"https:\/\/uj.adatbank.ro\/lexikon\/wp-json\/wp\/v2\/product_brand?post=12688"},{"taxonomy":"product_cat","embeddable":true,"href":"https:\/\/uj.adatbank.ro\/lexikon\/wp-json\/wp\/v2\/product_cat?post=12688"},{"taxonomy":"product_tag","embeddable":true,"href":"https:\/\/uj.adatbank.ro\/lexikon\/wp-json\/wp\/v2\/product_tag?post=12688"}],"curies":[{"name":"wp","href":"https:\/\/api.w.org\/{rel}","templated":true}]}}