{"id":12690,"date":"2025-06-29T14:35:36","date_gmt":"2025-06-29T12:35:36","guid":{"rendered":"https:\/\/uj.adatbank.ro\/lexikon\/termek\/koronka-marton-mezobergenyei\/"},"modified":"2025-06-29T14:35:36","modified_gmt":"2025-06-29T12:35:36","slug":"koronka-marton-mezobergenyei","status":"publish","type":"product","link":"https:\/\/uj.adatbank.ro\/lexikon\/termek\/koronka-marton-mezobergenyei\/","title":{"rendered":"KORONKA M\u00e1rton, mez\u0151bergenyei"},"content":{"rendered":"<p>1796.? \u2020 Mv., 1861. \u00e1pr. 6. Mez\u0151bergeny\u00e9be temett\u00e9k: p\u00e9nzt\u00e1rnok. \u2013 Feles\u00e9ge: Benk\u0151 \u00c1gnes. \u2013 Maros megye alisp\u00e1ni hivatal\u00e1ban p\u00e9nzt\u00e1ros (1849). <br \/><strong>Irod.:<\/strong> 1848\u20131849 Marossz\u00e9k; Gy\u00e1szjelent\u0151, P\u00e1l-Antal; P\u00e1l-Antal 2002<\/br><\/p>\n","protected":false},"excerpt":{"rendered":"<p>1796.? \u2020 Mv., 1861. \u00e1pr. 6. Mez\u0151bergeny\u00e9be temett\u00e9k: p\u00e9nzt\u00e1rnok. \u2013 Feles\u00e9ge: Benk\u0151 \u00c1gnes. \u2013 Maros megye alisp\u00e1ni hivatal\u00e1ban p\u00e9nzt\u00e1ros (1849). Irod.: 1848\u20131849 Marossz\u00e9k; Gy\u00e1szjelent\u0151, P\u00e1l-Antal; P\u00e1l-Antal 2002<\/p>\n","protected":false},"featured_media":0,"comment_status":"open","ping_status":"closed","template":"","meta":[],"product_brand":[],"product_cat":[137],"product_tag":[],"class_list":{"0":"post-12690","1":"product","2":"type-product","3":"status-publish","5":"product_cat-maros-megyei-eletrajzi-lexikon","7":"first","8":"instock","9":"shipping-taxable","10":"product-type-simple"},"_links":{"self":[{"href":"https:\/\/uj.adatbank.ro\/lexikon\/wp-json\/wp\/v2\/product\/12690","targetHints":{"allow":["GET"]}}],"collection":[{"href":"https:\/\/uj.adatbank.ro\/lexikon\/wp-json\/wp\/v2\/product"}],"about":[{"href":"https:\/\/uj.adatbank.ro\/lexikon\/wp-json\/wp\/v2\/types\/product"}],"replies":[{"embeddable":true,"href":"https:\/\/uj.adatbank.ro\/lexikon\/wp-json\/wp\/v2\/comments?post=12690"}],"wp:attachment":[{"href":"https:\/\/uj.adatbank.ro\/lexikon\/wp-json\/wp\/v2\/media?parent=12690"}],"wp:term":[{"taxonomy":"product_brand","embeddable":true,"href":"https:\/\/uj.adatbank.ro\/lexikon\/wp-json\/wp\/v2\/product_brand?post=12690"},{"taxonomy":"product_cat","embeddable":true,"href":"https:\/\/uj.adatbank.ro\/lexikon\/wp-json\/wp\/v2\/product_cat?post=12690"},{"taxonomy":"product_tag","embeddable":true,"href":"https:\/\/uj.adatbank.ro\/lexikon\/wp-json\/wp\/v2\/product_tag?post=12690"}],"curies":[{"name":"wp","href":"https:\/\/api.w.org\/{rel}","templated":true}]}}