{"id":12692,"date":"2025-06-29T14:35:41","date_gmt":"2025-06-29T12:35:41","guid":{"rendered":"https:\/\/uj.adatbank.ro\/lexikon\/termek\/koronka-pal\/"},"modified":"2025-06-29T14:35:41","modified_gmt":"2025-06-29T12:35:41","slug":"koronka-pal","status":"publish","type":"product","link":"https:\/\/uj.adatbank.ro\/lexikon\/termek\/koronka-pal\/","title":{"rendered":"KORONKA P\u00e1l"},"content":{"rendered":"<p>? \u2020 ? : ref. lelk\u00e9sz. \u2013 A cs\u00edkfalvi ref. egyh\u00e1zk\u00f6zs\u00e9g papja, dr. (1918\u20131940). \u00daj templomot \u00e9p\u00edtettek Cs\u00edkfalv\u00e1n (1927), a feladatot Torday Lajos \u00e9p\u00edt\u00e9sz \u00e9s \u00e9p\u00edtkez\u00e9si v\u00e1llalkoz\u00f3 teljes\u00edtette. <br \/><strong>Irod.:<\/strong> Cs\u00edkfalva<\/br><\/p>\n","protected":false},"excerpt":{"rendered":"<p>? \u2020 ? : ref. lelk\u00e9sz. \u2013 A cs\u00edkfalvi ref. egyh\u00e1zk\u00f6zs\u00e9g papja, dr. (1918\u20131940). \u00daj templomot \u00e9p\u00edtettek Cs\u00edkfalv\u00e1n (1927), a feladatot Torday Lajos \u00e9p\u00edt\u00e9sz \u00e9s \u00e9p\u00edtkez\u00e9si v\u00e1llalkoz\u00f3 teljes\u00edtette. Irod.: Cs\u00edkfalva<\/p>\n","protected":false},"featured_media":0,"comment_status":"open","ping_status":"closed","template":"","meta":[],"product_brand":[],"product_cat":[137],"product_tag":[],"class_list":{"0":"post-12692","1":"product","2":"type-product","3":"status-publish","5":"product_cat-maros-megyei-eletrajzi-lexikon","7":"first","8":"instock","9":"shipping-taxable","10":"product-type-simple"},"_links":{"self":[{"href":"https:\/\/uj.adatbank.ro\/lexikon\/wp-json\/wp\/v2\/product\/12692","targetHints":{"allow":["GET"]}}],"collection":[{"href":"https:\/\/uj.adatbank.ro\/lexikon\/wp-json\/wp\/v2\/product"}],"about":[{"href":"https:\/\/uj.adatbank.ro\/lexikon\/wp-json\/wp\/v2\/types\/product"}],"replies":[{"embeddable":true,"href":"https:\/\/uj.adatbank.ro\/lexikon\/wp-json\/wp\/v2\/comments?post=12692"}],"wp:attachment":[{"href":"https:\/\/uj.adatbank.ro\/lexikon\/wp-json\/wp\/v2\/media?parent=12692"}],"wp:term":[{"taxonomy":"product_brand","embeddable":true,"href":"https:\/\/uj.adatbank.ro\/lexikon\/wp-json\/wp\/v2\/product_brand?post=12692"},{"taxonomy":"product_cat","embeddable":true,"href":"https:\/\/uj.adatbank.ro\/lexikon\/wp-json\/wp\/v2\/product_cat?post=12692"},{"taxonomy":"product_tag","embeddable":true,"href":"https:\/\/uj.adatbank.ro\/lexikon\/wp-json\/wp\/v2\/product_tag?post=12692"}],"curies":[{"name":"wp","href":"https:\/\/api.w.org\/{rel}","templated":true}]}}