{"id":12694,"date":"2025-06-29T14:35:47","date_gmt":"2025-06-29T12:35:47","guid":{"rendered":"https:\/\/uj.adatbank.ro\/lexikon\/termek\/koronka-csikszentivani-csalad\/"},"modified":"2025-06-29T14:35:47","modified_gmt":"2025-06-29T12:35:47","slug":"koronka-csikszentivani-csalad","status":"publish","type":"product","link":"https:\/\/uj.adatbank.ro\/lexikon\/termek\/koronka-csikszentivani-csalad\/","title":{"rendered":"KORONKA, cs\u00edkszentiv\u00e1ni csal\u00e1d"},"content":{"rendered":"<p>L\u00f3f\u0151s\u00e9get 1655. jun. 28. K. Istv\u00e1n \u00e9s P\u00e9ter nyertek. L\u00e1szl\u00f3 1815-ben Aranyos -sz\u00e9k dullo biztosa; Lajos ugyanakkor a kamar\u00e1n\u00e1l hivatalnok, ut\u00f3bb 1844-ben a Szil\u00e1gyban kir. d\u00e9zm\u00e1s. J\u00f3zsef Csik-Kereszt\u00farott gymnasiumi tan\u00e1r. 1815\u20131848; L\u00e1szl\u00f3 1848. el\u0151tt Aranyossz\u00e9kben t\u00f6rv\u00e9nysz\u00e9ki \u00fcln\u00f6k, \u00e9s sz\u00e1mvev\u0151 biztos. Lajos 1848. el\u0151tt szint\u00e9n Aranyossz\u00e9kben t\u00f6rv\u00e9nysz\u00e9ki \u00fcln\u00f6k. M\u00e1rton birtokos. Antal toroczkai unit\u00e1rius lelk\u00e9sz \u00e9s esperes. <br \/><strong>Irod.:<\/strong> Kempelen; Nagy Iv\u00e1n<\/br><\/p>\n","protected":false},"excerpt":{"rendered":"<p>L\u00f3f\u0151s\u00e9get 1655. jun. 28. K. Istv\u00e1n \u00e9s P\u00e9ter nyertek. L\u00e1szl\u00f3 1815-ben Aranyos -sz\u00e9k dullo biztosa; Lajos ugyanakkor a kamar\u00e1n\u00e1l hivatalnok, ut\u00f3bb 1844-ben a Szil\u00e1gyban kir. d\u00e9zm\u00e1s. J\u00f3zsef Csik-Kereszt\u00farott gymnasiumi tan\u00e1r. 1815\u20131848; L\u00e1szl\u00f3 1848. el\u0151tt Aranyossz\u00e9kben t\u00f6rv\u00e9nysz\u00e9ki \u00fcln\u00f6k, \u00e9s sz\u00e1mvev\u0151 biztos. Lajos 1848. el\u0151tt szint\u00e9n Aranyossz\u00e9kben t\u00f6rv\u00e9nysz\u00e9ki \u00fcln\u00f6k. M\u00e1rton birtokos. Antal toroczkai unit\u00e1rius lelk\u00e9sz \u00e9s esperes. [&hellip;]<\/p>\n","protected":false},"featured_media":0,"comment_status":"open","ping_status":"closed","template":"","meta":[],"product_brand":[],"product_cat":[137],"product_tag":[],"class_list":{"0":"post-12694","1":"product","2":"type-product","3":"status-publish","5":"product_cat-maros-megyei-eletrajzi-lexikon","7":"first","8":"instock","9":"shipping-taxable","10":"product-type-simple"},"_links":{"self":[{"href":"https:\/\/uj.adatbank.ro\/lexikon\/wp-json\/wp\/v2\/product\/12694","targetHints":{"allow":["GET"]}}],"collection":[{"href":"https:\/\/uj.adatbank.ro\/lexikon\/wp-json\/wp\/v2\/product"}],"about":[{"href":"https:\/\/uj.adatbank.ro\/lexikon\/wp-json\/wp\/v2\/types\/product"}],"replies":[{"embeddable":true,"href":"https:\/\/uj.adatbank.ro\/lexikon\/wp-json\/wp\/v2\/comments?post=12694"}],"wp:attachment":[{"href":"https:\/\/uj.adatbank.ro\/lexikon\/wp-json\/wp\/v2\/media?parent=12694"}],"wp:term":[{"taxonomy":"product_brand","embeddable":true,"href":"https:\/\/uj.adatbank.ro\/lexikon\/wp-json\/wp\/v2\/product_brand?post=12694"},{"taxonomy":"product_cat","embeddable":true,"href":"https:\/\/uj.adatbank.ro\/lexikon\/wp-json\/wp\/v2\/product_cat?post=12694"},{"taxonomy":"product_tag","embeddable":true,"href":"https:\/\/uj.adatbank.ro\/lexikon\/wp-json\/wp\/v2\/product_tag?post=12694"}],"curies":[{"name":"wp","href":"https:\/\/api.w.org\/{rel}","templated":true}]}}