{"id":12697,"date":"2025-06-29T14:35:52","date_gmt":"2025-06-29T12:35:52","guid":{"rendered":"https:\/\/uj.adatbank.ro\/lexikon\/termek\/koros-istvan\/"},"modified":"2025-06-29T14:35:52","modified_gmt":"2025-06-29T12:35:52","slug":"koros-istvan","status":"publish","type":"product","link":"https:\/\/uj.adatbank.ro\/lexikon\/termek\/koros-istvan\/","title":{"rendered":"KOROS Istv\u00e1n"},"content":{"rendered":"<p>Debrecen, 1914., \u2020 ?: szab\u00f3. \u2013 Iskol\u00e1it Debrecenben v\u00e9gezte, az ipart Debrecenben \u00e9s Buk.-ben tanulta, ahol szab\u00e1szati akad\u00e9mi\u00e1t v\u00e9gzett, \u00e9s Mv.-en lett \u00f6n\u00e1ll\u00f3 (1939). M\u0171hely\u00e9ben katonai \u00e9s csend\u0151rs\u00e9gi ruh\u00e1kat is k\u00e9sz\u00edtett, de m\u00e9rt\u00e9kut\u00e1ni rendel\u00e9sre dolgozott. <br \/><strong>Irod.:<\/strong> Sz\u00e9kelyf\u00f6ld \u00ed. k.<\/br><\/p>\n","protected":false},"excerpt":{"rendered":"<p>Debrecen, 1914., \u2020 ?: szab\u00f3. \u2013 Iskol\u00e1it Debrecenben v\u00e9gezte, az ipart Debrecenben \u00e9s Buk.-ben tanulta, ahol szab\u00e1szati akad\u00e9mi\u00e1t v\u00e9gzett, \u00e9s Mv.-en lett \u00f6n\u00e1ll\u00f3 (1939). M\u0171hely\u00e9ben katonai \u00e9s csend\u0151rs\u00e9gi ruh\u00e1kat is k\u00e9sz\u00edtett, de m\u00e9rt\u00e9kut\u00e1ni rendel\u00e9sre dolgozott. Irod.: Sz\u00e9kelyf\u00f6ld \u00ed. k.<\/p>\n","protected":false},"featured_media":0,"comment_status":"open","ping_status":"closed","template":"","meta":[],"product_brand":[],"product_cat":[137],"product_tag":[],"class_list":{"0":"post-12697","1":"product","2":"type-product","3":"status-publish","5":"product_cat-maros-megyei-eletrajzi-lexikon","7":"first","8":"instock","9":"shipping-taxable","10":"product-type-simple"},"_links":{"self":[{"href":"https:\/\/uj.adatbank.ro\/lexikon\/wp-json\/wp\/v2\/product\/12697","targetHints":{"allow":["GET"]}}],"collection":[{"href":"https:\/\/uj.adatbank.ro\/lexikon\/wp-json\/wp\/v2\/product"}],"about":[{"href":"https:\/\/uj.adatbank.ro\/lexikon\/wp-json\/wp\/v2\/types\/product"}],"replies":[{"embeddable":true,"href":"https:\/\/uj.adatbank.ro\/lexikon\/wp-json\/wp\/v2\/comments?post=12697"}],"wp:attachment":[{"href":"https:\/\/uj.adatbank.ro\/lexikon\/wp-json\/wp\/v2\/media?parent=12697"}],"wp:term":[{"taxonomy":"product_brand","embeddable":true,"href":"https:\/\/uj.adatbank.ro\/lexikon\/wp-json\/wp\/v2\/product_brand?post=12697"},{"taxonomy":"product_cat","embeddable":true,"href":"https:\/\/uj.adatbank.ro\/lexikon\/wp-json\/wp\/v2\/product_cat?post=12697"},{"taxonomy":"product_tag","embeddable":true,"href":"https:\/\/uj.adatbank.ro\/lexikon\/wp-json\/wp\/v2\/product_tag?post=12697"}],"curies":[{"name":"wp","href":"https:\/\/api.w.org\/{rel}","templated":true}]}}