{"id":12698,"date":"2025-06-29T14:35:54","date_gmt":"2025-06-29T12:35:54","guid":{"rendered":"https:\/\/uj.adatbank.ro\/lexikon\/termek\/koros-sandor\/"},"modified":"2025-06-29T14:35:54","modified_gmt":"2025-06-29T12:35:54","slug":"koros-sandor","status":"publish","type":"product","link":"https:\/\/uj.adatbank.ro\/lexikon\/termek\/koros-sandor\/","title":{"rendered":"KOROS S\u00e1ndor"},"content":{"rendered":"<p>Mez\u0151harc\u00f3 (Maros), 1880., \u2020 ?: szab\u00f3, a mv.-i szab\u00f3iparos-szindik\u00e1tus aleln\u00f6ke. \u2013Iskol\u00e1i elv\u00e9gz\u00e9se ut\u00e1n kitanulta a szab\u00f3 mesters\u00e9get, B\u00e9csben szab\u00f3seg\u00e9d, Bp.-en, Pozsonyban, Szegeden el\u0151kel\u0151 c\u00e9gekn\u00e9l szab\u00e1sz, majd Debrecenben \u00f6n\u00e1ll\u00f3s\u00edtotta mag\u00e1t (1910). Mv.-en \u00f6n\u00e1ll\u00f3 szab\u00f3m\u0171helyt nyitott (1924\u2013). T\u00f6bb helybeli egyes\u00fclet tagja volt. Feles\u00e9ge Kakass Anna a helyi ref. n\u0151sz\u00f6vets\u00e9gn\u00e9l tev\u00e9kenykedett. <br \/><strong>Irod.:<\/strong> Ki kicsoda?<\/br><\/p>\n","protected":false},"excerpt":{"rendered":"<p>Mez\u0151harc\u00f3 (Maros), 1880., \u2020 ?: szab\u00f3, a mv.-i szab\u00f3iparos-szindik\u00e1tus aleln\u00f6ke. \u2013Iskol\u00e1i elv\u00e9gz\u00e9se ut\u00e1n kitanulta a szab\u00f3 mesters\u00e9get, B\u00e9csben szab\u00f3seg\u00e9d, Bp.-en, Pozsonyban, Szegeden el\u0151kel\u0151 c\u00e9gekn\u00e9l szab\u00e1sz, majd Debrecenben \u00f6n\u00e1ll\u00f3s\u00edtotta mag\u00e1t (1910). Mv.-en \u00f6n\u00e1ll\u00f3 szab\u00f3m\u0171helyt nyitott (1924\u2013). T\u00f6bb helybeli egyes\u00fclet tagja volt. Feles\u00e9ge Kakass Anna a helyi ref. n\u0151sz\u00f6vets\u00e9gn\u00e9l tev\u00e9kenykedett. Irod.: Ki kicsoda?<\/p>\n","protected":false},"featured_media":0,"comment_status":"open","ping_status":"closed","template":"","meta":[],"product_brand":[],"product_cat":[137],"product_tag":[],"class_list":{"0":"post-12698","1":"product","2":"type-product","3":"status-publish","5":"product_cat-maros-megyei-eletrajzi-lexikon","7":"first","8":"instock","9":"shipping-taxable","10":"product-type-simple"},"_links":{"self":[{"href":"https:\/\/uj.adatbank.ro\/lexikon\/wp-json\/wp\/v2\/product\/12698","targetHints":{"allow":["GET"]}}],"collection":[{"href":"https:\/\/uj.adatbank.ro\/lexikon\/wp-json\/wp\/v2\/product"}],"about":[{"href":"https:\/\/uj.adatbank.ro\/lexikon\/wp-json\/wp\/v2\/types\/product"}],"replies":[{"embeddable":true,"href":"https:\/\/uj.adatbank.ro\/lexikon\/wp-json\/wp\/v2\/comments?post=12698"}],"wp:attachment":[{"href":"https:\/\/uj.adatbank.ro\/lexikon\/wp-json\/wp\/v2\/media?parent=12698"}],"wp:term":[{"taxonomy":"product_brand","embeddable":true,"href":"https:\/\/uj.adatbank.ro\/lexikon\/wp-json\/wp\/v2\/product_brand?post=12698"},{"taxonomy":"product_cat","embeddable":true,"href":"https:\/\/uj.adatbank.ro\/lexikon\/wp-json\/wp\/v2\/product_cat?post=12698"},{"taxonomy":"product_tag","embeddable":true,"href":"https:\/\/uj.adatbank.ro\/lexikon\/wp-json\/wp\/v2\/product_tag?post=12698"}],"curies":[{"name":"wp","href":"https:\/\/api.w.org\/{rel}","templated":true}]}}