{"id":12699,"date":"2025-06-29T14:35:57","date_gmt":"2025-06-29T12:35:57","guid":{"rendered":"https:\/\/uj.adatbank.ro\/lexikon\/termek\/korosfoi-maron\/"},"modified":"2025-06-29T14:35:57","modified_gmt":"2025-06-29T12:35:57","slug":"korosfoi-maron","status":"publish","type":"product","link":"https:\/\/uj.adatbank.ro\/lexikon\/termek\/korosfoi-maron\/","title":{"rendered":"K\u0150R\u00d6SF\u0150I M\u00e1ron"},"content":{"rendered":"<p>? \u2020 ?: I R\u00e1k\u00f3czi Gy\u00f6rgyt\u0151l kapott nemess\u00e9get Segesv\u00e1ron (1639. febr. 6.). <br \/><strong>Irod.:<\/strong> \u00c1ld\u00e1ssy Antal : A Magyar Nemzeti M\u00fazeum K\u00f6nyvt\u00e1r\u00e1nak c\u00edmjegyz\u00e9ke 2. cimeres levelek (Bp., 1904\u201341)<\/br><\/p>\n","protected":false},"excerpt":{"rendered":"<p>? \u2020 ?: I R\u00e1k\u00f3czi Gy\u00f6rgyt\u0151l kapott nemess\u00e9get Segesv\u00e1ron (1639. febr. 6.). Irod.: \u00c1ld\u00e1ssy Antal : A Magyar Nemzeti M\u00fazeum K\u00f6nyvt\u00e1r\u00e1nak c\u00edmjegyz\u00e9ke 2. cimeres levelek (Bp., 1904\u201341)<\/p>\n","protected":false},"featured_media":0,"comment_status":"open","ping_status":"closed","template":"","meta":[],"product_brand":[],"product_cat":[137],"product_tag":[],"class_list":{"0":"post-12699","1":"product","2":"type-product","3":"status-publish","5":"product_cat-maros-megyei-eletrajzi-lexikon","7":"first","8":"instock","9":"shipping-taxable","10":"product-type-simple"},"_links":{"self":[{"href":"https:\/\/uj.adatbank.ro\/lexikon\/wp-json\/wp\/v2\/product\/12699","targetHints":{"allow":["GET"]}}],"collection":[{"href":"https:\/\/uj.adatbank.ro\/lexikon\/wp-json\/wp\/v2\/product"}],"about":[{"href":"https:\/\/uj.adatbank.ro\/lexikon\/wp-json\/wp\/v2\/types\/product"}],"replies":[{"embeddable":true,"href":"https:\/\/uj.adatbank.ro\/lexikon\/wp-json\/wp\/v2\/comments?post=12699"}],"wp:attachment":[{"href":"https:\/\/uj.adatbank.ro\/lexikon\/wp-json\/wp\/v2\/media?parent=12699"}],"wp:term":[{"taxonomy":"product_brand","embeddable":true,"href":"https:\/\/uj.adatbank.ro\/lexikon\/wp-json\/wp\/v2\/product_brand?post=12699"},{"taxonomy":"product_cat","embeddable":true,"href":"https:\/\/uj.adatbank.ro\/lexikon\/wp-json\/wp\/v2\/product_cat?post=12699"},{"taxonomy":"product_tag","embeddable":true,"href":"https:\/\/uj.adatbank.ro\/lexikon\/wp-json\/wp\/v2\/product_tag?post=12699"}],"curies":[{"name":"wp","href":"https:\/\/api.w.org\/{rel}","templated":true}]}}