{"id":12700,"date":"2025-06-29T14:35:58","date_gmt":"2025-06-29T12:35:58","guid":{"rendered":"https:\/\/uj.adatbank.ro\/lexikon\/termek\/korosfoi-kriesch-aladar-kriesch\/"},"modified":"2025-06-29T14:35:58","modified_gmt":"2025-06-29T12:35:58","slug":"korosfoi-kriesch-aladar-kriesch","status":"publish","type":"product","link":"https:\/\/uj.adatbank.ro\/lexikon\/termek\/korosfoi-kriesch-aladar-kriesch\/","title":{"rendered":"K\u00d6R\u00d6SF\u0150I-KRIESCH Alad\u00e1r; Kriesch"},"content":{"rendered":"<p>Buda, 1863. okt. 29., \u2020 Bp., 1920. j\u00fan 16.: fest\u0151- \u00e9s iparm\u0171v\u00e9sz. \u2013 A bp.-i Mintarajziskol\u00e1ban tanult, ahol Sz\u00e9kely Bertalan \u00e9s Lotz K\u00e1roly oktatta. Olaszorsz\u00e1gban folytatta atanulm\u00e1nyait. M\u0171v\u00e9\u00adszet\u00e9nek alapj\u00e1t akad\u00e9mista tanulm\u00e1nyai je\u00adlentik, melyekhez szervesen kapcsol\u00f3dik a plein air, majd a szecesszi\u00f3val p\u00e1rosult szim\u00adbolizmus meg\u00e9rt\u00e9se \u00e9s alkalmaz\u00e1sa. G\u00f6d\u00f6ll\u0151n telepedett le. R\u00e9szt vett a g\u00f6d\u00f6ll\u0151i m\u0171v\u00e9sztelep tagjainak erd\u00e9lyi gy\u0171jt\u0151\u00fatjain, ame\u00adlyek c\u00e9lja a n\u00e9pm\u0171v\u00e9szet t\u00e1rgyi eml\u00e9keinek felkutat\u00e1sa mellett Malonyay Dezs\u0151: A m. n\u00e9p m\u0171v\u00e9szete c. m\u0171ve erd\u00e9lyi k\u00f6tet\u00e9nek illusztr\u00e1\u00adl\u00e1s\u00e1hoz, az erd\u00e9lyi m. n\u00e9pm\u0171v\u00e9szet mot\u00edvumkincs\u00e9nek autentikus forr\u00e1son alapul\u00f3 megismer\u00e9se \u00e9s lejegyz\u00e9se volt. Bern\u00e1dy Gy\u00f6rgy megb\u00edz\u00e1s\u00e1b\u00f3l a mv.-i Kult\u00farpalota homlokzat\u00e1n az \u0151 rajzai alapj\u00e1n k\u00e9sz\u00fcltek a mozaiklapok, a nagy mozaik (H\u00f3dolat Hung\u00e1ria el\u0151tt) a k\u0151domborm\u0171vek, f\u00e9mdombor\u00edt\u00e1sok (a Ferenc J\u00f3zsef koron\u00e1z\u00e1s\u00e1t \u00e1br\u00e1zol\u00f3 domborm\u0171, a koncertterem f\u0151bej\u00e1rata f\u00f6l\u00f6tt l\u00e9v\u0151 falfel\u00fcleten), szobrok; az el\u0151csarnokban van k\u00e9t fresk\u00f3ja: T\u00e1ltosok k\u00f6rt\u00e1nca, Sz\u00e9kely mesemond\u00e1s (1907\u2013), falik\u00e9pek: K\u00e9t p\u00e1sztor, Kalotaszegi n\u0151k, A juh\u00e1sz, S\u00fajt\u00e1sos \u00f6lt\u00f6zet\u0171 f\u00e9rfiak, \u00c1ll\u00f3 csoportk\u00e9p lovakkal, Kocsagtollas f\u00e9rfi, Anya gyermek\u00e9vel, M\u00e1gly\u00e1n \u00fcl\u0151 n\u0151 (1912\u201313, Mv., Kult\u00farpalota). <br \/><strong>Irod.:<\/strong> Bern\u00e1dy eml\u00e9kiratok; B\u00f3nis Johanna: A koron\u00e1z\u00e1si domborm\u0171 a Kult\u00farpalot\u00e1ban (N\u00fa., 2006. m\u00e1rc. 3.); \u00c9ber; EMKK 2010; Guly\u00e1s Dorottya: Szobr\u00e1szok a magyarorsz\u00e1gi m\u0171v\u00e9sztelepeke a 20. sz\u00e1zad elej\u00e9n  =  T\u00e1gul\u00f3 horizont; Id\u0151t\u00e1r 2; Id\u0151t\u00e1r 3; Keresztes Gyula: Mv. szecesszi\u00f3s \u00e9p\u00fcletei (Mv., 2000); Keresztes Gyula: Szecesszi\u00f3 Mv.-en: 5.: K\u00f6zm\u0171vel\u0151d\u00e9si h\u00e1z 1\u20135. (N\u00fa., 1991. nov. 23.; 1991. dec. 7.; 1991. dec. 14.; 1992. jan. 4.; 1992. jan. 11.); K\u00f6zPont (2008. jan. 14\u201320.); \u2020K\u00f6r\u00f6sf\u0151i Kriesch Alad\u00e1r = K\u00f3s; Marosi Barna 1974; Marosi-Helikon; Mv.-i kult\u00farpalota 2013; Moln\u00e1r; Nagy S\u00e1ndor: K. A. It\u00e1li\u00e1ban  =  Lyka eml\u00e9kk.; Nagyjaink; RNL Szab\u00f3\u2013K\u00e1llai; Turisztikai kalauz; \u00daIL; \u00daM\u00c9L<\/br><\/p>\n","protected":false},"excerpt":{"rendered":"<p>Buda, 1863. okt. 29., \u2020 Bp., 1920. j\u00fan 16.: fest\u0151- \u00e9s iparm\u0171v\u00e9sz. \u2013 A bp.-i Mintarajziskol\u00e1ban tanult, ahol Sz\u00e9kely Bertalan \u00e9s Lotz K\u00e1roly oktatta. Olaszorsz\u00e1gban folytatta atanulm\u00e1nyait. M\u0171v\u00e9\u00adszet\u00e9nek alapj\u00e1t akad\u00e9mista tanulm\u00e1nyai je\u00adlentik, melyekhez szervesen kapcsol\u00f3dik a plein air, majd a szecesszi\u00f3val p\u00e1rosult szim\u00adbolizmus meg\u00e9rt\u00e9se \u00e9s alkalmaz\u00e1sa. G\u00f6d\u00f6ll\u0151n telepedett le. R\u00e9szt vett a g\u00f6d\u00f6ll\u0151i m\u0171v\u00e9sztelep tagjainak [&hellip;]<\/p>\n","protected":false},"featured_media":0,"comment_status":"open","ping_status":"closed","template":"","meta":[],"product_brand":[],"product_cat":[137],"product_tag":[],"class_list":{"0":"post-12700","1":"product","2":"type-product","3":"status-publish","5":"product_cat-maros-megyei-eletrajzi-lexikon","7":"first","8":"instock","9":"shipping-taxable","10":"product-type-simple"},"_links":{"self":[{"href":"https:\/\/uj.adatbank.ro\/lexikon\/wp-json\/wp\/v2\/product\/12700","targetHints":{"allow":["GET"]}}],"collection":[{"href":"https:\/\/uj.adatbank.ro\/lexikon\/wp-json\/wp\/v2\/product"}],"about":[{"href":"https:\/\/uj.adatbank.ro\/lexikon\/wp-json\/wp\/v2\/types\/product"}],"replies":[{"embeddable":true,"href":"https:\/\/uj.adatbank.ro\/lexikon\/wp-json\/wp\/v2\/comments?post=12700"}],"wp:attachment":[{"href":"https:\/\/uj.adatbank.ro\/lexikon\/wp-json\/wp\/v2\/media?parent=12700"}],"wp:term":[{"taxonomy":"product_brand","embeddable":true,"href":"https:\/\/uj.adatbank.ro\/lexikon\/wp-json\/wp\/v2\/product_brand?post=12700"},{"taxonomy":"product_cat","embeddable":true,"href":"https:\/\/uj.adatbank.ro\/lexikon\/wp-json\/wp\/v2\/product_cat?post=12700"},{"taxonomy":"product_tag","embeddable":true,"href":"https:\/\/uj.adatbank.ro\/lexikon\/wp-json\/wp\/v2\/product_tag?post=12700"}],"curies":[{"name":"wp","href":"https:\/\/api.w.org\/{rel}","templated":true}]}}