{"id":12703,"date":"2025-06-29T14:36:04","date_gmt":"2025-06-29T12:36:04","guid":{"rendered":"https:\/\/uj.adatbank.ro\/lexikon\/termek\/korosi-csoma-gyula\/"},"modified":"2025-06-29T14:36:04","modified_gmt":"2025-06-29T12:36:04","slug":"korosi-csoma-gyula","status":"publish","type":"product","link":"https:\/\/uj.adatbank.ro\/lexikon\/termek\/korosi-csoma-gyula\/","title":{"rendered":"K\u0150R\u00d6SI CSOMA Gyula"},"content":{"rendered":"<p>? \u2020 ?: polg\u00e1ri iskolaigazgat\u00f3. \u2013 K. CS. S\u00e1ndor oldal\u00e1gi lesz\u00e1rmazotta. Kezdem\u00e9nyezte a K\u0151r\u00f6si Csoma S\u00e1ndor szobor fel\u00e1ll\u00edt\u00e1s\u00e1t V\u00e1s\u00e1rhelyen (1942) \u00e9s r\u00e9szt vett a szobor hely\u00e9nek kijel\u00f6l\u00e9s\u00e9ben (1943). \u2013 <strong>F. m.:<\/strong> Eml\u00e9klapok a gr. Teleki csal\u00e1d t\u00f6rt\u00e9net\u00e9b\u0151l ( ?). <br \/><strong>Irod.:<\/strong> Id\u0151t\u00e1r 3; K\u00f6bl\u00f6s Zolt\u00e1n: Magyar csal\u00e1dt\u00f6rt\u00e9neti k\u00f6nyv\u00e9szet (1909)<\/br><\/p>\n","protected":false},"excerpt":{"rendered":"<p>? \u2020 ?: polg\u00e1ri iskolaigazgat\u00f3. \u2013 K. CS. S\u00e1ndor oldal\u00e1gi lesz\u00e1rmazotta. Kezdem\u00e9nyezte a K\u0151r\u00f6si Csoma S\u00e1ndor szobor fel\u00e1ll\u00edt\u00e1s\u00e1t V\u00e1s\u00e1rhelyen (1942) \u00e9s r\u00e9szt vett a szobor hely\u00e9nek kijel\u00f6l\u00e9s\u00e9ben (1943). \u2013 F. m.: Eml\u00e9klapok a gr. Teleki csal\u00e1d t\u00f6rt\u00e9net\u00e9b\u0151l ( ?). Irod.: Id\u0151t\u00e1r 3; K\u00f6bl\u00f6s Zolt\u00e1n: Magyar csal\u00e1dt\u00f6rt\u00e9neti k\u00f6nyv\u00e9szet (1909)<\/p>\n","protected":false},"featured_media":0,"comment_status":"open","ping_status":"closed","template":"","meta":[],"product_brand":[],"product_cat":[137],"product_tag":[],"class_list":{"0":"post-12703","1":"product","2":"type-product","3":"status-publish","5":"product_cat-maros-megyei-eletrajzi-lexikon","7":"first","8":"instock","9":"shipping-taxable","10":"product-type-simple"},"_links":{"self":[{"href":"https:\/\/uj.adatbank.ro\/lexikon\/wp-json\/wp\/v2\/product\/12703","targetHints":{"allow":["GET"]}}],"collection":[{"href":"https:\/\/uj.adatbank.ro\/lexikon\/wp-json\/wp\/v2\/product"}],"about":[{"href":"https:\/\/uj.adatbank.ro\/lexikon\/wp-json\/wp\/v2\/types\/product"}],"replies":[{"embeddable":true,"href":"https:\/\/uj.adatbank.ro\/lexikon\/wp-json\/wp\/v2\/comments?post=12703"}],"wp:attachment":[{"href":"https:\/\/uj.adatbank.ro\/lexikon\/wp-json\/wp\/v2\/media?parent=12703"}],"wp:term":[{"taxonomy":"product_brand","embeddable":true,"href":"https:\/\/uj.adatbank.ro\/lexikon\/wp-json\/wp\/v2\/product_brand?post=12703"},{"taxonomy":"product_cat","embeddable":true,"href":"https:\/\/uj.adatbank.ro\/lexikon\/wp-json\/wp\/v2\/product_cat?post=12703"},{"taxonomy":"product_tag","embeddable":true,"href":"https:\/\/uj.adatbank.ro\/lexikon\/wp-json\/wp\/v2\/product_tag?post=12703"}],"curies":[{"name":"wp","href":"https:\/\/api.w.org\/{rel}","templated":true}]}}