{"id":12704,"date":"2025-06-29T14:36:06","date_gmt":"2025-06-29T12:36:06","guid":{"rendered":"https:\/\/uj.adatbank.ro\/lexikon\/termek\/korosi-csoma-sandor-csoma-sandor\/"},"modified":"2025-06-29T14:36:06","modified_gmt":"2025-06-29T12:36:06","slug":"korosi-csoma-sandor-csoma-sandor","status":"publish","type":"product","link":"https:\/\/uj.adatbank.ro\/lexikon\/termek\/korosi-csoma-sandor-csoma-sandor\/","title":{"rendered":"K\u0150R\u00d6SI CSOMA S\u00e1ndor, Csoma S\u00e1ndor"},"content":{"rendered":"<p>K\u0151r\u00f6s, 1784. \u00e1pr. 4., \u2020 Darjeeling, (India), 1842. \u00e1pr. 11. nyelvtud\u00f3s, a tibeti filol\u00f3gia megalap\u00edt\u00f3ja, a MTA l. tagja. Versei: K. CS. S. tibeti dalai = A Mv.-en \u00e1ll\u00edtott\u00e1k fel a szobr\u00e1t (1943. szept. 26), Dab\u00f3czi Mih\u00e1ly \u00e9s Zsak\u00f3 K\u00e1lm\u00e1n k\u0151farag\u00f3 alkot\u00e1s\u00e1t, a K\u00f6zs\u00e9gi Polg\u00e1ri Fi\u00faiskola el\u0151tti t\u00e9ren. A szobrot k\u00e9s\u0151bb led\u00f6nt\u00f6tt\u00e9k, a k\u00f6z\u00fczemek udvar\u00e1n t\u00e1rolt\u00e1k, majd Kulcs\u00e1r B\u00e9la szobr\u00e1szm\u0171v\u00e9sz restaur\u00e1lta, \u00e1thelyezt\u00e9k a V\u00e1rs\u00e9t\u00e1ny fel\u0151li oldalra (1962). Mv.-en utca viseli a nev\u00e9t (1910\u20131920, 1941\u2013). <br \/><strong>Irod.:<\/strong> Bolyai J\u00e1nos \u00e9s K\u0151r\u00f6si Csoma S\u00e1ndor = Ol\u00e1h-G. R.: Bolyai \u2013 somm\u00e1zat; Doba \u00c9va: Aki nemzet\u00e9nek k\u00f6lcs\u0151j\u00e9t kereste: 240 \u00e9ve sz\u00fcletett K. Cs. S. = Erd\u00e9lyi Ref. Kal; Guly\u00e1s; Jakabos \u00d6d\u00f6n: Indiai \u00fatinapl\u00f3: K\u0151r\u00f6si Csoma S\u00e1ndor nyom\u00e1ban: Ut\u00f3sz\u00f3 G\u00e1lfalvi Gy\u00f6rgy (Buk., 1983); Koczi\u00e1ny; K\u0151r\u00f6si Csoma S\u00e1ndorra eml\u00e9keznek (Kr\u00f3nika, 2022. \u00e1pr. 8\u201310; Moln\u00e1r Vilmos \u2013Visky Andr\u00e1s: K\u0151r\u00f6si Csoma S\u00e1ndor csod\u00e1latos cselekedetei: Rendhagy\u00f3 legend\u00e1rium (Bp., 2022); Nemes Gyula: K. Cs. S. Mv.-en \u2013 A mv.-i K. Cs. S. \u2013 szobor t\u00f6rt\u00e9nete a korabeli helyi sajt\u00f3 t\u00fckr\u00e9ben; Ol\u00e1h-G\u00e1l R\u00f3bert: Kov\u00e1sznai T\u00f3th S\u00e1ndor (1730\u20131792) K. Cs. S. szellemi nagyapja = K\u0151r\u00f6si Csoma S\u00e1ndor tegnapi \u00e9s mai magyars\u00e1ga; K\u0151r\u00f6si Csoma S\u00e1ndor tibeti dalai = M\u00fazsa, M\u00e1th\u00e9 Levente; Mv. t\u00f6rt. 2.; Nemes 2020.; Erd\u00e9ly; Ol\u00e1h-G. R.: Bolyai \u2013 somm\u00e1zat; \u00d6tv\u00f6s J\u00f3zsef: Mv.-i szobrok: K. Cs. S. (\u00daj Kezdet, 4. sz., 2006. \u00e1pr.); Sebesty\u00e9n Mih\u00e1ly: Dab\u00f3czi\u00e1da (N\u00fa., Sz\u00ednes Vil\u00e1g, 13. sz., 2012. \u00e1pr. 2.); Sz\u00e1raz Mikl\u00f3s Gy\u00f6rgy; Sz\u00e9kelys\u00e9g t\u00f6rt.; Szentgy\u00f6rgyi; Tg. M. \u2013 Mv.; Zajzoni Ferenc: Mv.-en megvannak K. Cs S, k\u00f6nyvei (Magyar Nemzet, 1940. j\u00fan. 8.); Vigh<\/br><\/p>\n","protected":false},"excerpt":{"rendered":"<p>K\u0151r\u00f6s, 1784. \u00e1pr. 4., \u2020 Darjeeling, (India), 1842. \u00e1pr. 11. nyelvtud\u00f3s, a tibeti filol\u00f3gia megalap\u00edt\u00f3ja, a MTA l. tagja. Versei: K. CS. S. tibeti dalai = A Mv.-en \u00e1ll\u00edtott\u00e1k fel a szobr\u00e1t (1943. szept. 26), Dab\u00f3czi Mih\u00e1ly \u00e9s Zsak\u00f3 K\u00e1lm\u00e1n k\u0151farag\u00f3 alkot\u00e1s\u00e1t, a K\u00f6zs\u00e9gi Polg\u00e1ri Fi\u00faiskola el\u0151tti t\u00e9ren. A szobrot k\u00e9s\u0151bb led\u00f6nt\u00f6tt\u00e9k, a k\u00f6z\u00fczemek udvar\u00e1n [&hellip;]<\/p>\n","protected":false},"featured_media":0,"comment_status":"open","ping_status":"closed","template":"","meta":[],"product_brand":[],"product_cat":[137],"product_tag":[],"class_list":{"0":"post-12704","1":"product","2":"type-product","3":"status-publish","5":"product_cat-maros-megyei-eletrajzi-lexikon","7":"first","8":"instock","9":"shipping-taxable","10":"product-type-simple"},"_links":{"self":[{"href":"https:\/\/uj.adatbank.ro\/lexikon\/wp-json\/wp\/v2\/product\/12704","targetHints":{"allow":["GET"]}}],"collection":[{"href":"https:\/\/uj.adatbank.ro\/lexikon\/wp-json\/wp\/v2\/product"}],"about":[{"href":"https:\/\/uj.adatbank.ro\/lexikon\/wp-json\/wp\/v2\/types\/product"}],"replies":[{"embeddable":true,"href":"https:\/\/uj.adatbank.ro\/lexikon\/wp-json\/wp\/v2\/comments?post=12704"}],"wp:attachment":[{"href":"https:\/\/uj.adatbank.ro\/lexikon\/wp-json\/wp\/v2\/media?parent=12704"}],"wp:term":[{"taxonomy":"product_brand","embeddable":true,"href":"https:\/\/uj.adatbank.ro\/lexikon\/wp-json\/wp\/v2\/product_brand?post=12704"},{"taxonomy":"product_cat","embeddable":true,"href":"https:\/\/uj.adatbank.ro\/lexikon\/wp-json\/wp\/v2\/product_cat?post=12704"},{"taxonomy":"product_tag","embeddable":true,"href":"https:\/\/uj.adatbank.ro\/lexikon\/wp-json\/wp\/v2\/product_tag?post=12704"}],"curies":[{"name":"wp","href":"https:\/\/api.w.org\/{rel}","templated":true}]}}