{"id":12705,"date":"2025-06-29T14:36:10","date_gmt":"2025-06-29T12:36:10","guid":{"rendered":"https:\/\/uj.adatbank.ro\/lexikon\/termek\/korosi-gyorgy-mv-i-es-magyarpeterlaki\/"},"modified":"2025-06-29T14:36:10","modified_gmt":"2025-06-29T12:36:10","slug":"korosi-gyorgy-mv-i-es-magyarpeterlaki","status":"publish","type":"product","link":"https:\/\/uj.adatbank.ro\/lexikon\/termek\/korosi-gyorgy-mv-i-es-magyarpeterlaki\/","title":{"rendered":"K\u0150R\u00d6SI Gy\u00f6rgy, mv.-i \u00e9s magyarp\u00e9terlaki"},"content":{"rendered":"<p>Magyarp\u00e9terlaka, 1876., \u2020 ? : f\u00f6szolgab\u00edr\u00f3. \u2013K\u00f6z\u00e9piskol\u00e1it Mv.-en, az egyetemet Kv.-on v\u00e9gezte. El\u0151bb saj\u00e1t birtok\u00e1n gazd\u00e1lkodott, majd Maros-Torda v\u00e1rmegy\u00e9ben k\u00f6zigazgat\u00e1si gyakornok megv\u00e1lasztott\u00e1k szolgab\u00edr\u00f3nak (1901\u20131919), ekkor kitett\u00e9k \u00e1ll\u00e1s\u00e1b\u00f3l \u00e9s Magyarp\u00e9terlak\u00e1n gazd\u00e1lkodott (\u20131936), 200 holdas csal\u00e1di birtok\u00e1b\u00f3l elvettek 130 holdat ; ezut\u00e1n Sz\u00e1szr\u00e9genbe k\u00f6lt\u00f6z\u00f6tt. A magyar \u00fcgyek lelkes t\u00e1mogat\u00f3ja, a g\u00f6rg\u00e9nyi ref. egyh\u00e1z gondnoka volt,., a ref. iskol\u00e1k fennmarad\u00e1sa \u00e9rdekeb\u00e9ben sokat f\u00e1radozott. <br \/><strong>Irod.:<\/strong> Sz\u00e9kelyf\u00f6ld \u00ed. k.<\/br><\/p>\n","protected":false},"excerpt":{"rendered":"<p>Magyarp\u00e9terlaka, 1876., \u2020 ? : f\u00f6szolgab\u00edr\u00f3. \u2013K\u00f6z\u00e9piskol\u00e1it Mv.-en, az egyetemet Kv.-on v\u00e9gezte. El\u0151bb saj\u00e1t birtok\u00e1n gazd\u00e1lkodott, majd Maros-Torda v\u00e1rmegy\u00e9ben k\u00f6zigazgat\u00e1si gyakornok megv\u00e1lasztott\u00e1k szolgab\u00edr\u00f3nak (1901\u20131919), ekkor kitett\u00e9k \u00e1ll\u00e1s\u00e1b\u00f3l \u00e9s Magyarp\u00e9terlak\u00e1n gazd\u00e1lkodott (\u20131936), 200 holdas csal\u00e1di birtok\u00e1b\u00f3l elvettek 130 holdat ; ezut\u00e1n Sz\u00e1szr\u00e9genbe k\u00f6lt\u00f6z\u00f6tt. A magyar \u00fcgyek lelkes t\u00e1mogat\u00f3ja, a g\u00f6rg\u00e9nyi ref. egyh\u00e1z gondnoka volt,., a ref. [&hellip;]<\/p>\n","protected":false},"featured_media":0,"comment_status":"open","ping_status":"closed","template":"","meta":[],"product_brand":[],"product_cat":[137],"product_tag":[],"class_list":{"0":"post-12705","1":"product","2":"type-product","3":"status-publish","5":"product_cat-maros-megyei-eletrajzi-lexikon","7":"first","8":"instock","9":"shipping-taxable","10":"product-type-simple"},"_links":{"self":[{"href":"https:\/\/uj.adatbank.ro\/lexikon\/wp-json\/wp\/v2\/product\/12705","targetHints":{"allow":["GET"]}}],"collection":[{"href":"https:\/\/uj.adatbank.ro\/lexikon\/wp-json\/wp\/v2\/product"}],"about":[{"href":"https:\/\/uj.adatbank.ro\/lexikon\/wp-json\/wp\/v2\/types\/product"}],"replies":[{"embeddable":true,"href":"https:\/\/uj.adatbank.ro\/lexikon\/wp-json\/wp\/v2\/comments?post=12705"}],"wp:attachment":[{"href":"https:\/\/uj.adatbank.ro\/lexikon\/wp-json\/wp\/v2\/media?parent=12705"}],"wp:term":[{"taxonomy":"product_brand","embeddable":true,"href":"https:\/\/uj.adatbank.ro\/lexikon\/wp-json\/wp\/v2\/product_brand?post=12705"},{"taxonomy":"product_cat","embeddable":true,"href":"https:\/\/uj.adatbank.ro\/lexikon\/wp-json\/wp\/v2\/product_cat?post=12705"},{"taxonomy":"product_tag","embeddable":true,"href":"https:\/\/uj.adatbank.ro\/lexikon\/wp-json\/wp\/v2\/product_tag?post=12705"}],"curies":[{"name":"wp","href":"https:\/\/api.w.org\/{rel}","templated":true}]}}