{"id":12706,"date":"2025-06-29T14:36:12","date_gmt":"2025-06-29T12:36:12","guid":{"rendered":"https:\/\/uj.adatbank.ro\/lexikon\/termek\/korosi-gyorgy-georgius-vasarhelyi\/"},"modified":"2025-06-29T14:36:12","modified_gmt":"2025-06-29T12:36:12","slug":"korosi-gyorgy-georgius-vasarhelyi","status":"publish","type":"product","link":"https:\/\/uj.adatbank.ro\/lexikon\/termek\/korosi-gyorgy-georgius-vasarhelyi\/","title":{"rendered":"K\u0150R\u00d6SI Gy\u00f6rgy; Georgius, v\u00e1s\u00e1rhelyi"},"content":{"rendered":"<p>Mv., 1699., \u2020 K\u00fck\u00fcll\u0151v\u00e1r, 1766.: ref. elk\u00e9sz. \u2013 Subscrib\u00e1lt Enyeden (1717). Rektor volt Sz\u00e1szv\u00e1roson (1722\u201325). Z\u00fcrichben (1726), Genfben (1727), Bernben \u00e9s Baselben peregrin\u00e1lt. Az et\u00e9di zsinaton K\u00fck\u00fcll\u0151v\u00e1r papj\u00e1nak nevezt\u00e9k ki (1729\u201339), lelk\u00e9sz volt H\u00e9derf\u00e1j\u00e1n (1737\u2013), Magyarkir\u00e1lyfalv\u00e1n (1739\u201348), ism\u00e9t K\u00fck\u00fcll\u0151v\u00e1ron hal\u00e1l\u00e1ig (1748\u201356\u201366); a k\u00fck\u00fcll\u0151i egyh\u00e1zmegye esperese hal\u00e1l\u00e1ig (1737\u201366). <br \/><strong>Irod.:<\/strong> K\u00fck\u00fcll\u0151i Ref. Egyh\u00e1zm. 1., 2. 3.; Szab\u00f3\u2013Sz\u00f6gi; Zov\u00e1nyi<\/br><\/p>\n","protected":false},"excerpt":{"rendered":"<p>Mv., 1699., \u2020 K\u00fck\u00fcll\u0151v\u00e1r, 1766.: ref. elk\u00e9sz. \u2013 Subscrib\u00e1lt Enyeden (1717). Rektor volt Sz\u00e1szv\u00e1roson (1722\u201325). Z\u00fcrichben (1726), Genfben (1727), Bernben \u00e9s Baselben peregrin\u00e1lt. Az et\u00e9di zsinaton K\u00fck\u00fcll\u0151v\u00e1r papj\u00e1nak nevezt\u00e9k ki (1729\u201339), lelk\u00e9sz volt H\u00e9derf\u00e1j\u00e1n (1737\u2013), Magyarkir\u00e1lyfalv\u00e1n (1739\u201348), ism\u00e9t K\u00fck\u00fcll\u0151v\u00e1ron hal\u00e1l\u00e1ig (1748\u201356\u201366); a k\u00fck\u00fcll\u0151i egyh\u00e1zmegye esperese hal\u00e1l\u00e1ig (1737\u201366). Irod.: K\u00fck\u00fcll\u0151i Ref. Egyh\u00e1zm. 1., 2. 3.; Szab\u00f3\u2013Sz\u00f6gi; [&hellip;]<\/p>\n","protected":false},"featured_media":0,"comment_status":"open","ping_status":"closed","template":"","meta":[],"product_brand":[],"product_cat":[137],"product_tag":[],"class_list":{"0":"post-12706","1":"product","2":"type-product","3":"status-publish","5":"product_cat-maros-megyei-eletrajzi-lexikon","7":"first","8":"instock","9":"shipping-taxable","10":"product-type-simple"},"_links":{"self":[{"href":"https:\/\/uj.adatbank.ro\/lexikon\/wp-json\/wp\/v2\/product\/12706","targetHints":{"allow":["GET"]}}],"collection":[{"href":"https:\/\/uj.adatbank.ro\/lexikon\/wp-json\/wp\/v2\/product"}],"about":[{"href":"https:\/\/uj.adatbank.ro\/lexikon\/wp-json\/wp\/v2\/types\/product"}],"replies":[{"embeddable":true,"href":"https:\/\/uj.adatbank.ro\/lexikon\/wp-json\/wp\/v2\/comments?post=12706"}],"wp:attachment":[{"href":"https:\/\/uj.adatbank.ro\/lexikon\/wp-json\/wp\/v2\/media?parent=12706"}],"wp:term":[{"taxonomy":"product_brand","embeddable":true,"href":"https:\/\/uj.adatbank.ro\/lexikon\/wp-json\/wp\/v2\/product_brand?post=12706"},{"taxonomy":"product_cat","embeddable":true,"href":"https:\/\/uj.adatbank.ro\/lexikon\/wp-json\/wp\/v2\/product_cat?post=12706"},{"taxonomy":"product_tag","embeddable":true,"href":"https:\/\/uj.adatbank.ro\/lexikon\/wp-json\/wp\/v2\/product_tag?post=12706"}],"curies":[{"name":"wp","href":"https:\/\/api.w.org\/{rel}","templated":true}]}}